{"id":19745,"date":"2024-03-04T21:36:39","date_gmt":"2024-03-04T19:36:39","guid":{"rendered":"https:\/\/www.storycraft.ro\/shop\/?post_type=product&#038;p=19745"},"modified":"2024-04-05T10:06:21","modified_gmt":"2024-04-05T07:06:21","slug":"pachetul-secrets","status":"publish","type":"product","link":"https:\/\/www.storycraft.ro\/shop\/pachetul-secrets\/","title":{"rendered":"Pachetul Secrets"},"content":{"rendered":"<p><span style=\"color: #000000;\"><strong>Pachetul con\u021bine urm\u0103toarele c\u0103r\u021bi:<\/strong><\/span><\/p>\n<ol>\n<li><span style=\"color: #000000;\">Cartea \u201c\u00cen umbra tr\u0103d\u0103rii\u201d, de \u0218tefana Chels\u0103u<\/span><\/li>\n<li><span style=\"color: #000000;\">Cartea \u201cPe urmele mele\u201d, de Cristina Jianu-Dobrescu<\/span><\/li>\n<\/ol>\n<hr \/>\n<h3><span style=\"color: #000000;\"><strong>Cartea \u201c\u00cen umbra tr\u0103d\u0103rii\u201d, de \u0218tefana Chels\u0103u:<\/strong><\/span><\/h3>\n<ul>\n<li><span style=\"color: #000000;\"><strong>Genul:<\/strong>\u00a0Fic\u021biune realist\u0103, psihologic<\/span><\/li>\n<li><span style=\"color: #000000;\"><strong>Editura:<\/strong>\u00a0StoryCraft Publishing<\/span><\/li>\n<li><span style=\"color: #000000;\"><strong>Cod ISBN:<\/strong>978-606-95757-3-4<\/span><\/li>\n<li><span style=\"color: #000000;\"><strong>Format:<\/strong>\u00a012,5 * 19,5 cm<\/span><\/li>\n<li><span style=\"color: #000000;\"><strong>Coperta:<\/strong>\u00a0bro\u0219at\u0103<\/span><\/li>\n<li><span style=\"color: #000000;\"><strong>Nr. pagini la interior:<\/strong>\u00a0312<\/span><\/li>\n<\/ul>\n<div class=\"woocommerce-product-details__short-description\">\n<p><span style=\"color: #000000;\">Ema este un medic renumit, care \u0219i-a dedicat toat\u0103 via\u021ba micilor s\u0103i pacien\u021bi din Spitalul de Pediatrie. Prefer\u0103 s\u0103 fie c\u0103s\u0103torit\u0103 cu munca deoarece \u00eencrederea \u00een b\u0103rba\u021bi i-a pierit complet cu zece ani \u00een urm\u0103, atunci c\u00e2nd Paul, fostul ei logodnic, a \u00een\u0219elat-o cu cea mai bun\u0103 prieten\u0103. Dac\u0103 ar fi s\u0103-\u0219i pun\u0103 o singur\u0103 dorin\u021b\u0103, ar vrea s\u0103 nu mai dea ochii cu el niciodat\u0103.<\/span><\/p>\n<p><span style=\"color: #000000;\">\u00cens\u0103 niciodat\u0103 vine mai repede dec\u00e2t s-ar a\u0219tepta ea, atunci c\u00e2nd Paul \u0219i actuala lui so\u021bie o contacteaz\u0103 \u00eentr-o situa\u021bie disperat\u0103. Feti\u021ba lor este foarte bolnav\u0103 \u0219i ea reprezint\u0103 ultima lor speran\u021b\u0103. Ar putea Ema s\u0103-\u0219i dep\u0103\u0219easc\u0103 resentimentele \u0219i s\u0103 treac\u0103 peste cele mai dureroase amintiri? Poate c\u0103 da, dac\u0103 n-ar fi \u0219i un secret uria\u0219 la mijloc. Un secret care, odat\u0103 descoperit, i-ar putea distruge\u00a0via\u021ba.<\/span><\/p>\n<\/div>\n<hr \/>\n<h3><span style=\"color: #000000;\"><strong>Cartea \u201cPe urmele mele\u201d <\/strong>de Cristina Jianu-Dobrescu:<\/span><\/h3>\n<ul>\n<li><span style=\"color: #000000;\"><strong>Genul:<\/strong>\u00a0Dragoste<\/span><\/li>\n<li><span style=\"color: #000000;\"><strong>Editura:<\/strong>\u00a0StoryCraft Publishing<\/span><\/li>\n<li><span style=\"color: #000000;\"><strong>Cod ISBN:<\/strong>978-606-95757-4-1<\/span><\/li>\n<li><span style=\"color: #000000;\"><strong>Format:<\/strong>\u00a012,5 * 19,5 cm<\/span><\/li>\n<li><span style=\"color: #000000;\"><strong>Coperta:<\/strong>\u00a0bro\u0219at\u0103<\/span><\/li>\n<li><span style=\"color: #000000;\"><strong>Nr. pagini la interior:<\/strong>\u00a0336<\/span><\/li>\n<\/ul>\n<p><span style=\"color: #000000;\">Fuga lui Kerra de trecutul ei violent o aduce \u00een Preston, un or\u0103\u0219el lini\u0219tit din Marea Britanie, acolo unde sper\u0103 s\u0103-\u0219i g\u0103seasc\u0103 lini\u0219tea printre necunoscu\u021bi.<\/span><br \/>\n<span style=\"color: #000000;\">Atunci c\u00e2nd \u00eel \u00eent\u00e2lne\u0219te pe Kevin, un b\u0103rbat atractiv ce \u00ee\u0219i poart\u0103 propriile lupte cu trecutul, se simte \u00een siguran\u021b\u0103 pentru prima oar\u0103 dup\u0103 mult timp. De\u0219i reticent\u0103 la \u00eenceput, zidurile ei \u00eencep s\u0103 cad\u0103 unul c\u00e2te unul, p\u00e2n\u0103 c\u00e2nd \u00ee\u0219i d\u0103 seama c\u0103 e \u00eendr\u0103gostit\u0103 irevocabil \u0219i \u00eencepe s\u0103 spere la un viitor al\u0103turi de el.<\/span><\/p>\n<p><span style=\"color: #000000;\">Cu toate acestea, rela\u021bia ei al\u0103turi de Kevin vine cu un pre\u021b uria\u0219, pe care nu \u0219tie dac\u0103 poate s\u0103-l pl\u0103teasc\u0103. Un singur moment de relaxare \u0219i trecutul ei cel \u00eentunecat pare c\u0103 o ajunge din urm\u0103.Pentru c\u0103 atunci c\u00e2nd fugi de un b\u0103rbat care vrea s\u0103 te omoare, nu \u00ee\u021bi permi\u021bi s\u0103 la\u0219i garda jos \u0219i s\u0103 te \u00eendr\u0103goste\u0219ti de altul!<\/span><\/p>\n","protected":false},"excerpt":{"rendered":"<p><span style=\"color: #000000;\"><strong>Pachetul con\u021bine urm\u0103toarele c\u0103r\u021bi:<\/strong><\/span><\/p>\n<ol>\n<li><span style=\"color: #000000;\">Cartea \u201c\u00cen umbra tr\u0103d\u0103rii\u201d, de \u0218tefana Chels\u0103u<\/span><\/li>\n<li><span style=\"color: #000000;\">Cartea \u201cPe urmele mele\u201d, de Cristina Jianu-Dobrescu<\/span><\/li>\n<li style=\"list-style-type: none;\"><\/li>\n<\/ol>\n","protected":false},"featured_media":20291,"template":"","meta":{"_acf_changed":false},"product_brand":[],"product_cat":[261],"product_tag":[311],"class_list":{"0":"post-19745","1":"product","2":"type-product","3":"status-publish","4":"has-post-thumbnail","6":"product_cat-pachete","7":"product_tag-pachete","8":"pa_autori-cristina-dobrescu","9":"pa_autori-stefana-chelsau","11":"first","12":"instock","13":"sale","14":"taxable","15":"shipping-taxable","16":"purchasable","17":"product-type-simple"},"acf":[],"aioseo_notices":[],"_links":{"self":[{"href":"https:\/\/www.storycraft.ro\/shop\/wp-json\/wp\/v2\/product\/19745","targetHints":{"allow":["GET"]}}],"collection":[{"href":"https:\/\/www.storycraft.ro\/shop\/wp-json\/wp\/v2\/product"}],"about":[{"href":"https:\/\/www.storycraft.ro\/shop\/wp-json\/wp\/v2\/types\/product"}],"wp:featuredmedia":[{"embeddable":true,"href":"https:\/\/www.storycraft.ro\/shop\/wp-json\/wp\/v2\/media\/20291"}],"wp:attachment":[{"href":"https:\/\/www.storycraft.ro\/shop\/wp-json\/wp\/v2\/media?parent=19745"}],"wp:term":[{"taxonomy":"product_brand","embeddable":true,"href":"https:\/\/www.storycraft.ro\/shop\/wp-json\/wp\/v2\/product_brand?post=19745"},{"taxonomy":"product_cat","embeddable":true,"href":"https:\/\/www.storycraft.ro\/shop\/wp-json\/wp\/v2\/product_cat?post=19745"},{"taxonomy":"product_tag","embeddable":true,"href":"https:\/\/www.storycraft.ro\/shop\/wp-json\/wp\/v2\/product_tag?post=19745"}],"curies":[{"name":"wp","href":"https:\/\/api.w.org\/{rel}","templated":true}]}}