{"id":19753,"date":"2024-03-04T22:58:18","date_gmt":"2024-03-04T20:58:18","guid":{"rendered":"https:\/\/www.storycraft.ro\/shop\/?post_type=product&#038;p=19753"},"modified":"2025-01-13T19:16:57","modified_gmt":"2025-01-13T17:16:57","slug":"in-umbra-tradarii","status":"publish","type":"product","link":"https:\/\/www.storycraft.ro\/shop\/in-umbra-tradarii\/","title":{"rendered":"\u00cen umbra tr\u0103d\u0103rii"},"content":{"rendered":"<p><span style=\"color: #000000;\"><strong>Ema este un medic renumit<\/strong>, care \u0219i-a dedicat toat\u0103 via\u021ba micilor s\u0103i pacien\u021bi din Spitalul de Pediatrie. Prefer\u0103 s\u0103 fie c\u0103s\u0103torit\u0103 cu munca deoarece \u00eencrederea \u00een b\u0103rba\u021bi i-a pierit complet cu zece ani \u00een urm\u0103, atunci c\u00e2nd Paul, fostul ei logodnic, a \u00een\u0219elat-o cu cea mai bun\u0103 prieten\u0103. Dac\u0103 ar fi s\u0103-\u0219i pun\u0103 o singur\u0103 dorin\u021b\u0103, ar vrea s\u0103 nu mai dea ochii cu el niciodat\u0103.<\/span><\/p>\n<p><span style=\"color: #000000;\"><strong>\u00cens\u0103 niciodat\u0103 vine mai repede dec\u00e2t s-ar a\u0219tepta ea<\/strong>, atunci c\u00e2nd Paul \u0219i actuala lui so\u021bie o contacteaz\u0103 \u00eentr-o situa\u021bie disperat\u0103. Feti\u021ba lor este foarte bolnav\u0103 \u0219i ea reprezint\u0103 ultima lor speran\u021b\u0103. Ar putea Ema s\u0103-\u0219i dep\u0103\u0219easc\u0103 resentimentele \u0219i s\u0103 treac\u0103 peste cele mai dureroase amintiri? Poate c\u0103 da, dac\u0103 n-ar fi \u0219i un secret uria\u0219 la mijloc. Un secret care, odat\u0103 descoperit, i-ar putea distruge\u00a0via\u021ba.<\/span><\/p>\n","protected":false},"excerpt":{"rendered":"<ul>\n<li><span style=\"color: #000000;\"><strong>Genul:<\/strong> Fic\u021biune realist\u0103, psihologic<\/span><\/li>\n<li><span style=\"color: #000000;\"><strong>Editura:<\/strong>\u00a0StoryCraft Publishing<\/span><\/li>\n<li><span style=\"color: #000000;\"><strong>Cod ISBN:<\/strong>978-606-95757-3-4<\/span><\/li>\n<li><span style=\"color: #000000;\"><strong>Format:<\/strong> 12,5 * 19,5 cm<\/span><\/li>\n<li><span style=\"color: #000000;\"><strong>Coperta:<\/strong>\u00a0bro\u0219at\u0103<\/span><\/li>\n<li><span style=\"color: #000000;\"><strong>Nr. pagini la interior:<\/strong> 312<\/span><\/li>\n<\/ul>\n<p>&nbsp;<\/p>\n","protected":false},"featured_media":27209,"template":"","meta":{"_acf_changed":false},"product_brand":[],"product_cat":[281],"product_tag":[312],"class_list":{"0":"post-19753","1":"product","2":"type-product","3":"status-publish","4":"has-post-thumbnail","6":"product_cat-contemporan","7":"product_tag-produse-individuale","8":"pa_autori-stefana-chelsau","10":"first","11":"instock","12":"sale","13":"taxable","14":"shipping-taxable","15":"purchasable","16":"product-type-simple"},"acf":[],"aioseo_notices":[],"_links":{"self":[{"href":"https:\/\/www.storycraft.ro\/shop\/wp-json\/wp\/v2\/product\/19753","targetHints":{"allow":["GET"]}}],"collection":[{"href":"https:\/\/www.storycraft.ro\/shop\/wp-json\/wp\/v2\/product"}],"about":[{"href":"https:\/\/www.storycraft.ro\/shop\/wp-json\/wp\/v2\/types\/product"}],"wp:featuredmedia":[{"embeddable":true,"href":"https:\/\/www.storycraft.ro\/shop\/wp-json\/wp\/v2\/media\/27209"}],"wp:attachment":[{"href":"https:\/\/www.storycraft.ro\/shop\/wp-json\/wp\/v2\/media?parent=19753"}],"wp:term":[{"taxonomy":"product_brand","embeddable":true,"href":"https:\/\/www.storycraft.ro\/shop\/wp-json\/wp\/v2\/product_brand?post=19753"},{"taxonomy":"product_cat","embeddable":true,"href":"https:\/\/www.storycraft.ro\/shop\/wp-json\/wp\/v2\/product_cat?post=19753"},{"taxonomy":"product_tag","embeddable":true,"href":"https:\/\/www.storycraft.ro\/shop\/wp-json\/wp\/v2\/product_tag?post=19753"}],"curies":[{"name":"wp","href":"https:\/\/api.w.org\/{rel}","templated":true}]}}