{"id":20230,"date":"2024-04-01T11:05:46","date_gmt":"2024-04-01T08:05:46","guid":{"rendered":"https:\/\/www.storycraft.ro\/shop\/?post_type=product&#038;p=20230"},"modified":"2026-05-06T11:03:58","modified_gmt":"2026-05-06T08:03:58","slug":"pachetul-complet","status":"publish","type":"product","link":"https:\/\/www.storycraft.ro\/shop\/pachetul-complet\/","title":{"rendered":"Pachetul Complet"},"content":{"rendered":"<p><span style=\"color: #000000;\"><strong>Pachetul Complet con\u021bine o selec\u021bie de c\u0103r\u021bi din fiecare gen, perfect\u0103 pentru toate preferin\u021bele literare:<\/strong><\/span><\/p>\n<ol>\n<li><span style=\"color: #000000;\">Cartea &#8220;Atingeri de Vanilie&#8221;, de Daniela Dumitru<\/span><\/li>\n<li><span style=\"color: #000000;\">Cartea \u201cB\u0103ie\u021belul care nu a primit cadou\u201d, de Alexandra Bulac<\/span><\/li>\n<li><span style=\"color: #000000;\">Cartea &#8220;Ultimul Blestem al Camelotului&#8221;, de Raul Pacea<\/span><\/li>\n<li><span style=\"color: #000000;\">Cartea &#8220;Un \u00eenger dec\u0103zut&#8221;, de C\u0103t\u0103lin Ioni\u021b\u0103<\/span><\/li>\n<li><span style=\"color: #000000;\">Cartea \u201cLiceul 13\u201d, de Radu Octavian<\/span><\/li>\n<li><span style=\"color: #000000;\">Cartea \u201cULTRA\u201d, de Ioana Precup<\/span><\/li>\n<li><span style=\"color: #000000;\">Cartea \u201cNici urm\u0103 de el\u201d, de \u0218tefana Chels\u0103u<\/span><\/li>\n<li>Cartea \u201d1924. R\u0103zboiul care a \u021binut 3 zile\u201d de Andrei \u021aig\u0103na\u0219<\/li>\n<li>Cartea \u201dInutilii\u201d de Cornelia Voiculescu<\/li>\n<li>Cartea \u201dB\u0103t\u0103lia de la Socola\u201d de C\u0103t\u0103lin Ioni\u021b\u0103<\/li>\n<\/ol>\n<p>&nbsp;<\/p>\n","protected":false},"excerpt":{"rendered":"<p><span style=\"color: #000000;\"><strong>Pachetul Complet con\u021bine o selec\u021bie de c\u0103r\u021bi din fiecare gen, perfect\u0103 pentru toate preferin\u021bele!<\/strong><\/span><\/p>\n","protected":false},"featured_media":31350,"template":"","meta":{"_acf_changed":false},"product_brand":[],"product_cat":[261],"product_tag":[311],"class_list":{"0":"post-20230","1":"product","2":"type-product","3":"status-publish","4":"has-post-thumbnail","6":"product_cat-pachete","7":"product_tag-pachete","8":"pa_autori-alexandra-bulac","9":"pa_autori-andrei-tiganas","10":"pa_autori-catalin-ionita","11":"pa_autori-cornelia-voiculescu","12":"pa_autori-daniela-dumitru","13":"pa_autori-ioana-precup","14":"pa_autori-radu-octavian","15":"pa_autori-raul-pacea","16":"pa_autori-stefana-chelsau","18":"first","19":"instock","20":"sale","21":"taxable","22":"shipping-taxable","23":"purchasable","24":"product-type-simple"},"acf":[],"aioseo_notices":[],"_links":{"self":[{"href":"https:\/\/www.storycraft.ro\/shop\/wp-json\/wp\/v2\/product\/20230","targetHints":{"allow":["GET"]}}],"collection":[{"href":"https:\/\/www.storycraft.ro\/shop\/wp-json\/wp\/v2\/product"}],"about":[{"href":"https:\/\/www.storycraft.ro\/shop\/wp-json\/wp\/v2\/types\/product"}],"wp:featuredmedia":[{"embeddable":true,"href":"https:\/\/www.storycraft.ro\/shop\/wp-json\/wp\/v2\/media\/31350"}],"wp:attachment":[{"href":"https:\/\/www.storycraft.ro\/shop\/wp-json\/wp\/v2\/media?parent=20230"}],"wp:term":[{"taxonomy":"product_brand","embeddable":true,"href":"https:\/\/www.storycraft.ro\/shop\/wp-json\/wp\/v2\/product_brand?post=20230"},{"taxonomy":"product_cat","embeddable":true,"href":"https:\/\/www.storycraft.ro\/shop\/wp-json\/wp\/v2\/product_cat?post=20230"},{"taxonomy":"product_tag","embeddable":true,"href":"https:\/\/www.storycraft.ro\/shop\/wp-json\/wp\/v2\/product_tag?post=20230"}],"curies":[{"name":"wp","href":"https:\/\/api.w.org\/{rel}","templated":true}]}}