{"id":20255,"date":"2024-04-03T15:31:48","date_gmt":"2024-04-03T12:31:48","guid":{"rendered":"https:\/\/www.storycraft.ro\/shop\/?post_type=product&#038;p=20255"},"modified":"2026-02-13T16:48:15","modified_gmt":"2026-02-13T14:48:15","slug":"acum-aici-contezi","status":"publish","type":"product","link":"https:\/\/www.storycraft.ro\/shop\/acum-aici-contezi\/","title":{"rendered":"Acum, aici, contezi"},"content":{"rendered":"<p><span style=\"color: #000000;\"><strong>&#8220;Acum, aici, contezi&#8221; de Andrei Ro\u0219ca<\/strong> este un ghid esen\u021bial pentru a \u00eembog\u0103\u021bi rela\u021biile prin ascultare activ\u0103, adres\u00e2ndu-se at\u00e2t persoanelor dornice de conexiuni autentice, c\u00e2t \u0219i profesioni\u0219tilor din domeniul psihologiei. Cartea exploreaz\u0103 opt pa\u0219i cruciali: prezen\u021ba \u00een conversa\u021bie, r\u0103bdarea, gestionarea prejudec\u0103\u021bilor, empatia, ascultarea reductiv\u0103 \u0219i expansiv\u0103, validarea \u0219i parafrazarea, transform\u00e2nd ascultarea \u00eentr-un instrument de schimbare.<\/span><\/p>\n<p><span style=\"color: #000000;\">\ud83d\udca3 Vei \u00eenv\u0103\u021ba cum s\u0103 te conectezi \u00een mod autentic la persoana din fa\u021ba ta. \u00cen acela\u0219i timp, vei descoperi una dintre cele mai puternice chei de influen\u021bare din istoria umanit\u0103\u021bii. Prin ascultare activ\u0103, ajungi la inima celui din fa\u021ba ta \u0219i creezi schimbare.<\/span><\/p>\n<p><span style=\"color: #000000;\">\ud83c\udfa7 Acompaniat\u0103 de bonusul audio &#8220;Reseteaz\u0103-\u021bi Busola Interioar\u0103&#8221;, lucrarea devine o resurs\u0103 inestimabil\u0103 pentru claritate, motiva\u021bie \u0219i ac\u021biune, recomandat\u0103 de exper\u021bi \u00een psihologie, coaching\u00a0\u0219i\u00a0management.<\/span><\/p>\n","protected":false},"excerpt":{"rendered":"<ul>\n<li><span style=\"color: #000000;\"><strong>Genul:<\/strong> Dezvoltare personal\u0103<\/span><\/li>\n<li><span style=\"color: #000000;\"><strong>Editura:<\/strong> MindMap Publishing<\/span><\/li>\n<li><span style=\"color: #000000;\"><strong>Cod ISBN:<\/strong> 978-606-95757-5-8<\/span><\/li>\n<li><span style=\"color: #000000;\"><strong>Format:<\/strong>\u00a012,5 * 19,5 cm<\/span><\/li>\n<li><span style=\"color: #000000;\"><strong>Coperta:<\/strong>\u00a0bro\u0219at\u0103<\/span><\/li>\n<li><span style=\"color: #000000;\"><strong>Nr. pagini la interior:<\/strong> 296<\/span><\/li>\n<\/ul>\n","protected":false},"featured_media":27547,"template":"","meta":{"_acf_changed":false},"product_brand":[],"product_cat":[283,320],"product_tag":[312],"class_list":{"0":"post-20255","1":"product","2":"type-product","3":"status-publish","4":"has-post-thumbnail","6":"product_cat-carti-dezvoltare-personala","7":"product_cat-mindmap","8":"product_tag-produse-individuale","9":"pa_autori-andrei-rosca","11":"first","12":"instock","13":"sale","14":"taxable","15":"shipping-taxable","16":"purchasable","17":"product-type-simple"},"acf":[],"aioseo_notices":[],"_links":{"self":[{"href":"https:\/\/www.storycraft.ro\/shop\/wp-json\/wp\/v2\/product\/20255","targetHints":{"allow":["GET"]}}],"collection":[{"href":"https:\/\/www.storycraft.ro\/shop\/wp-json\/wp\/v2\/product"}],"about":[{"href":"https:\/\/www.storycraft.ro\/shop\/wp-json\/wp\/v2\/types\/product"}],"wp:featuredmedia":[{"embeddable":true,"href":"https:\/\/www.storycraft.ro\/shop\/wp-json\/wp\/v2\/media\/27547"}],"wp:attachment":[{"href":"https:\/\/www.storycraft.ro\/shop\/wp-json\/wp\/v2\/media?parent=20255"}],"wp:term":[{"taxonomy":"product_brand","embeddable":true,"href":"https:\/\/www.storycraft.ro\/shop\/wp-json\/wp\/v2\/product_brand?post=20255"},{"taxonomy":"product_cat","embeddable":true,"href":"https:\/\/www.storycraft.ro\/shop\/wp-json\/wp\/v2\/product_cat?post=20255"},{"taxonomy":"product_tag","embeddable":true,"href":"https:\/\/www.storycraft.ro\/shop\/wp-json\/wp\/v2\/product_tag?post=20255"}],"curies":[{"name":"wp","href":"https:\/\/api.w.org\/{rel}","templated":true}]}}