{"id":20274,"date":"2024-04-04T22:45:11","date_gmt":"2024-04-04T19:45:11","guid":{"rendered":"https:\/\/www.storycraft.ro\/shop\/?post_type=product&#038;p=20274"},"modified":"2026-03-30T18:37:24","modified_gmt":"2026-03-30T15:37:24","slug":"pe-urmele-mele-fara-tine","status":"publish","type":"product","link":"https:\/\/www.storycraft.ro\/shop\/pe-urmele-mele-fara-tine\/","title":{"rendered":"F\u0103r\u0103 tine + Pe urmele mele"},"content":{"rendered":"<p><span style=\"color: #000000;\"><strong>Pachetul con\u021bine:<\/strong><\/span><\/p>\n<ul>\n<li><span style=\"color: #000000;\">cartea &#8220;F\u0103r\u0103 tine&#8221;, de Roxana St\u0103nescu<\/span><\/li>\n<li><span style=\"color: #000000;\">cartea &#8220;Pe urmele mele&#8221;, de Cristina Jianu-Dobrescu<\/span><\/li>\n<\/ul>\n<hr \/>\n<h3><strong>Cartea \u201cF\u0103r\u0103 tine\u201d de Roxana St\u0103nescu:<\/strong><\/h3>\n<ul>\n<li><strong>Genul:<\/strong>\u00a0Fic\u021biune realist\u0103, Social<\/li>\n<li><strong>Editura:<\/strong>\u00a0StoryCraft Publishing<\/li>\n<li><strong>Cod ISBN:<\/strong>\u00a0978-606-95757-0-3<\/li>\n<li><strong>Format:<\/strong>\u00a012,5 * 19,5 cm<\/li>\n<li><strong>Coperta:<\/strong>\u00a0bro\u0219at\u0103<\/li>\n<li><strong>Nr. pagini la interior:<\/strong>\u00a0288<\/li>\n<\/ul>\n<div>\n<p>Lena \u00eencearc\u0103 din r\u0103sputeri s\u0103 fie o so\u021bie bun\u0103 \u0219i o mam\u0103 exemplar\u0103, uneori chiar cu pre\u021bul propriei cariere. Cu toate astea, \u0219eful ei o propune pentru o promovare nea\u0219teptat\u0103, recompens\u0103 pentru dedicarea de care d\u0103 dovad\u0103. Totul se schimb\u0103 c\u00e2nd Andrei, so\u021bul ei, o anun\u021b\u0103 c\u0103 a acceptat un job nou la Milano, f\u0103r\u0103 ca m\u0103car s\u0103 discute \u00eenainte cu ea despre asta. Cu o mam\u0103 bolnav\u0103 de Alzheimer, internat\u0103 la un azil din Rom\u00e2nia, o fiic\u0103 adolescent\u0103 rebel\u0103 \u0219i o carier\u0103 pe care este nevoit\u0103 s\u0103 o \u00eencheie pentru a o sprijini pe cea a so\u021bului, povestea Lenei cap\u0103t\u0103 nuan\u021be dramatice \u00een momentul \u00een care afl\u0103 c\u0103 acesta este \u00eendr\u0103gostit de o alt\u0103 femeie.<\/p>\n<\/div>\n<div class=\"woocommerce-product-details__short-description\">\n<div class=\"et_pb_module et_pb_text et_pb_text_22 et_pb_text_align_left et_pb_bg_layout_light\">\n<div class=\"et_pb_text_inner\">\n<div class=\"et_pb_column et_pb_column_1_2 et_pb_column_28 et_pb_css_mix_blend_mode_passthrough\">\n<hr \/>\n<h3><span style=\"color: #000000;\"><strong>Cartea \u201cPe urmele mele\u201d de Cristina Jianu-Dobrescu:<\/strong><\/span><\/h3>\n<ul>\n<li><span style=\"color: #000000;\"><strong>Genul:<\/strong>\u00a0Dragoste<\/span><\/li>\n<li><span style=\"color: #000000;\"><strong>Editura:<\/strong>\u00a0StoryCraft Publishing<\/span><\/li>\n<li><span style=\"color: #000000;\"><strong>Cod ISBN:<\/strong>978-606-95757-4-1<\/span><\/li>\n<li><span style=\"color: #000000;\"><strong>Format:<\/strong>\u00a012,5 * 19,5 cm<\/span><\/li>\n<li><span style=\"color: #000000;\"><strong>Coperta:<\/strong>\u00a0bro\u0219at\u0103<\/span><\/li>\n<li><span style=\"color: #000000;\"><strong>Nr. pagini la interior:<\/strong>\u00a0336<\/span><\/li>\n<\/ul>\n<div>\n<p><span style=\"color: #000000;\">Fuga lui Kerra de trecutul ei violent o aduce \u00een Preston, un or\u0103\u0219el lini\u0219tit din Marea Britanie, acolo unde sper\u0103 s\u0103-\u0219i g\u0103seasc\u0103 lini\u0219tea printre necunoscu\u021bi.<\/span><br \/>\n<span style=\"color: #000000;\">Atunci c\u00e2nd \u00eel \u00eent\u00e2lne\u0219te pe Kevin, un b\u0103rbat atractiv ce \u00ee\u0219i poart\u0103 propriile lupte cu trecutul, se simte \u00een siguran\u021b\u0103 pentru prima oar\u0103 dup\u0103 mult timp. De\u0219i reticent\u0103 la \u00eenceput, zidurile ei \u00eencep s\u0103 cad\u0103 unul c\u00e2te unul, p\u00e2n\u0103 c\u00e2nd \u00ee\u0219i d\u0103 seama c\u0103 e \u00eendr\u0103gostit\u0103 irevocabil \u0219i \u00eencepe s\u0103 spere la un viitor al\u0103turi de el.<\/span><\/p>\n<p><span style=\"color: #000000;\">Cu toate acestea, rela\u021bia ei al\u0103turi de Kevin vine cu un pre\u021b uria\u0219, pe care nu \u0219tie dac\u0103 poate s\u0103-l pl\u0103teasc\u0103. Un singur moment de relaxare \u0219i trecutul ei cel \u00eentunecat pare c\u0103 o ajunge din urm\u0103.Pentru c\u0103 atunci c\u00e2nd fugi de un b\u0103rbat care vrea s\u0103 te omoare, nu \u00ee\u021bi permi\u021bi s\u0103 la\u0219i garda jos \u0219i s\u0103 te \u00eendr\u0103goste\u0219ti de altul!<\/span><\/p>\n<\/div>\n<\/div>\n<\/div>\n<\/div>\n<\/div>\n","protected":false},"excerpt":{"rendered":"<p><strong><span style=\"color: #000000;\">Pachetul con\u021bine:<\/span><\/strong><\/p>\n<ul>\n<li><span style=\"color: #000000;\">cartea &#8220;F\u0103r\u0103 tine&#8221;, de Roxana St\u0103nescu<\/span><\/li>\n<li><span style=\"color: #000000;\">cartea &#8220;Pe urmele mele&#8221;, de Cristina Jianu-Dobrescu<\/span><\/li>\n<\/ul>\n","protected":false},"featured_media":20275,"template":"","meta":{"_acf_changed":false},"product_brand":[],"product_cat":[261],"product_tag":[311],"class_list":{"0":"post-20274","1":"product","2":"type-product","3":"status-publish","4":"has-post-thumbnail","6":"product_cat-pachete","7":"product_tag-pachete","8":"pa_autori-cristina-dobrescu","9":"pa_autori-roxana-stanescu","11":"first","12":"instock","13":"sale","14":"taxable","15":"shipping-taxable","16":"purchasable","17":"product-type-simple"},"acf":[],"aioseo_notices":[],"_links":{"self":[{"href":"https:\/\/www.storycraft.ro\/shop\/wp-json\/wp\/v2\/product\/20274","targetHints":{"allow":["GET"]}}],"collection":[{"href":"https:\/\/www.storycraft.ro\/shop\/wp-json\/wp\/v2\/product"}],"about":[{"href":"https:\/\/www.storycraft.ro\/shop\/wp-json\/wp\/v2\/types\/product"}],"wp:featuredmedia":[{"embeddable":true,"href":"https:\/\/www.storycraft.ro\/shop\/wp-json\/wp\/v2\/media\/20275"}],"wp:attachment":[{"href":"https:\/\/www.storycraft.ro\/shop\/wp-json\/wp\/v2\/media?parent=20274"}],"wp:term":[{"taxonomy":"product_brand","embeddable":true,"href":"https:\/\/www.storycraft.ro\/shop\/wp-json\/wp\/v2\/product_brand?post=20274"},{"taxonomy":"product_cat","embeddable":true,"href":"https:\/\/www.storycraft.ro\/shop\/wp-json\/wp\/v2\/product_cat?post=20274"},{"taxonomy":"product_tag","embeddable":true,"href":"https:\/\/www.storycraft.ro\/shop\/wp-json\/wp\/v2\/product_tag?post=20274"}],"curies":[{"name":"wp","href":"https:\/\/api.w.org\/{rel}","templated":true}]}}