{"id":20281,"date":"2024-04-04T23:13:34","date_gmt":"2024-04-04T20:13:34","guid":{"rendered":"https:\/\/www.storycraft.ro\/shop\/?post_type=product&#038;p=20281"},"modified":"2025-07-28T12:04:29","modified_gmt":"2025-07-28T09:04:29","slug":"pe-urmele-mele-lasa-intunericul-sa-te-invaluie-fara-tine-fata-cu-val-albastru","status":"publish","type":"product","link":"https:\/\/www.storycraft.ro\/shop\/pe-urmele-mele-lasa-intunericul-sa-te-invaluie-fara-tine-fata-cu-val-albastru\/","title":{"rendered":"Pe urmele mele + Las\u0103 \u00eentunericul s\u0103 te \u00eenv\u0103luie + F\u0103r\u0103 tine + Fata cu v\u0103l albastru"},"content":{"rendered":"<p><span style=\"color: #000000\"><strong>Pachetul con\u021bine urm\u0103toarele c\u0103r\u021bi:<\/strong><\/span><\/p>\n<ol>\n<li><span style=\"color: #000000\">Cartea \u201cPe urmele mele\u201d, de Cristina Dobrescu-Jianu<\/span><\/li>\n<li><span style=\"color: #000000\">Cartea \u201cLas\u0103 \u00eentunericul s\u0103 te \u00eenv\u0103luie\u201d, de Maria Voss<\/span><\/li>\n<li><span style=\"color: #000000\">Cartea \u201cF\u0103r\u0103 tine\u201d, de Roxana St\u0103nescu<\/span><\/li>\n<li><span style=\"color: #000000\">Cartea \u201cFata cu v\u0103l albastru\u201d, de \u0218tefana Chels\u0103u<\/span><\/li>\n<\/ol>\n","protected":false},"excerpt":{"rendered":"<p><span style=\"color: #000000\"><strong>Pachetul con\u021bine urm\u0103toarele c\u0103r\u021bi:<\/strong><\/span><\/p>\n<ol>\n<li><span style=\"color: #000000\">Cartea \u201cPe urmele mele\u201d, de Cristina Dobrescu-Jianu<\/span><\/li>\n<li><span style=\"color: #000000\">Cartea \u201cLas\u0103 \u00eentunericul s\u0103 te \u00eenv\u0103luie\u201d, de Maria Voss<\/span><\/li>\n<li><span style=\"color: #000000\">Cartea \u201cF\u0103r\u0103 tine\u201d, de Roxana St\u0103nescu<\/span><\/li>\n<li><span style=\"color: #000000\">Cartea \u201cFata cu v\u0103l albastru\u201d, de \u0218tefana Chels\u0103u<\/span><\/li>\n<\/ol>\n","protected":false},"featured_media":20279,"template":"","meta":{"_acf_changed":false},"product_brand":[],"product_cat":[261],"product_tag":[311],"class_list":{"0":"post-20281","1":"product","2":"type-product","3":"status-publish","4":"has-post-thumbnail","6":"product_cat-pachete","7":"product_tag-pachete","8":"pa_autori-cristina-dobrescu","9":"pa_autori-maria-voss","10":"pa_autori-roxana-stanescu","11":"pa_autori-stefana-chelsau","13":"first","14":"instock","15":"sale","16":"taxable","17":"shipping-taxable","18":"purchasable","19":"product-type-simple"},"acf":[],"aioseo_notices":[],"_links":{"self":[{"href":"https:\/\/www.storycraft.ro\/shop\/wp-json\/wp\/v2\/product\/20281","targetHints":{"allow":["GET"]}}],"collection":[{"href":"https:\/\/www.storycraft.ro\/shop\/wp-json\/wp\/v2\/product"}],"about":[{"href":"https:\/\/www.storycraft.ro\/shop\/wp-json\/wp\/v2\/types\/product"}],"wp:featuredmedia":[{"embeddable":true,"href":"https:\/\/www.storycraft.ro\/shop\/wp-json\/wp\/v2\/media\/20279"}],"wp:attachment":[{"href":"https:\/\/www.storycraft.ro\/shop\/wp-json\/wp\/v2\/media?parent=20281"}],"wp:term":[{"taxonomy":"product_brand","embeddable":true,"href":"https:\/\/www.storycraft.ro\/shop\/wp-json\/wp\/v2\/product_brand?post=20281"},{"taxonomy":"product_cat","embeddable":true,"href":"https:\/\/www.storycraft.ro\/shop\/wp-json\/wp\/v2\/product_cat?post=20281"},{"taxonomy":"product_tag","embeddable":true,"href":"https:\/\/www.storycraft.ro\/shop\/wp-json\/wp\/v2\/product_tag?post=20281"}],"curies":[{"name":"wp","href":"https:\/\/api.w.org\/{rel}","templated":true}]}}