{"id":20289,"date":"2024-04-05T09:49:06","date_gmt":"2024-04-05T06:49:06","guid":{"rendered":"https:\/\/www.storycraft.ro\/shop\/?post_type=product&#038;p=20289"},"modified":"2025-07-28T12:04:01","modified_gmt":"2025-07-28T09:04:01","slug":"in-umbra-tradarii-fara-tine-eu-nu-sunt-supermami-fata-cu-val-albastru","status":"publish","type":"product","link":"https:\/\/www.storycraft.ro\/shop\/in-umbra-tradarii-fara-tine-eu-nu-sunt-supermami-fata-cu-val-albastru\/","title":{"rendered":"\u00cen umbra tr\u0103d\u0103rii + F\u0103r\u0103 tine + Eu nu sunt SuperMami + Fata cu v\u0103l albastru"},"content":{"rendered":"<p><span style=\"color: #000000\"><strong>Pachetul con\u021bine urm\u0103toarele c\u0103r\u021bi:<\/strong><\/span><\/p>\n<ol>\n<li><span style=\"color: #000000\">Cartea \u201c\u00cen umbra tr\u0103d\u0103rii\u201d, de \u0218tefana Chels\u0103u<\/span><\/li>\n<li><span style=\"color: #000000\">Cartea \u201cEu nu sunt SuperMami\u201d, de Maria Voss<\/span><\/li>\n<li><span style=\"color: #000000\">Cartea \u201cF\u0103r\u0103 tine\u201d, de Roxana St\u0103nescu<\/span><\/li>\n<li><span style=\"color: #000000\">Cartea \u201cFata cu v\u0103l albastru\u201d, de \u0218tefana Chels\u0103u<\/span><\/li>\n<\/ol>\n<hr \/>\n<h3><strong>Cartea \u201c\u00cen umbra tr\u0103d\u0103rii\u201d de \u0218tefana Chels\u0103u:<\/strong><\/h3>\n<ul>\n<li><strong>Genul:<\/strong>\u00a0Fic\u021biune realist\u0103, psihologic<\/li>\n<li><strong>Editura:<\/strong>\u00a0StoryCraft Publishing<\/li>\n<li><strong>Cod ISBN:<\/strong>978-606-95757-3-4<\/li>\n<li><strong>Format:<\/strong>\u00a012,5 * 19,5 cm<\/li>\n<li><strong>Coperta:<\/strong>\u00a0bro\u0219at\u0103<\/li>\n<li><strong>Nr. pagini la interior:<\/strong>\u00a0312<\/li>\n<\/ul>\n<div class=\"woocommerce-product-details__short-description\">\n<p>Ema este un medic renumit, care \u0219i-a dedicat toat\u0103 via\u021ba micilor s\u0103i pacien\u021bi din Spitalul de Pediatrie. Prefer\u0103 s\u0103 fie c\u0103s\u0103torit\u0103 cu munca deoarece \u00eencrederea \u00een b\u0103rba\u021bi i-a pierit complet cu zece ani \u00een urm\u0103, atunci c\u00e2nd Paul, fostul ei logodnic, a \u00een\u0219elat-o cu cea mai bun\u0103 prieten\u0103. Dac\u0103 ar fi s\u0103-\u0219i pun\u0103 o singur\u0103 dorin\u021b\u0103, ar vrea s\u0103 nu mai dea ochii cu el niciodat\u0103.<\/p>\n<p>\u00cens\u0103 niciodat\u0103 vine mai repede dec\u00e2t s-ar a\u0219tepta ea, atunci c\u00e2nd Paul \u0219i actuala lui so\u021bie o contacteaz\u0103 \u00eentr-o situa\u021bie disperat\u0103. Feti\u021ba lor este foarte bolnav\u0103 \u0219i ea reprezint\u0103 ultima lor speran\u021b\u0103. Ar putea Ema s\u0103-\u0219i dep\u0103\u0219easc\u0103 resentimentele \u0219i s\u0103 treac\u0103 peste cele mai dureroase amintiri? Poate c\u0103 da, dac\u0103 n-ar fi \u0219i un secret uria\u0219 la mijloc. Un secret care, odat\u0103 descoperit, i-ar putea distruge\u00a0via\u021ba.<\/p>\n<\/div>\n<hr \/>\n<h3><strong>Cartea \u201cF\u0103r\u0103 tine\u201d de Roxana St\u0103nescu:<\/strong><\/h3>\n<ul>\n<li><strong>Editura:<\/strong>\u00a0StoryCraft Publishing<\/li>\n<li><strong>Cod ISBN:<\/strong>\u00a0978-606-95757-0-3<\/li>\n<li><strong>Format:<\/strong>\u00a012,5 * 19,5 cm<\/li>\n<li><strong>Coperta:<\/strong>\u00a0bro\u0219at\u0103<\/li>\n<li><strong>Nr. pagini la interior:<\/strong>\u00a0288<\/li>\n<\/ul>\n<div class=\"woocommerce-product-details__short-description\">\n<p>Lena \u00eencearc\u0103 din r\u0103sputeri s\u0103 fie o so\u021bie bun\u0103 \u0219i o mam\u0103 exemplar\u0103, uneori chiar cu pre\u021bul propriei cariere. Cu toate astea, \u0219eful ei o propune pentru o promovare nea\u0219teptat\u0103, recompens\u0103 pentru dedicarea de care d\u0103 dovad\u0103. Totul se schimb\u0103 c\u00e2nd Andrei, so\u021bul ei, o anun\u021b\u0103 c\u0103 a acceptat un job nou la Milano, f\u0103r\u0103 ca m\u0103car s\u0103 discute \u00eenainte cu ea despre asta.<\/p>\n<p>Cu o mam\u0103 bolnav\u0103 de Alzheimer, internat\u0103 la un azil din Rom\u00e2nia, o fiic\u0103 adolescent\u0103 rebel\u0103 \u0219i o carier\u0103 pe care este nevoit\u0103 s\u0103 o \u00eencheie pentru a o sprijini pe cea a so\u021bului, povestea Lenei cap\u0103t\u0103 nuan\u021be dramatice \u00een momentul \u00een care afl\u0103 c\u0103 acesta este \u00eendr\u0103gostit de o alt\u0103 femeie.<\/p>\n<\/div>\n<div class=\"woocommerce-product-details__short-description\">\n<div class=\"et_pb_module et_pb_text et_pb_text_22 et_pb_text_align_left et_pb_bg_layout_light\">\n<div class=\"et_pb_text_inner\">\n<div class=\"et_pb_column et_pb_column_1_2 et_pb_column_28 et_pb_css_mix_blend_mode_passthrough\">\n<hr \/>\n<h3><strong>Cartea \u201cEu nu sunt SuperMami\u201d de Roxana Popa:<\/strong><\/h3>\n<ul>\n<li><strong>Genul:<\/strong>\u00a0Fic\u021biune realist\u0103, Psihologic<\/li>\n<li><strong>Editura:<\/strong>\u00a0StoryCraft Publishing<\/li>\n<li><strong>Cod ISBN:\u00a0<\/strong>978-606-95757-1-0<\/li>\n<li><strong>Format:<\/strong>\u00a012,5 * 19,5 cm<\/li>\n<li><strong>Coperta:<\/strong>\u00a0bro\u0219at\u0103<\/li>\n<li><strong>Nr. pagini la interior:<\/strong>\u00a0420<\/li>\n<\/ul>\n<div class=\"woocommerce-product-details__short-description\">\n<p>Olivia este, de cele mai multe ori, cea mai de\u0219teapt\u0103 persoan\u0103 dintr-o \u00eenc\u0103pere. La urma urmei, \u0219tie s\u0103 creeze inimi \u00een laborator \u0219i e la un pas de a inova viitorul transplanturilor de organe. \u0218i c\u00e2nd credea c\u0103 nimic nu o mai poate opri s\u0103 schimbe lumea, un test de sarcin\u0103 pozitiv \u00eei d\u0103 via\u021ba peste cap. Nu \u00een\u021belege gre\u0219it, \u00ee\u0219i iube\u0219te \u0219i so\u021bul, \u0219i cei doi copii de acas\u0103, dar acum e cel mai nepotrivit moment pentru o a treia sarcin\u0103. C\u00e2nd e nevoit\u0103 s\u0103 \u021bin\u0103 piept at\u00e2t colegilor de la Institut \u2013 care vor s\u0103 pun\u0103 m\u00e2na pe cercetarea ei, dar \u0219i propriei familii \u2013 care o vrea mai mult acas\u0103, lucrurile iau o \u00eentors\u0103tur\u0103 dramatic\u0103. O carte care arat\u0103 lupta femeii \u00eendr\u0103gostite de munca ei \u0219i etapele prin care trece \u00een timpul sarcinii \u0219i dup\u0103 na\u0219tere.<\/p>\n<\/div>\n<div>\n<hr \/>\n<h3><span style=\"color: #000000\"><strong>Cartea \u201cFata cu v\u0103l albastru\u201d de \u0218tefana Chels\u0103u:<\/strong><\/span><\/h3>\n<ul>\n<li><span style=\"color: #000000\"><strong>Genul:<\/strong>\u00a0Fic\u021biune realist\u0103, Family Saga<\/span><\/li>\n<li><span style=\"color: #000000\"><strong>Editura:<\/strong>\u00a0StoryCraft Publishing<\/span><\/li>\n<li><span style=\"color: #000000\"><strong>Cod ISBN:<\/strong>\u00a0<small>978-606-95651-3-1<\/small><\/span><\/li>\n<li><span style=\"color: #000000\"><strong>Format:<\/strong>\u00a012,5 * 19,5 cm<\/span><\/li>\n<li><span style=\"color: #000000\"><strong>Coperta:<\/strong>\u00a0bro\u0219at\u0103<\/span><\/li>\n<li><span style=\"color: #000000\"><strong>Nr. pagini la interior:<\/strong>\u00a0270<\/span><\/li>\n<\/ul>\n<div class=\"woocommerce-product-details__short-description\">\n<p><span style=\"color: #000000\">Aisha tr\u0103ie\u0219te \u00eentr-o familie musulman\u0103 strict\u0103, unde obsesiile, regulile extreme \u0219i abuzurile tat\u0103lui ei fac parte din cotidian. Dorin\u021ba de a se elibera de el devine cu at\u00e2t mai mare c\u00e2nd acesta o arunc\u0103 cu for\u021ba \u00eentr-o c\u0103s\u0103torie aranjat\u0103, cu un om pe care nu l-a v\u0103zut niciodat\u0103.<\/span><\/p>\n<p><span style=\"color: #000000\">C\u00e2nd \u00eent\u00e2lne\u0219te un b\u0103rbat care pare s\u0103 vin\u0103 din alt\u0103 lume, de care se \u00eendr\u0103goste\u0219te, Aisha e convins\u0103 c\u0103 e \u00een stare de orice pentru a-\u0219i c\u00e2\u0219tiga libertatea al\u0103turi de el. Afl\u0103, \u00eens\u0103, c\u0103 pre\u021bul pentru propria fericire poate fi moartea cuiva drag.<\/span><\/p>\n<\/div>\n<\/div>\n<\/div>\n<\/div>\n<\/div>\n<\/div>\n","protected":false},"excerpt":{"rendered":"<p><span style=\"color: #000000\"><strong>Pachetul con\u021bine urm\u0103toarele c\u0103r\u021bi:<\/strong><\/span><\/p>\n<ol>\n<li><span style=\"color: #000000\">Cartea \u201c\u00cen umbra tr\u0103d\u0103rii\u201d, de \u0218tefana Chels\u0103u<\/span><\/li>\n<li><span style=\"color: #000000\">Cartea \u201cEu nu sunt SuperMami\u201d, de Maria Voss<\/span><\/li>\n<li><span style=\"color: #000000\">Cartea \u201cF\u0103r\u0103 tine\u201d, de Roxana St\u0103nescu<\/span><\/li>\n<li><span style=\"color: #000000\">Cartea \u201cFata cu v\u0103l albastru\u201d, de \u0218tefana Chels\u0103u<\/span><\/li>\n<\/ol>\n","protected":false},"featured_media":20287,"template":"","meta":{"_acf_changed":false},"product_brand":[],"product_cat":[261],"product_tag":[311],"class_list":{"0":"post-20289","1":"product","2":"type-product","3":"status-publish","4":"has-post-thumbnail","6":"product_cat-pachete","7":"product_tag-pachete","8":"pa_autori-roxana-popa","9":"pa_autori-roxana-stanescu","10":"pa_autori-stefana-chelsau","12":"first","13":"instock","14":"sale","15":"taxable","16":"shipping-taxable","17":"purchasable","18":"product-type-simple"},"acf":[],"aioseo_notices":[],"_links":{"self":[{"href":"https:\/\/www.storycraft.ro\/shop\/wp-json\/wp\/v2\/product\/20289","targetHints":{"allow":["GET"]}}],"collection":[{"href":"https:\/\/www.storycraft.ro\/shop\/wp-json\/wp\/v2\/product"}],"about":[{"href":"https:\/\/www.storycraft.ro\/shop\/wp-json\/wp\/v2\/types\/product"}],"wp:featuredmedia":[{"embeddable":true,"href":"https:\/\/www.storycraft.ro\/shop\/wp-json\/wp\/v2\/media\/20287"}],"wp:attachment":[{"href":"https:\/\/www.storycraft.ro\/shop\/wp-json\/wp\/v2\/media?parent=20289"}],"wp:term":[{"taxonomy":"product_brand","embeddable":true,"href":"https:\/\/www.storycraft.ro\/shop\/wp-json\/wp\/v2\/product_brand?post=20289"},{"taxonomy":"product_cat","embeddable":true,"href":"https:\/\/www.storycraft.ro\/shop\/wp-json\/wp\/v2\/product_cat?post=20289"},{"taxonomy":"product_tag","embeddable":true,"href":"https:\/\/www.storycraft.ro\/shop\/wp-json\/wp\/v2\/product_tag?post=20289"}],"curies":[{"name":"wp","href":"https:\/\/api.w.org\/{rel}","templated":true}]}}