{"id":20338,"date":"2024-04-08T16:23:42","date_gmt":"2024-04-08T13:23:42","guid":{"rendered":"https:\/\/www.storycraft.ro\/shop\/?post_type=product&#038;p=20338"},"modified":"2024-05-20T12:43:27","modified_gmt":"2024-05-20T09:43:27","slug":"pachetul-mindmap","status":"publish","type":"product","link":"https:\/\/www.storycraft.ro\/shop\/pachetul-mindmap\/","title":{"rendered":"Pachetul MindMap"},"content":{"rendered":"<p><span style=\"color: #000000;\"><strong>Pachetul con\u021bine urm\u0103toarele c\u0103r\u021bi :<\/strong><\/span><\/p>\n<ol>\n<li><span style=\"color: #000000;\">Cartea \u201cAcum, aici, contezi&#8221;, de Andrei Ro\u0219ca<\/span><\/li>\n<li><span style=\"color: #000000;\">Cartea \u201cEsen\u021ba Eficien\u021bei&#8221;, de Daniel Z\u0103rnescu<\/span><\/li>\n<\/ol>\n<hr \/>\n<h3><span style=\"color: #000000;\"><strong>Acum, aici, contezi \u2013 de Andrei Ro\u0219ca<\/strong><i><\/i><\/span><\/h3>\n<ul>\n<li><span style=\"color: #000000;\"><strong>Genul:<\/strong>\u00a0Dezvoltare personal\u0103<\/span><\/li>\n<li><span style=\"color: #000000;\"><strong>Editura:<\/strong>\u00a0MindMap Publishing<\/span><\/li>\n<li><span style=\"color: #000000;\"><strong>Cod ISBN:<\/strong> 978-606-95757-5-8<\/span><\/li>\n<li><span style=\"color: #000000;\"><strong>Format:<\/strong>\u00a012,5 * 19,5 cm<\/span><\/li>\n<li><span style=\"color: #000000;\"><strong>Coperta:<\/strong>\u00a0bro\u0219at\u0103<\/span><\/li>\n<li><span style=\"color: #000000;\"><strong>Nr. pagini la interior:<\/strong>\u00a0296<\/span><\/li>\n<\/ul>\n<p><span style=\"color: #000000;\">&#8220;Acum, aici, contezi&#8221; de Andrei Ro\u0219ca e un ghid esen\u021bial pentru a \u00eembog\u0103\u021bi rela\u021biile prin ascultare activ\u0103, adres\u00e2ndu-se at\u00e2t persoanelor dornice de conexiuni autentice, c\u00e2t \u0219i profesioni\u0219tilor din domeniul psihologiei. <\/span><br \/>\n<span style=\"color: #000000;\">Cartea exploreaz\u0103 opt pa\u0219i cruciali: prezen\u021ba \u00een conversa\u021bie, r\u0103bdarea, gestionarea prejudec\u0103\u021bilor, empatia, ascultarea reductiv\u0103 \u0219i expansiv\u0103, validarea \u0219i parafrazarea, transform\u00e2nd ascultarea \u00eentr-un instrument de schimbare. <\/span><br \/>\n<span style=\"color: #000000;\">Acompaniat\u0103 de bonusul audio &#8220;Reseteaz\u0103-\u021bi Busola Interioar\u0103&#8221;, lucrarea devine o resurs\u0103 inestimabil\u0103 pentru claritate, motiva\u021bie \u0219i ac\u021biune, recomandat\u0103 de exper\u021bi \u00een psihologie, coaching\u00a0\u0219i\u00a0management.<\/span><\/p>\n<hr \/>\n<h3><span style=\"color: #000000;\"><strong>Cartea \u201cEsen\u021ba Eficien\u021bei\u201d de Daniel Z\u0103rnescu:<\/strong><\/span><\/h3>\n<ul>\n<li><span style=\"color: #000000;\"><strong>Genul:<\/strong> Dezvoltare personal\u0103, Productivitate<\/span><\/li>\n<li><span style=\"color: #000000;\"><strong>Editura:<\/strong> MindMap Publishing<\/span><\/li>\n<li><span style=\"color: #000000;\"><strong>Cod ISBN:<\/strong> 978-606-95651-7-9<\/span><\/li>\n<li><span style=\"color: #000000;\"><strong>Format:<\/strong>\u00a012,5 * 19,5 cm<\/span><\/li>\n<li><span style=\"color: #000000;\"><strong>Coperta:<\/strong>\u00a0bro\u0219at\u0103<\/span><\/li>\n<li><span style=\"color: #000000;\"><strong>Nr. pagini la interior:<\/strong> 384<\/span><\/li>\n<\/ul>\n<div class=\"woocommerce-product-details__short-description\">\n<p><span style=\"color: #000000;\"><i>Esenta eficientei. Abilitatea de atinge orice obiectiv iti pui in minte<\/i><\/span><\/p>\n<div><span style=\"color: #000000;\">\u2022 Indiferent de cat de lenes, dezorganizat sau lipsit de rezultate esti, iti va arata ce sa faci pentru a construi propria ta misiune personala<\/span><\/div>\n<div><span style=\"color: #000000;\">\u2022\u00a0Cea mai buna carte pe care am scris-o pana acum<\/span><\/div>\n<div><span style=\"color: #000000;\">\u2022\u00a0Tipuri de gandire si cum influenteaza ele viata ta (cel putin 9\/10 oameni isi dezvolta un tipar nociv de gandire, care atrage lipsa de rezultate si incapacitate de evolutie personala)<\/span><\/div>\n<div><span style=\"color: #000000;\">\u2022 Amprenta rezultatelor (sau cum arata un rezultat, din prisma cuiva care obtine performanta)<\/span><\/div>\n<div><span style=\"color: #000000;\">\u2022 Diferenta dintre obiective, dorinte, visuri, decizii si scopuri \u2013 cum sa iti materializezi dorintele pornind de la un simplu gand<\/span><\/div>\n<div><span style=\"color: #000000;\">\u2022 Sisteme de lucru pe obiective, strategii de vizualizare si definire a obiectivelor, tehnici de productivitate<\/span><\/div>\n<div><span style=\"color: #000000;\">\u2022 multe, multe altele<\/span><\/div>\n<\/div>\n","protected":false},"excerpt":{"rendered":"<p><span style=\"color: #000000;\"><strong>Pachetul con\u021bine urm\u0103toarele c\u0103r\u021bi :<\/strong><\/span><\/p>\n<ol>\n<li><span style=\"color: #000000;\">Cartea \u201cAcum, aici, contezi&#8221;, de Andrei Ro\u0219ca<\/span><\/li>\n<li><span style=\"color: #000000;\">Cartea \u201cEsen\u021ba Eficien\u021bei&#8221;, de Daniel Z\u0103rnescu<\/span><\/li>\n<\/ol>\n","protected":false},"featured_media":20563,"template":"","meta":{"_acf_changed":false},"product_brand":[],"product_cat":[320],"product_tag":[311],"class_list":{"0":"post-20338","1":"product","2":"type-product","3":"status-publish","4":"has-post-thumbnail","6":"product_cat-mindmap","7":"product_tag-pachete","8":"pa_autori-andrei-rosca","9":"pa_autori-daniel-zarnescu","11":"first","12":"instock","13":"sale","14":"taxable","15":"shipping-taxable","16":"purchasable","17":"product-type-simple"},"acf":[],"aioseo_notices":[],"_links":{"self":[{"href":"https:\/\/www.storycraft.ro\/shop\/wp-json\/wp\/v2\/product\/20338","targetHints":{"allow":["GET"]}}],"collection":[{"href":"https:\/\/www.storycraft.ro\/shop\/wp-json\/wp\/v2\/product"}],"about":[{"href":"https:\/\/www.storycraft.ro\/shop\/wp-json\/wp\/v2\/types\/product"}],"wp:featuredmedia":[{"embeddable":true,"href":"https:\/\/www.storycraft.ro\/shop\/wp-json\/wp\/v2\/media\/20563"}],"wp:attachment":[{"href":"https:\/\/www.storycraft.ro\/shop\/wp-json\/wp\/v2\/media?parent=20338"}],"wp:term":[{"taxonomy":"product_brand","embeddable":true,"href":"https:\/\/www.storycraft.ro\/shop\/wp-json\/wp\/v2\/product_brand?post=20338"},{"taxonomy":"product_cat","embeddable":true,"href":"https:\/\/www.storycraft.ro\/shop\/wp-json\/wp\/v2\/product_cat?post=20338"},{"taxonomy":"product_tag","embeddable":true,"href":"https:\/\/www.storycraft.ro\/shop\/wp-json\/wp\/v2\/product_tag?post=20338"}],"curies":[{"name":"wp","href":"https:\/\/api.w.org\/{rel}","templated":true}]}}