{"id":21098,"date":"2024-05-10T18:26:47","date_gmt":"2024-05-10T15:26:47","guid":{"rendered":"https:\/\/www.storycraft.ro\/shop\/?post_type=product&#038;p=21098"},"modified":"2026-04-17T15:59:56","modified_gmt":"2026-04-17T12:59:56","slug":"pachetul-romantic","status":"publish","type":"product","link":"https:\/\/www.storycraft.ro\/shop\/pachetul-romantic\/","title":{"rendered":"Pachetul Romantic"},"content":{"rendered":"<p><span style=\"color: #000000;\"><strong>Pachetul con\u021bine:<\/strong><\/span><\/p>\n<ul>\n<li><span style=\"color: #000000;\">cartea &#8220;Atingeri de Vanilie&#8221; de Daniela Dumitru<\/span><\/li>\n<li><span style=\"color: #000000;\">cartea &#8220;F\u0103r\u0103 tine&#8221; de Roxana St\u0103nescu<\/span><\/li>\n<li><span style=\"color: #000000;\">cartea &#8220;Pentru Elise&#8221; de Teodora Sm\u00eentanc\u0103-Strugariu<\/span><\/li>\n<\/ul>\n<hr \/>\n<h3><span style=\"color: #000000;\"><strong>Cartea \u201cAtingeri de vanilie\u201d de Daniela Dumitru:<\/strong><\/span><\/h3>\n<ul>\n<li><span style=\"color: #000000;\"><strong>Genul:<\/strong>\u00a0Romance, Erotic<\/span><\/li>\n<li><span style=\"color: #000000;\"><strong>Editura:<\/strong>\u00a0StoryCraft Publishing<\/span><\/li>\n<li><span style=\"color: #000000;\"><strong>Cod ISBN:<\/strong>\u00a0978-606-95057-5-5<\/span><\/li>\n<li><span style=\"color: #000000;\"><strong>Format:<\/strong>\u00a020 * 13 cm<\/span><\/li>\n<li><span style=\"color: #000000;\"><strong>Coperta:<\/strong>\u00a0bro\u0219at\u0103<\/span><\/li>\n<li><span style=\"color: #000000;\"><strong>Nr. pagini la interior:<\/strong>\u00a0432<\/span><\/li>\n<\/ul>\n<div class=\"woocommerce-product-details__short-description\">\n<p><span style=\"color: #000000;\">Chinuit\u0103 de un trecut traumatizant \u0219i o rela\u021bie toxic\u0103 cu mama ei, rebela \u0219i ireverentioasa Ela \u0219i-a g\u0103sit lini\u0219tea \u0219i stabilitatea \u00eentr-un job \u201ec\u0103ldu\u021b\u201d de corporatist\u0103. Noul CEO, Max, stric\u0103 totul c\u00e2nd schimb\u0103 regulile \u0219i o aduce s\u0103 lucreze aproape de el.<\/span><\/p>\n<p><span style=\"color: #000000;\">Pornind de la un joc de atrac\u021bie aparent nevinovat, cei doi se trezesc prin\u0219i \u00eentr-o poveste de iubire visceral\u0103, pasional\u0103 \u0219i epuizant\u0103, \u00een care fiecare reprezint\u0103 pentru cel\u0103lalt eliberarea de propriul trecut \u0219i de traume.<\/span><\/p>\n<p><span style=\"color: #000000;\">Sco\u021b\u00e2nd la iveal\u0103 frica de prejudec\u0103\u021bi \u0219i nevoia dureroas\u0103 de a fi iubi\u021bi,\u00a0<em>Atingeri de vanilie<\/em>, spune povestea a doi \u00eendr\u0103gosti\u021bi care nu au dreptul la fericire \u00eempreun\u0103 \u0219i ne las\u0103 cu o \u00eentrebare: \u201eC\u00e2te bariere poate sparge un simplu sentiment?<\/span><\/p>\n<hr \/>\n<\/div>\n<h3><span style=\"color: #000000;\"><strong>Cartea \u201cF\u0103r\u0103 tine\u201d de Roxana St\u0103nescu:<\/strong><\/span><\/h3>\n<ul>\n<li><span style=\"color: #000000;\"><strong>Genul:<\/strong>\u00a0Fic\u021biune realist\u0103, Social<\/span><\/li>\n<li><span style=\"color: #000000;\"><strong>Editura:<\/strong>\u00a0StoryCraft Publishing<\/span><\/li>\n<li><span style=\"color: #000000;\"><strong>Cod ISBN:<\/strong>\u00a0978-606-95757-0-3<\/span><\/li>\n<li><span style=\"color: #000000;\"><strong>Format:<\/strong>\u00a012,5 * 19,5 cm<\/span><\/li>\n<li><span style=\"color: #000000;\"><strong>Coperta:<\/strong>\u00a0bro\u0219at\u0103<\/span><\/li>\n<li><span style=\"color: #000000;\"><strong>Nr. pagini la interior:<\/strong>\u00a0288<\/span><\/li>\n<\/ul>\n<div>\n<p><span style=\"color: #000000;\">Lena \u00eencearc\u0103 din r\u0103sputeri s\u0103 fie o so\u021bie bun\u0103 \u0219i o mam\u0103 exemplar\u0103, uneori chiar cu pre\u021bul propriei cariere. Cu toate astea, \u0219eful ei o propune pentru o promovare nea\u0219teptat\u0103, recompens\u0103 pentru dedicarea de care d\u0103 dovad\u0103. Totul se schimb\u0103 c\u00e2nd Andrei, so\u021bul ei, o anun\u021b\u0103 c\u0103 a acceptat un job nou la Milano, f\u0103r\u0103 ca m\u0103car s\u0103 discute \u00eenainte cu ea despre asta. Cu o mam\u0103 bolnav\u0103 de Alzheimer, internat\u0103 la un azil din Rom\u00e2nia, o fiic\u0103 adolescent\u0103 rebel\u0103 \u0219i o carier\u0103 pe care este nevoit\u0103 s\u0103 o \u00eencheie pentru a o sprijini pe cea a so\u021bului, povestea Lenei cap\u0103t\u0103 nuan\u021be dramatice \u00een momentul \u00een care afl\u0103 c\u0103 acesta este \u00eendr\u0103gostit de o alt\u0103 femeie.<\/span><\/p>\n<hr \/>\n<h3><span style=\"color: #000000;\"><strong>Cartea \u201cPentru Elise\u201d\u00a0<\/strong>de Teodora Sm\u00eentanc\u0103-Strugariu<\/span><\/h3>\n<ul>\n<li><span style=\"color: #000000;\"><strong>Genul:<\/strong>\u00a0Fic\u021biune istoric\u0103<\/span><\/li>\n<li><span style=\"color: #000000;\"><strong>Editura:<\/strong>\u00a0StoryCraft Publishing<\/span><\/li>\n<li><span style=\"color: #000000;\"><strong>Cod ISBN:<\/strong>\u00a0<small>978-606-95651-1-7<\/small><\/span><\/li>\n<li><span style=\"color: #000000;\"><strong>Format:<\/strong>\u00a019,5 * 12,5 cm<\/span><\/li>\n<li><span style=\"color: #000000;\"><strong>Coperta:<\/strong>\u00a0bro\u0219at\u0103<\/span><\/li>\n<li><span style=\"color: #000000;\"><strong>Nr. pagini la interior:<\/strong>\u00a0354<\/span><\/li>\n<\/ul>\n<p><span style=\"color: #000000;\">Elise Wallner este dansatoare i\u0302n corpul de balet al teatrului din Viena, i\u0302nsa\u0306 nici colegele sale, nici coregraful s\u0326i nici chiar Elise i\u0302nsa\u0306s\u0326i nu sunt mult\u0326umit\u0326i de prestant\u0326a ei. La\u0306sa\u0302nd deoparte originea s\u0326i cres\u0326terea ei nobila\u0306, Elise s-a refugiat i\u0302n brat\u0326ele lui Matthias, un poet pasional, cu care tra\u0306ies\u0326te o poveste de dragoste pe ca\u0302t de intensa\u0306, pe ata\u0302t de distruga\u0306toare. Atunci ca\u0302nd, la o serata\u0306, compozitorul Beethoven o vede dansa\u0302nd, i\u0302i propune sa\u0306 fie prima balerina\u0306 i\u0302n baletul aniversar Creaturile lui Prometeu, spre surprinderea Elisei s\u0326i stupefact\u0326ia tuturor celor ce nu vedeau i\u0302n ea o balerina\u0306 cel mult mediocra\u0306. I\u0302nsa\u0306 pentru ca Elise sa\u0306 i\u0302s\u0326i poata\u0306 ga\u0306si arta din interiorul sa\u0306u e mai greu deca\u0302t crezuse init\u0326ial, ascunsa\u0306 fiind de toate dezama\u0306girile s\u0326i durerile viet\u0326ii, iar pentru asta trebuie sa\u0306 i\u0302nvet\u0326e sa\u0306 ucida\u0306 tot ra\u0306ul din ea.<\/span><\/p>\n<\/div>\n","protected":false},"excerpt":{"rendered":"<p><span style=\"color: #000000;\"><strong>Pachetul con\u021bine:<\/strong><\/span><\/p>\n<ul>\n<li><span style=\"color: #000000;\">cartea &#8220;Atingeri de Vanilie&#8221; de Daniela Dumitru<\/span><\/li>\n<li><span style=\"color: #000000;\">cartea &#8220;F\u0103r\u0103 tine&#8221; de Roxana St\u0103nescu<\/span><\/li>\n<li><span style=\"color: #000000;\">cartea &#8220;Pentru Elise&#8221; de Teodora Sm\u00eentanc\u0103-Strugariu<\/span><\/li>\n<\/ul>\n","protected":false},"featured_media":21099,"template":"","meta":{"_acf_changed":false},"product_brand":[],"product_cat":[261],"product_tag":[311],"class_list":{"0":"post-21098","1":"product","2":"type-product","3":"status-publish","4":"has-post-thumbnail","6":"product_cat-pachete","7":"product_tag-pachete","8":"pa_autori-daniela-dumitru","9":"pa_autori-roxana-stanescu","10":"pa_autori-teodora-smintanca-strugariu","12":"first","13":"outofstock","14":"sale","15":"taxable","16":"shipping-taxable","17":"purchasable","18":"product-type-simple"},"acf":[],"aioseo_notices":[],"_links":{"self":[{"href":"https:\/\/www.storycraft.ro\/shop\/wp-json\/wp\/v2\/product\/21098","targetHints":{"allow":["GET"]}}],"collection":[{"href":"https:\/\/www.storycraft.ro\/shop\/wp-json\/wp\/v2\/product"}],"about":[{"href":"https:\/\/www.storycraft.ro\/shop\/wp-json\/wp\/v2\/types\/product"}],"wp:featuredmedia":[{"embeddable":true,"href":"https:\/\/www.storycraft.ro\/shop\/wp-json\/wp\/v2\/media\/21099"}],"wp:attachment":[{"href":"https:\/\/www.storycraft.ro\/shop\/wp-json\/wp\/v2\/media?parent=21098"}],"wp:term":[{"taxonomy":"product_brand","embeddable":true,"href":"https:\/\/www.storycraft.ro\/shop\/wp-json\/wp\/v2\/product_brand?post=21098"},{"taxonomy":"product_cat","embeddable":true,"href":"https:\/\/www.storycraft.ro\/shop\/wp-json\/wp\/v2\/product_cat?post=21098"},{"taxonomy":"product_tag","embeddable":true,"href":"https:\/\/www.storycraft.ro\/shop\/wp-json\/wp\/v2\/product_tag?post=21098"}],"curies":[{"name":"wp","href":"https:\/\/api.w.org\/{rel}","templated":true}]}}