{"id":22252,"date":"2024-07-17T08:38:46","date_gmt":"2024-07-17T05:38:46","guid":{"rendered":"https:\/\/www.storycraft.ro\/shop\/?post_type=product&#038;p=22252"},"modified":"2026-02-11T13:50:07","modified_gmt":"2026-02-11T11:50:07","slug":"te-provoc-sa-ma-iubesti","status":"publish","type":"product","link":"https:\/\/www.storycraft.ro\/shop\/te-provoc-sa-ma-iubesti\/","title":{"rendered":"Te provoc s\u0103 m\u0103 iube\u0219ti!"},"content":{"rendered":"<p><span style=\"color: #000000;\"><strong>Angela, o t\u00e2n\u0103r\u0103 corporatist\u0103, se \u00eendr\u0103goste\u0219te p\u00e2n\u0103 peste cap de Vitalie<\/strong>, un soldat fermec\u0103tor c\u0103ruia nu \u00eei poate rezista. Doar c\u0103 unele lucruri sunt prea frumoase ca s\u0103 fie adev\u0103rate, iar Angela se treze\u0219te \u00eentr-o rela\u021bie toxic\u0103 cu un b\u0103rbat indisponibil emo\u021bional. Nesiguran\u021bele ei \u0219i faptul c\u0103 el nu \u00ee\u0219i dore\u0219te o rela\u021bie, o propulseaz\u0103 pe o spiral\u0103 descendent\u0103 p\u00e2n\u0103 aproape de nebunie. \u00centr-un final, ajunge \u00een situa\u021bia \u00een care orice decizie ar lua, durerea este aproape insuportabil\u0103.<\/span><\/p>\n","protected":false},"excerpt":{"rendered":"<p>Te provoc s\u0103 m\u0103 iube\u0219ti! O<span style=\"color: #000000;\"> t\u00e2n\u0103r\u0103 se \u00eendr\u0103goste\u0219te de un soldat fermec\u0103tor<\/span><\/p>\n","protected":false},"featured_media":27223,"template":"","meta":{"_acf_changed":false},"product_brand":[],"product_cat":[269,281],"product_tag":[312],"class_list":{"0":"post-22252","1":"product","2":"type-product","3":"status-publish","4":"has-post-thumbnail","6":"product_cat-dragoste","7":"product_cat-contemporan","8":"product_tag-produse-individuale","9":"pa_autori-elena-barbu","11":"first","12":"instock","13":"sale","14":"taxable","15":"shipping-taxable","16":"purchasable","17":"product-type-simple"},"acf":[],"aioseo_notices":[],"_links":{"self":[{"href":"https:\/\/www.storycraft.ro\/shop\/wp-json\/wp\/v2\/product\/22252","targetHints":{"allow":["GET"]}}],"collection":[{"href":"https:\/\/www.storycraft.ro\/shop\/wp-json\/wp\/v2\/product"}],"about":[{"href":"https:\/\/www.storycraft.ro\/shop\/wp-json\/wp\/v2\/types\/product"}],"wp:featuredmedia":[{"embeddable":true,"href":"https:\/\/www.storycraft.ro\/shop\/wp-json\/wp\/v2\/media\/27223"}],"wp:attachment":[{"href":"https:\/\/www.storycraft.ro\/shop\/wp-json\/wp\/v2\/media?parent=22252"}],"wp:term":[{"taxonomy":"product_brand","embeddable":true,"href":"https:\/\/www.storycraft.ro\/shop\/wp-json\/wp\/v2\/product_brand?post=22252"},{"taxonomy":"product_cat","embeddable":true,"href":"https:\/\/www.storycraft.ro\/shop\/wp-json\/wp\/v2\/product_cat?post=22252"},{"taxonomy":"product_tag","embeddable":true,"href":"https:\/\/www.storycraft.ro\/shop\/wp-json\/wp\/v2\/product_tag?post=22252"}],"curies":[{"name":"wp","href":"https:\/\/api.w.org\/{rel}","templated":true}]}}