{"id":23389,"date":"2024-09-09T19:39:28","date_gmt":"2024-09-09T16:39:28","guid":{"rendered":"https:\/\/www.storycraft.ro\/shop\/?post_type=product&#038;p=23389"},"modified":"2026-01-04T22:00:26","modified_gmt":"2026-01-04T20:00:26","slug":"moarte-dubla","status":"publish","type":"product","link":"https:\/\/www.storycraft.ro\/shop\/moarte-dubla\/","title":{"rendered":"Moarte Dubl\u0103"},"content":{"rendered":"<p><span style=\"font-weight: 400; color: #000000;\"><strong>Nimic nu r\u0103m\u00e2ne \u00eengropat la nesf\u00e2r\u0219it<\/strong>, iar Martha, o t\u00e2n\u0103r\u0103 jurnalist\u0103 de investiga\u021bii, \u0219tie foarte bine acest lucru. <\/span><span style=\"font-weight: 400; color: #000000;\">Doar c\u0103 de data asta, ea trebuie s\u0103 scoat\u0103 la lumin\u0103 adev\u0103rul despre propria mam\u0103 pe care o credea moart\u0103. Ceea ce descoper\u0103, \u00eens\u0103, este un labirint \u00eentortocheat plin cu secrete, tr\u0103d\u0103ri \u0219i dispari\u021bii suspecte, care o face s\u0103-\u0219i dea seama c\u0103 p\u00e2n\u0103 acum via\u021ba ei a fost o minciun\u0103.<\/span><\/p>\n<p><span style=\"font-weight: 400; color: #000000;\"><strong>\u00centre timp, \u00een confortul propriei vile din Bucure\u0219ti,<\/strong> o avocat\u0103 faimoas\u0103 \u00ee\u0219i vede lini\u0219tit\u0103 de via\u021ba ei, crez\u00e2nd c\u0103 secretele \u00eei sunt \u00een siguran\u021b\u0103.<\/span><\/p>\n","protected":false},"excerpt":{"rendered":"<ul>\n<li><span style=\"color: #000000;\"><strong>Genul:<\/strong> Thriller, Mystery<\/span><\/li>\n<li><span style=\"color: #000000;\"><strong>Editura:<\/strong>\u00a0StoryCraft Publishing<\/span><\/li>\n<li><span style=\"color: #000000;\"><strong>Cod ISBN: <\/strong>978-606-95757-8-9<\/span><\/li>\n<li><span style=\"color: #000000;\"><strong>Format:<\/strong> 12,5 * 19,5 cm<\/span><\/li>\n<li><span style=\"color: #000000;\"><strong>Coperta:<\/strong>\u00a0bro\u0219at\u0103<\/span><\/li>\n<li><span style=\"color: #000000;\"><strong>Nr. pagini la interior:<\/strong> 256<\/span><\/li>\n<\/ul>\n<p>&nbsp;<\/p>\n","protected":false},"featured_media":27215,"template":"","meta":{"_acf_changed":false},"product_brand":[],"product_cat":[308],"product_tag":[312],"class_list":{"0":"post-23389","1":"product","2":"type-product","3":"status-publish","4":"has-post-thumbnail","6":"product_cat-thriller","7":"product_tag-produse-individuale","8":"pa_autori-madalina-angelescu","10":"first","11":"instock","12":"sale","13":"taxable","14":"shipping-taxable","15":"purchasable","16":"product-type-simple"},"acf":[],"aioseo_notices":[],"_links":{"self":[{"href":"https:\/\/www.storycraft.ro\/shop\/wp-json\/wp\/v2\/product\/23389","targetHints":{"allow":["GET"]}}],"collection":[{"href":"https:\/\/www.storycraft.ro\/shop\/wp-json\/wp\/v2\/product"}],"about":[{"href":"https:\/\/www.storycraft.ro\/shop\/wp-json\/wp\/v2\/types\/product"}],"wp:featuredmedia":[{"embeddable":true,"href":"https:\/\/www.storycraft.ro\/shop\/wp-json\/wp\/v2\/media\/27215"}],"wp:attachment":[{"href":"https:\/\/www.storycraft.ro\/shop\/wp-json\/wp\/v2\/media?parent=23389"}],"wp:term":[{"taxonomy":"product_brand","embeddable":true,"href":"https:\/\/www.storycraft.ro\/shop\/wp-json\/wp\/v2\/product_brand?post=23389"},{"taxonomy":"product_cat","embeddable":true,"href":"https:\/\/www.storycraft.ro\/shop\/wp-json\/wp\/v2\/product_cat?post=23389"},{"taxonomy":"product_tag","embeddable":true,"href":"https:\/\/www.storycraft.ro\/shop\/wp-json\/wp\/v2\/product_tag?post=23389"}],"curies":[{"name":"wp","href":"https:\/\/api.w.org\/{rel}","templated":true}]}}