{"id":23406,"date":"2024-09-10T08:47:18","date_gmt":"2024-09-10T05:47:18","guid":{"rendered":"https:\/\/www.storycraft.ro\/shop\/?post_type=product&#038;p=23406"},"modified":"2025-10-15T11:40:45","modified_gmt":"2025-10-15T08:40:45","slug":"moarte-dubla-pe-urmele-mele-fara-tine","status":"publish","type":"product","link":"https:\/\/www.storycraft.ro\/shop\/moarte-dubla-pe-urmele-mele-fara-tine\/","title":{"rendered":"Moarte Dubl\u0103 + Pe urmele mele + F\u0103r\u0103 tine"},"content":{"rendered":"<p><span style=\"color: #000000\"><strong>Pachetul con\u021bine:<\/strong><\/span><\/p>\n<ul>\n<li><span style=\"color: #000000\"><strong>Cartea:<\/strong> \u201cF\u0103r\u0103 tine\u201d, de Roxana St\u0103nescu<\/span><\/li>\n<li><span style=\"color: #000000\"><strong>Cartea:<\/strong> &#8220;Moarte Dubl\u0103&#8221; de M\u0103d\u0103lina Angelescu<\/span><\/li>\n<li><span style=\"color: #000000\"><strong>Cartea:<\/strong> \u201cPe urmele mele\u201d, de Cristina Dobrescu<\/span><\/li>\n<\/ul>\n<div class=\"woocommerce-product-details__short-description\">\n<div class=\"et_pb_module et_pb_text et_pb_text_22 et_pb_text_align_left et_pb_bg_layout_light\">\n<div class=\"et_pb_text_inner\">\n<div class=\"et_pb_column et_pb_column_1_2 et_pb_column_28 et_pb_css_mix_blend_mode_passthrough\"><\/div>\n<\/div>\n<\/div>\n<\/div>\n","protected":false},"excerpt":{"rendered":"<p><span style=\"color: #000000\"><strong>Pachetul con\u021bine:\u00a0<\/strong><\/span><\/p>\n<ul>\n<li><span style=\"color: #000000\"><strong>Cartea:<\/strong> \u201cF\u0103r\u0103 tine\u201d, de Roxana St\u0103nescu<\/span><\/li>\n<li><span style=\"color: #000000\"><strong>Cartea:<\/strong> &#8220;Moarte Dubl\u0103&#8221; de M\u0103d\u0103lina Angelescu<\/span><\/li>\n<li><span style=\"color: #000000\"><strong>Cartea:<\/strong> \u201cPe urmele mele\u201d, de Cristina Dobrescu<\/span><\/li>\n<\/ul>\n","protected":false},"featured_media":23403,"template":"","meta":{"_acf_changed":false},"product_brand":[],"product_cat":[261],"product_tag":[311],"class_list":{"0":"post-23406","1":"product","2":"type-product","3":"status-publish","4":"has-post-thumbnail","6":"product_cat-pachete","7":"product_tag-pachete","8":"pa_autori-cristina-dobrescu","9":"pa_autori-madalina-angelescu","10":"pa_autori-roxana-stanescu","12":"first","13":"instock","14":"sale","15":"taxable","16":"shipping-taxable","17":"purchasable","18":"product-type-simple"},"acf":[],"aioseo_notices":[],"_links":{"self":[{"href":"https:\/\/www.storycraft.ro\/shop\/wp-json\/wp\/v2\/product\/23406","targetHints":{"allow":["GET"]}}],"collection":[{"href":"https:\/\/www.storycraft.ro\/shop\/wp-json\/wp\/v2\/product"}],"about":[{"href":"https:\/\/www.storycraft.ro\/shop\/wp-json\/wp\/v2\/types\/product"}],"wp:featuredmedia":[{"embeddable":true,"href":"https:\/\/www.storycraft.ro\/shop\/wp-json\/wp\/v2\/media\/23403"}],"wp:attachment":[{"href":"https:\/\/www.storycraft.ro\/shop\/wp-json\/wp\/v2\/media?parent=23406"}],"wp:term":[{"taxonomy":"product_brand","embeddable":true,"href":"https:\/\/www.storycraft.ro\/shop\/wp-json\/wp\/v2\/product_brand?post=23406"},{"taxonomy":"product_cat","embeddable":true,"href":"https:\/\/www.storycraft.ro\/shop\/wp-json\/wp\/v2\/product_cat?post=23406"},{"taxonomy":"product_tag","embeddable":true,"href":"https:\/\/www.storycraft.ro\/shop\/wp-json\/wp\/v2\/product_tag?post=23406"}],"curies":[{"name":"wp","href":"https:\/\/api.w.org\/{rel}","templated":true}]}}