{"id":23407,"date":"2024-09-10T08:52:13","date_gmt":"2024-09-10T05:52:13","guid":{"rendered":"https:\/\/www.storycraft.ro\/shop\/?post_type=product&#038;p=23407"},"modified":"2025-01-24T16:02:21","modified_gmt":"2025-01-24T14:02:21","slug":"moarte-dubla-intersectii-1924-lasa-intunericul-sa-te-invaluie","status":"publish","type":"product","link":"https:\/\/www.storycraft.ro\/shop\/moarte-dubla-intersectii-1924-lasa-intunericul-sa-te-invaluie\/","title":{"rendered":"Moarte Dubl\u0103 + Intersec\u021bii + 1924 + Las\u0103 \u00eentunericul s\u0103 te \u00eenv\u0103luie"},"content":{"rendered":"<p><span style=\"color: #000000\"><strong>Pachetul con\u021bine:<\/strong><\/span><\/p>\n<ul>\n<li><span style=\"color: #000000\"><strong>Cartea:<\/strong> \u201cMoarte Dubl\u0103\u201d, de M\u0103d\u0103lina Angelescu<\/span><\/li>\n<li><span style=\"color: #000000\"><strong>Cartea:<\/strong> &#8220;Intersec\u021bii&#8221;, de Daniel Z\u0103rnescu<\/span><\/li>\n<li><span style=\"color: #000000\"><strong>Cartea:<\/strong> \u201c1924\u201d, de Andrei \u021aig\u0103na\u0219<\/span><\/li>\n<li><span style=\"color: #000000\"><strong>Cartea:<\/strong> &#8220;Las\u0103 \u00eentunericul s\u0103 te \u00eenv\u0103luie&#8221;, de Maria Voss<\/span><\/li>\n<\/ul>\n","protected":false},"excerpt":{"rendered":"<p><span style=\"color: #000000\"><strong>Pachetul con\u021bine:\u00a0<\/strong><\/span><\/p>\n<ul>\n<li><span style=\"color: #000000\"><strong>Cartea:<\/strong> \u201cMoarte Dubl\u0103\u201d, de M\u0103d\u0103lina Angelescu<\/span><\/li>\n<li><span style=\"color: #000000\"><strong>Cartea:<\/strong> &#8220;Intersec\u021bii&#8221;, de Daniel Z\u0103rnescu<\/span><\/li>\n<li><span style=\"color: #000000\"><strong>Cartea:<\/strong> \u201c1924\u201d, de Andrei \u021aig\u0103na\u0219<\/span><\/li>\n<li><span style=\"color: #000000\"><strong>Cartea:<\/strong> &#8220;Las\u0103 \u00eentunericul s\u0103 te \u00eenv\u0103luie&#8221;, de Maria Voss<\/span><\/li>\n<\/ul>\n","protected":false},"featured_media":23405,"template":"","meta":{"_acf_changed":false},"product_brand":[],"product_cat":[261],"product_tag":[311],"class_list":{"0":"post-23407","1":"product","2":"type-product","3":"status-publish","4":"has-post-thumbnail","6":"product_cat-pachete","7":"product_tag-pachete","8":"pa_autori-andrei-tiganas","9":"pa_autori-daniel-zarnescu","10":"pa_autori-madalina-angelescu","11":"pa_autori-maria-voss","13":"first","14":"instock","15":"sale","16":"taxable","17":"shipping-taxable","18":"purchasable","19":"product-type-simple"},"acf":[],"aioseo_notices":[],"_links":{"self":[{"href":"https:\/\/www.storycraft.ro\/shop\/wp-json\/wp\/v2\/product\/23407","targetHints":{"allow":["GET"]}}],"collection":[{"href":"https:\/\/www.storycraft.ro\/shop\/wp-json\/wp\/v2\/product"}],"about":[{"href":"https:\/\/www.storycraft.ro\/shop\/wp-json\/wp\/v2\/types\/product"}],"wp:featuredmedia":[{"embeddable":true,"href":"https:\/\/www.storycraft.ro\/shop\/wp-json\/wp\/v2\/media\/23405"}],"wp:attachment":[{"href":"https:\/\/www.storycraft.ro\/shop\/wp-json\/wp\/v2\/media?parent=23407"}],"wp:term":[{"taxonomy":"product_brand","embeddable":true,"href":"https:\/\/www.storycraft.ro\/shop\/wp-json\/wp\/v2\/product_brand?post=23407"},{"taxonomy":"product_cat","embeddable":true,"href":"https:\/\/www.storycraft.ro\/shop\/wp-json\/wp\/v2\/product_cat?post=23407"},{"taxonomy":"product_tag","embeddable":true,"href":"https:\/\/www.storycraft.ro\/shop\/wp-json\/wp\/v2\/product_tag?post=23407"}],"curies":[{"name":"wp","href":"https:\/\/api.w.org\/{rel}","templated":true}]}}