{"id":24189,"date":"2024-10-16T22:01:46","date_gmt":"2024-10-16T19:01:46","guid":{"rendered":"https:\/\/www.storycraft.ro\/shop\/?post_type=product&#038;p=24189"},"modified":"2026-04-01T11:01:18","modified_gmt":"2026-04-01T08:01:18","slug":"ultra-intersectii-dezvoltare-personala-lasa-intunericul-sa-te-invaluie","status":"publish","type":"product","link":"https:\/\/www.storycraft.ro\/shop\/ultra-intersectii-dezvoltare-personala-lasa-intunericul-sa-te-invaluie\/","title":{"rendered":"ULTRA + Intersec\u021bii + Dezvoltare Personal\u0103 + Las\u0103 \u00eentunericul s\u0103 te \u00eenv\u0103luie"},"content":{"rendered":"<p><span style=\"color: #000000;\"><strong>Pachetul con\u021bine:<\/strong><\/span><\/p>\n<ul>\n<li><span style=\"color: #000000;\"><strong>Cartea<\/strong>: \u201eULTRA\u201d de Ioana Precup<\/span><\/li>\n<li><span style=\"color: #000000;\"><strong>Cartea<\/strong>: \u201eIntersec\u021bii\u201d de Daniel Z\u0103rnescu<\/span><\/li>\n<li><span style=\"color: #000000;\"><strong>Cartea<\/strong>: \u201eDezvoltare Personal\u0103\u201d de Cornelia Voiculescu<\/span><\/li>\n<li><span style=\"color: #000000;\"><strong>Cartea<\/strong>: \u201eLas\u0103 \u00eentunericul s\u0103 te \u00eenv\u0103luie\u201d de Maria Voss<\/span><\/li>\n<\/ul>\n<div class=\"woocommerce-product-details__short-description\">\n<div class=\"et_pb_module et_pb_text et_pb_text_22 et_pb_text_align_left et_pb_bg_layout_light\">\n<div class=\"et_pb_text_inner\">\n<div class=\"et_pb_column et_pb_column_1_2 et_pb_column_28 et_pb_css_mix_blend_mode_passthrough\"><\/div>\n<\/div>\n<\/div>\n<\/div>\n","protected":false},"excerpt":{"rendered":"<p><span style=\"color: #000000;\"><strong>Pachetul con\u021bine:<\/strong><\/span><\/p>\n<ul>\n<li><span style=\"color: #000000;\"><strong>Cartea<\/strong>: \u201eULTRA\u201d de Ioana Precup\u00a0<\/span><\/li>\n<li><span style=\"color: #000000;\"><strong>Cartea<\/strong>: \u201eIntersec\u021bii\u201d de Daniel Z\u0103rnescu<\/span><\/li>\n<li><span style=\"color: #000000;\"><strong>Cartea<\/strong>: \u201eDezvoltare Personal\u0103\u201d de Cornelia Voiculescu<\/span><\/li>\n<li><span style=\"color: #000000;\"><strong>Cartea<\/strong>: \u201eLas\u0103 \u00eentunericul s\u0103 te \u00eenv\u0103luie\u201d de Maria Voss<\/span><\/li>\n<\/ul>\n","protected":false},"featured_media":24187,"template":"","meta":{"_acf_changed":false},"product_brand":[],"product_cat":[261],"product_tag":[311],"class_list":{"0":"post-24189","1":"product","2":"type-product","3":"status-publish","4":"has-post-thumbnail","6":"product_cat-pachete","7":"product_tag-pachete","8":"pa_autori-cornelia-voiculescu","9":"pa_autori-daniel-zarnescu","10":"pa_autori-ioana-precup","11":"pa_autori-maria-voss","13":"first","14":"instock","15":"sale","16":"taxable","17":"shipping-taxable","18":"purchasable","19":"product-type-simple"},"acf":[],"aioseo_notices":[],"_links":{"self":[{"href":"https:\/\/www.storycraft.ro\/shop\/wp-json\/wp\/v2\/product\/24189","targetHints":{"allow":["GET"]}}],"collection":[{"href":"https:\/\/www.storycraft.ro\/shop\/wp-json\/wp\/v2\/product"}],"about":[{"href":"https:\/\/www.storycraft.ro\/shop\/wp-json\/wp\/v2\/types\/product"}],"wp:featuredmedia":[{"embeddable":true,"href":"https:\/\/www.storycraft.ro\/shop\/wp-json\/wp\/v2\/media\/24187"}],"wp:attachment":[{"href":"https:\/\/www.storycraft.ro\/shop\/wp-json\/wp\/v2\/media?parent=24189"}],"wp:term":[{"taxonomy":"product_brand","embeddable":true,"href":"https:\/\/www.storycraft.ro\/shop\/wp-json\/wp\/v2\/product_brand?post=24189"},{"taxonomy":"product_cat","embeddable":true,"href":"https:\/\/www.storycraft.ro\/shop\/wp-json\/wp\/v2\/product_cat?post=24189"},{"taxonomy":"product_tag","embeddable":true,"href":"https:\/\/www.storycraft.ro\/shop\/wp-json\/wp\/v2\/product_tag?post=24189"}],"curies":[{"name":"wp","href":"https:\/\/api.w.org\/{rel}","templated":true}]}}