{"id":25514,"date":"2024-11-18T23:45:15","date_gmt":"2024-11-18T21:45:15","guid":{"rendered":"https:\/\/www.storycraft.ro\/shop\/?post_type=product&#038;p=25514"},"modified":"2025-09-04T12:23:18","modified_gmt":"2025-09-04T09:23:18","slug":"nici-urma-de-el","status":"publish","type":"product","link":"https:\/\/www.storycraft.ro\/shop\/nici-urma-de-el\/","title":{"rendered":"Nici urm\u0103 de el"},"content":{"rendered":"<p><span style=\"font-weight: 400;color: #000000\"><strong>Clara \u0219i David au o c\u0103snicie fericit\u0103.<\/strong> Sigur, se mai ceart\u0103 uneori, dar niciodat\u0103 nu e foarte grav. \u00cen niciun caz suficient de grav \u00eenc\u00e2t el s\u0103 dispar\u0103 f\u0103r\u0103 urm\u0103. <\/span><\/p>\n<p><span style=\"font-weight: 400;color: #000000\">\u0218i totu\u0219i, \u00eentr-o diminea\u021b\u0103, David nu mai e de g\u0103sit. Iar asta o face pe Clara s\u0103 se \u00eendoiasc\u0103 de tot ce a crezut vreodat\u0103. Dispari\u021bia lui e \u00eenso\u021bit\u0103 de o serie de evenimente neobi\u0219nuite, iar fiecare r\u0103spuns primit st\u00e2rne\u0219te noi \u00eentreb\u0103ri.<\/span><\/p>\n<p><span style=\"color: #000000\"><span style=\"font-weight: 400\"><strong>Dar Clara nu are de g\u00e2nd s\u0103 renun\u021be p\u00e2n\u0103 nu descoper\u0103 adev\u0103rul<\/strong>. <\/span><span style=\"font-weight: 400\">Nu \u0219tie, \u00eens\u0103, c\u0103 unele adev\u0103ruri sunt prea terifiante pentru a fi acceptate.<\/span><\/span><\/p>\n","protected":false},"excerpt":{"rendered":"<ul>\n<li><span style=\"color: #000000\"><strong>Genul:<\/strong> <span style=\"font-weight: 400\">Thriller \u2013 Mystery<\/span><\/span><\/li>\n<li><span style=\"color: #000000\"><strong>Editura:<\/strong>\u00a0StoryCraft Publishing<\/span><\/li>\n<li><span style=\"color: #000000\"><strong>Cod ISBN: <\/strong>978-606-95978-1-1<\/span><\/li>\n<li><span style=\"color: #000000\"><strong>Format:<\/strong> 12,5 * 19,5 cm<\/span><\/li>\n<li><span style=\"color: #000000\"><strong>Coperta:<\/strong>\u00a0bro\u0219at\u0103<\/span><\/li>\n<li><span style=\"color: #000000\"><strong>Nr. pagini la interior:<\/strong> 320<\/span><\/li>\n<\/ul>\n","protected":false},"featured_media":27217,"template":"","meta":{"_acf_changed":false},"product_brand":[],"product_cat":[308],"product_tag":[312],"class_list":{"0":"post-25514","1":"product","2":"type-product","3":"status-publish","4":"has-post-thumbnail","6":"product_cat-thriller","7":"product_tag-produse-individuale","8":"pa_autori-stefana-chelsau","10":"first","11":"instock","12":"sale","13":"taxable","14":"shipping-taxable","15":"purchasable","16":"product-type-simple"},"acf":[],"aioseo_notices":[],"_links":{"self":[{"href":"https:\/\/www.storycraft.ro\/shop\/wp-json\/wp\/v2\/product\/25514","targetHints":{"allow":["GET"]}}],"collection":[{"href":"https:\/\/www.storycraft.ro\/shop\/wp-json\/wp\/v2\/product"}],"about":[{"href":"https:\/\/www.storycraft.ro\/shop\/wp-json\/wp\/v2\/types\/product"}],"wp:featuredmedia":[{"embeddable":true,"href":"https:\/\/www.storycraft.ro\/shop\/wp-json\/wp\/v2\/media\/27217"}],"wp:attachment":[{"href":"https:\/\/www.storycraft.ro\/shop\/wp-json\/wp\/v2\/media?parent=25514"}],"wp:term":[{"taxonomy":"product_brand","embeddable":true,"href":"https:\/\/www.storycraft.ro\/shop\/wp-json\/wp\/v2\/product_brand?post=25514"},{"taxonomy":"product_cat","embeddable":true,"href":"https:\/\/www.storycraft.ro\/shop\/wp-json\/wp\/v2\/product_cat?post=25514"},{"taxonomy":"product_tag","embeddable":true,"href":"https:\/\/www.storycraft.ro\/shop\/wp-json\/wp\/v2\/product_tag?post=25514"}],"curies":[{"name":"wp","href":"https:\/\/api.w.org\/{rel}","templated":true}]}}