{"id":25532,"date":"2024-11-19T08:04:50","date_gmt":"2024-11-19T06:04:50","guid":{"rendered":"https:\/\/www.storycraft.ro\/shop\/?post_type=product&#038;p=25532"},"modified":"2025-07-28T12:03:36","modified_gmt":"2025-07-28T09:03:36","slug":"nici-urma-de-el-fata-cu-val-albastru-in-umbra-tradarii","status":"publish","type":"product","link":"https:\/\/www.storycraft.ro\/shop\/nici-urma-de-el-fata-cu-val-albastru-in-umbra-tradarii\/","title":{"rendered":"Nici urm\u0103 de el + Fata cu v\u0103l albastru + \u00cen umbra tr\u0103d\u0103rii"},"content":{"rendered":"<p><span style=\"color: #000000\"><strong>Pachetul con\u021bine:<\/strong><\/span><\/p>\n<ol>\n<li><span style=\"color: #000000\"><strong>Cartea:<\/strong> &#8220;Nici urm\u0103 de el&#8221; de \u0218tefana Chels\u0103u<\/span><\/li>\n<li><span style=\"color: #000000\"><strong>Cartea:<\/strong> &#8220;\u00cen umbra tr\u0103d\u0103rii&#8221; de \u0218tefana Chels\u0103u<\/span><\/li>\n<li><span style=\"color: #000000\"><strong>Cartea:<\/strong> &#8220;Fata cu v\u0103l albastru&#8221; de \u0218tefana Chels\u0103u<\/span><\/li>\n<\/ol>\n<div class=\"woocommerce-product-details__short-description\">\n<p>&nbsp;<\/p>\n<\/div>\n","protected":false},"excerpt":{"rendered":"<p><span style=\"color: #000000\"><strong>Pachetul con\u021bine:\u00a0<\/strong><\/span><\/p>\n<ol>\n<li><span style=\"color: #000000\"><strong>Cartea:<\/strong> &#8220;Nici urm\u0103 de el&#8221; de \u0218tefana Chels\u0103u\u00a0<\/span><\/li>\n<li><span style=\"color: #000000\"><strong>Cartea:<\/strong> &#8220;\u00cen umbra tr\u0103d\u0103rii&#8221; de \u0218tefana Chels\u0103u\u00a0<\/span><\/li>\n<li><span style=\"color: #000000\"><strong>Cartea:<\/strong> &#8220;Fata cu v\u0103l albastru&#8221; de \u0218tefana Chels\u0103u\u00a0<\/span><\/li>\n<\/ol>\n","protected":false},"featured_media":25530,"template":"","meta":{"_acf_changed":false},"product_brand":[],"product_cat":[261],"product_tag":[311],"class_list":{"0":"post-25532","1":"product","2":"type-product","3":"status-publish","4":"has-post-thumbnail","6":"product_cat-pachete","7":"product_tag-pachete","8":"pa_autori-stefana-chelsau","10":"first","11":"instock","12":"sale","13":"taxable","14":"shipping-taxable","15":"purchasable","16":"product-type-simple"},"acf":[],"aioseo_notices":[],"_links":{"self":[{"href":"https:\/\/www.storycraft.ro\/shop\/wp-json\/wp\/v2\/product\/25532","targetHints":{"allow":["GET"]}}],"collection":[{"href":"https:\/\/www.storycraft.ro\/shop\/wp-json\/wp\/v2\/product"}],"about":[{"href":"https:\/\/www.storycraft.ro\/shop\/wp-json\/wp\/v2\/types\/product"}],"wp:featuredmedia":[{"embeddable":true,"href":"https:\/\/www.storycraft.ro\/shop\/wp-json\/wp\/v2\/media\/25530"}],"wp:attachment":[{"href":"https:\/\/www.storycraft.ro\/shop\/wp-json\/wp\/v2\/media?parent=25532"}],"wp:term":[{"taxonomy":"product_brand","embeddable":true,"href":"https:\/\/www.storycraft.ro\/shop\/wp-json\/wp\/v2\/product_brand?post=25532"},{"taxonomy":"product_cat","embeddable":true,"href":"https:\/\/www.storycraft.ro\/shop\/wp-json\/wp\/v2\/product_cat?post=25532"},{"taxonomy":"product_tag","embeddable":true,"href":"https:\/\/www.storycraft.ro\/shop\/wp-json\/wp\/v2\/product_tag?post=25532"}],"curies":[{"name":"wp","href":"https:\/\/api.w.org\/{rel}","templated":true}]}}