{"id":25815,"date":"2024-12-09T18:54:08","date_gmt":"2024-12-09T16:54:08","guid":{"rendered":"https:\/\/www.storycraft.ro\/shop\/?post_type=product&#038;p=25815"},"modified":"2026-04-08T10:39:42","modified_gmt":"2026-04-08T07:39:42","slug":"cum-sa-cuceresti-un-baiat-si-alte-planuri-esuate","status":"publish","type":"product","link":"https:\/\/www.storycraft.ro\/shop\/cum-sa-cuceresti-un-baiat-si-alte-planuri-esuate\/","title":{"rendered":"Cum s\u0103 cucere\u0219ti un b\u0103iat&#8230; \u0219i alte planuri e\u0219uate"},"content":{"rendered":"<p><span style=\"color: #000000;\"><strong>Alexis avea planuri mari<\/strong>\u00a0pentru vacan\u021ba de Anul Nou: o s\u0103pt\u0103m\u00e2n\u0103 la munte cu cea mai bun\u0103 prieten\u0103 \u0219i cu fratele ei geam\u0103n, R O B E R T \u2014 tipul pe care spera s\u0103-l cucereasc\u0103 p\u00e2n\u0103 la revelion. Dar c\u00e2nd planul ei e distrus de o pedeaps\u0103 nea\u0219teptat\u0103 \u0219i o familie necunoscut\u0103 ocup\u0103 cabana, Alexis decide s\u0103 \u00ee\u0219i petreac\u0103 vacan\u021ba ignor\u00e2nd pe toat\u0103 lumea. <\/span><\/p>\n<p><span style=\"color: #000000;\"><strong>Totul se schimb\u0103 c\u00e2nd unul dintre noii veni\u021bi<\/strong>, un b\u0103iat enigmatic, \u00eei stric\u0103 \u0219i ultimul plan\u2014acela de a se izola \u00een fa\u021ba \u0219emineului.<\/span><\/p>\n","protected":false},"excerpt":{"rendered":"<p><span style=\"color: #000000;\"><strong>Alexis avea planuri mari<\/strong> pentru vacan\u021ba de Anul Nou: o s\u0103pt\u0103m\u00e2n\u0103 la munte cu cea mai bun\u0103 prieten\u0103 \u0219i cu fratele ei geam\u0103n, R O B E R T&#8230;<\/span><\/p>\n","protected":false},"featured_media":27233,"template":"","meta":{"_acf_changed":false},"product_brand":[],"product_cat":[267,269],"product_tag":[312],"class_list":{"0":"post-25815","1":"product","2":"type-product","3":"status-publish","4":"has-post-thumbnail","6":"product_cat-young-adult","7":"product_cat-dragoste","8":"product_tag-produse-individuale","9":"pa_autori-roxana-popa","11":"first","12":"instock","13":"sale","14":"taxable","15":"shipping-taxable","16":"purchasable","17":"product-type-simple"},"acf":[],"aioseo_notices":[],"_links":{"self":[{"href":"https:\/\/www.storycraft.ro\/shop\/wp-json\/wp\/v2\/product\/25815","targetHints":{"allow":["GET"]}}],"collection":[{"href":"https:\/\/www.storycraft.ro\/shop\/wp-json\/wp\/v2\/product"}],"about":[{"href":"https:\/\/www.storycraft.ro\/shop\/wp-json\/wp\/v2\/types\/product"}],"wp:featuredmedia":[{"embeddable":true,"href":"https:\/\/www.storycraft.ro\/shop\/wp-json\/wp\/v2\/media\/27233"}],"wp:attachment":[{"href":"https:\/\/www.storycraft.ro\/shop\/wp-json\/wp\/v2\/media?parent=25815"}],"wp:term":[{"taxonomy":"product_brand","embeddable":true,"href":"https:\/\/www.storycraft.ro\/shop\/wp-json\/wp\/v2\/product_brand?post=25815"},{"taxonomy":"product_cat","embeddable":true,"href":"https:\/\/www.storycraft.ro\/shop\/wp-json\/wp\/v2\/product_cat?post=25815"},{"taxonomy":"product_tag","embeddable":true,"href":"https:\/\/www.storycraft.ro\/shop\/wp-json\/wp\/v2\/product_tag?post=25815"}],"curies":[{"name":"wp","href":"https:\/\/api.w.org\/{rel}","templated":true}]}}