{"id":25821,"date":"2024-12-09T19:38:58","date_gmt":"2024-12-09T17:38:58","guid":{"rendered":"https:\/\/www.storycraft.ro\/shop\/?post_type=product&#038;p=25821"},"modified":"2026-02-07T09:20:30","modified_gmt":"2026-02-07T07:20:30","slug":"un-inger-decazut","status":"publish","type":"product","link":"https:\/\/www.storycraft.ro\/shop\/un-inger-decazut\/","title":{"rendered":"Un \u00eenger dec\u0103zut"},"content":{"rendered":"<p><span style=\"color: #000000;\"><b>Latura ascuns\u0103 a transplanturilor ilegale de organe organizate de mafia local\u0103. O lume violent\u0103 \u00een care oricine poate deveni o victim\u0103, dac\u0103 se apropie prea mult. <\/b><span style=\"font-weight: 400;\">Faimosul detectiv Jack Wyler ia un caz relativ simplu, dar descoper\u0103 pe parcurs c\u0103 i\u021bele sunt mult mai \u00eencurcate dec\u00e2t credea: criminalul c\u0103utat de detectiv, \u00eempotriva c\u0103ruia exist\u0103 dovezi clare, a murit cu mult timp \u00eenainte ca crima s\u0103 fie comis\u0103. <\/span><span style=\"font-weight: 400;\">Cazul \u00eel arunc\u0103 pe Jack \u00eentr-un labirint al crimei, \u00een care descoper\u0103 treptat c\u0103 nimic nu este ceea ce pare. Cu c\u00e2t sap\u0103 mai ad\u00e2nc, cu c\u00e2t se afund\u0103 mai mult \u00een piste false, p\u00e2n\u0103 c\u00e2nd ajunge \u00een situa\u021bia \u00een care propria sa via\u021b\u0103 este pus\u0103 \u00een pericol.<\/span><\/span><\/p>\n","protected":false},"excerpt":{"rendered":"<p>Un \u00eenger dec\u0103zut: <span style=\"color: #000000;\"><span style=\"font-weight: 400;\">Faimosul detectiv Jack Wyler ia un caz relativ simplu, dar descoper\u0103 pe parcurs c\u0103 i\u021bele sunt mult mai \u00eencurcate dec\u00e2t credea.<\/span><\/span><\/p>\n","protected":false},"featured_media":27225,"template":"","meta":{"_acf_changed":false},"product_brand":[],"product_cat":[279],"product_tag":[312],"class_list":{"0":"post-25821","1":"product","2":"type-product","3":"status-publish","4":"has-post-thumbnail","6":"product_cat-politist","7":"product_tag-produse-individuale","8":"pa_autori-catalin-ionita","10":"first","11":"instock","12":"sale","13":"taxable","14":"shipping-taxable","15":"purchasable","16":"product-type-simple"},"acf":[],"aioseo_notices":[],"_links":{"self":[{"href":"https:\/\/www.storycraft.ro\/shop\/wp-json\/wp\/v2\/product\/25821","targetHints":{"allow":["GET"]}}],"collection":[{"href":"https:\/\/www.storycraft.ro\/shop\/wp-json\/wp\/v2\/product"}],"about":[{"href":"https:\/\/www.storycraft.ro\/shop\/wp-json\/wp\/v2\/types\/product"}],"wp:featuredmedia":[{"embeddable":true,"href":"https:\/\/www.storycraft.ro\/shop\/wp-json\/wp\/v2\/media\/27225"}],"wp:attachment":[{"href":"https:\/\/www.storycraft.ro\/shop\/wp-json\/wp\/v2\/media?parent=25821"}],"wp:term":[{"taxonomy":"product_brand","embeddable":true,"href":"https:\/\/www.storycraft.ro\/shop\/wp-json\/wp\/v2\/product_brand?post=25821"},{"taxonomy":"product_cat","embeddable":true,"href":"https:\/\/www.storycraft.ro\/shop\/wp-json\/wp\/v2\/product_cat?post=25821"},{"taxonomy":"product_tag","embeddable":true,"href":"https:\/\/www.storycraft.ro\/shop\/wp-json\/wp\/v2\/product_tag?post=25821"}],"curies":[{"name":"wp","href":"https:\/\/api.w.org\/{rel}","templated":true}]}}