{"id":25823,"date":"2024-12-09T19:49:36","date_gmt":"2024-12-09T17:49:36","guid":{"rendered":"https:\/\/www.storycraft.ro\/shop\/?post_type=product&#038;p=25823"},"modified":"2025-08-17T15:04:17","modified_gmt":"2025-08-17T12:04:17","slug":"gaseste-ti-vocea","status":"publish","type":"product","link":"https:\/\/www.storycraft.ro\/shop\/gaseste-ti-vocea\/","title":{"rendered":"G\u0103seste-\u021bi vocea"},"content":{"rendered":"<p><span style=\"color: #000000\"><b>&#8220;G\u0103se\u0219te-\u021bi Vocea&#8221;<\/b><span style=\"font-weight: 400\"> este un ghid esen\u021bial pentru oricine vrea s\u0103 exceleze \u00een arta vorbitului \u00een public \u0219i s\u0103 comunice cu impact. Vei \u00eenv\u0103\u021ba s\u0103-\u021bi construie\u0219ti un discurs coerent, s\u0103 \u00ee\u021bi controlezi emo\u021biile \u0219i s\u0103 creezi o conexiune real\u0103 cu publicul t\u0103u.<\/span><\/span><\/p>\n<p><span style=\"font-weight: 400;color: #000000\">Modelul propus de autor este construit \u00een jurul a \u0219ase elemente cheie ale artei oratoriei, plec\u00e2nd de la cele mai superficiale, unde po\u021bi interveni rapid, \u0219i ajung\u00e2nd la cele mai profunde, care \u00ee\u021bi formeaz\u0103 inclusiv identitatea, ca om:<\/span><\/p>\n<ol>\n<li style=\"font-weight: 400\"><span style=\"color: #000000\"><b>Dic\u021bia \u0219i expresivitatea vocal\u0103<\/b><span style=\"font-weight: 400\"> \u2013 pentru o voce clar\u0103 \u0219i pl\u0103cut\u0103, care s\u0103 captiveze.<\/span><\/span><\/li>\n<li style=\"font-weight: 400\"><span style=\"color: #000000\"><b>Structura discursului<\/b><span style=\"font-weight: 400\"> \u2013 ca s\u0103-\u021bi construie\u0219ti ideile logic \u0219i s\u0103 fii u\u0219or de urm\u0103rit.<\/span><\/span><\/li>\n<li style=\"font-weight: 400\"><span style=\"color: #000000\"><b>Postura \u0219i limbajul corpului<\/b><span style=\"font-weight: 400\"> \u2013 pentru o prezen\u021b\u0103 scenic\u0103 ce inspir\u0103 \u00eencredere.<\/span><\/span><\/li>\n<li style=\"font-weight: 400\"><span style=\"color: #000000\"><b>Stilul de via\u021b\u0103<\/b><span style=\"font-weight: 400\"> \u2013 pentru c\u0103 felul \u00een care tr\u0103ie\u0219ti influen\u021beaz\u0103 felul \u00een care vorbe\u0219ti.<\/span><\/span><\/li>\n<li style=\"font-weight: 400\"><span style=\"color: #000000\"><b>Bagajul cultural<\/b><span style=\"font-weight: 400\"> \u2013 baza care d\u0103 substan\u021b\u0103 \u0219i profunzime mesajului t\u0103u.<\/span><\/span><\/li>\n<li style=\"font-weight: 400\"><span style=\"color: #000000\"><b>Convingerile \u0219i valorile<\/b><span style=\"font-weight: 400\"> \u2013 nucleul care te face autentic \u0219i memorabil.<\/span><\/span><\/li>\n<\/ol>\n","protected":false},"excerpt":{"rendered":"<p><span style=\"color: #000000\"><b>&#8220;G\u0103se\u0219te-\u021bi Vocea&#8221;<\/b><span style=\"font-weight: 400\"> este un ghid esen\u021bial pentru oricine vrea s\u0103 exceleze \u00een arta vorbitului \u00een public \u0219i s\u0103 comunice cu impact.<\/span><\/span><\/p>\n<p>&nbsp;<\/p>\n","protected":false},"featured_media":27549,"template":"","meta":{"_acf_changed":false},"product_brand":[],"product_cat":[283,320],"product_tag":[312],"class_list":{"0":"post-25823","1":"product","2":"type-product","3":"status-publish","4":"has-post-thumbnail","6":"product_cat-carti-dezvoltare-personala","7":"product_cat-mindmap","8":"product_tag-produse-individuale","9":"pa_autori-andrei-tiganas","11":"first","12":"instock","13":"sale","14":"taxable","15":"shipping-taxable","16":"purchasable","17":"product-type-simple"},"acf":[],"aioseo_notices":[],"_links":{"self":[{"href":"https:\/\/www.storycraft.ro\/shop\/wp-json\/wp\/v2\/product\/25823","targetHints":{"allow":["GET"]}}],"collection":[{"href":"https:\/\/www.storycraft.ro\/shop\/wp-json\/wp\/v2\/product"}],"about":[{"href":"https:\/\/www.storycraft.ro\/shop\/wp-json\/wp\/v2\/types\/product"}],"wp:featuredmedia":[{"embeddable":true,"href":"https:\/\/www.storycraft.ro\/shop\/wp-json\/wp\/v2\/media\/27549"}],"wp:attachment":[{"href":"https:\/\/www.storycraft.ro\/shop\/wp-json\/wp\/v2\/media?parent=25823"}],"wp:term":[{"taxonomy":"product_brand","embeddable":true,"href":"https:\/\/www.storycraft.ro\/shop\/wp-json\/wp\/v2\/product_brand?post=25823"},{"taxonomy":"product_cat","embeddable":true,"href":"https:\/\/www.storycraft.ro\/shop\/wp-json\/wp\/v2\/product_cat?post=25823"},{"taxonomy":"product_tag","embeddable":true,"href":"https:\/\/www.storycraft.ro\/shop\/wp-json\/wp\/v2\/product_tag?post=25823"}],"curies":[{"name":"wp","href":"https:\/\/api.w.org\/{rel}","templated":true}]}}