{"id":26219,"date":"2024-12-16T22:47:34","date_gmt":"2024-12-16T20:47:34","guid":{"rendered":"https:\/\/www.storycraft.ro\/shop\/?post_type=product&#038;p=26219"},"modified":"2026-01-17T13:48:03","modified_gmt":"2026-01-17T11:48:03","slug":"pretul-sangelui-asasinul-siberian-un-inger-decazut","status":"publish","type":"product","link":"https:\/\/www.storycraft.ro\/shop\/pretul-sangelui-asasinul-siberian-un-inger-decazut\/","title":{"rendered":"Pre\u021bul S\u00e2ngelui + Asasinul Siberian + Un \u00eenger dec\u0103zut"},"content":{"rendered":"<p><span style=\"color: #000000;\"><strong>Pachetul con\u021bine trei c\u0103r\u021bi din seria bestseller \u201dDetectivul Jack Wyler\u201d:<\/strong><\/span><\/p>\n<ol>\n<li><span style=\"color: #000000;\"><strong>Cartea 1<\/strong> \u201cPre\u021bul S\u00e2ngelui\u201d de C\u0103t\u0103lin Ioni\u021b\u0103\u00a0\u00a0<\/span><\/li>\n<li><span style=\"color: #000000;\"><strong>Cartea 2<\/strong> \u201cAsasinul Siberian\u201d de C\u0103t\u0103lin Ioni\u021b\u0103\u00a0<\/span><\/li>\n<li><span style=\"color: #000000;\"><strong>Cartea<\/strong> <strong>3<\/strong> \u201cUn \u00eenger dec\u0103zut\u201d de C\u0103t\u0103lin Ioni\u021b\u0103<\/span><\/li>\n<\/ol>\n<p>&nbsp;<\/p>\n","protected":false},"excerpt":{"rendered":"<p><span style=\"color: #000000;\"><strong>Pachetul con\u021bine urm\u0103toarele c\u0103r\u021bi:\u00a0<\/strong><\/span><\/p>\n<ol>\n<li><span style=\"color: #000000;\"><strong>Cartea<\/strong> \u201cUn \u00eenger dec\u0103zut\u201d de C\u0103t\u0103lin Ioni\u021b\u0103\u00a0<\/span><\/li>\n<li><span style=\"color: #000000;\"><strong>Cartea<\/strong> \u201cAsasinul Siberian\u201d de C\u0103t\u0103lin Ioni\u021b\u0103\u00a0<\/span><\/li>\n<li><span style=\"color: #000000;\"><strong>Cartea<\/strong> \u201cPre\u021bul S\u00e2ngelui\u201d de C\u0103t\u0103lin Ioni\u021b\u0103\u00a0<\/span><\/li>\n<\/ol>\n","protected":false},"featured_media":26215,"template":"","meta":{"_acf_changed":false},"product_brand":[],"product_cat":[261],"product_tag":[311],"class_list":{"0":"post-26219","1":"product","2":"type-product","3":"status-publish","4":"has-post-thumbnail","6":"product_cat-pachete","7":"product_tag-pachete","8":"pa_autori-catalin-ionita","10":"first","11":"instock","12":"sale","13":"taxable","14":"shipping-taxable","15":"purchasable","16":"product-type-simple"},"acf":[],"aioseo_notices":[],"_links":{"self":[{"href":"https:\/\/www.storycraft.ro\/shop\/wp-json\/wp\/v2\/product\/26219","targetHints":{"allow":["GET"]}}],"collection":[{"href":"https:\/\/www.storycraft.ro\/shop\/wp-json\/wp\/v2\/product"}],"about":[{"href":"https:\/\/www.storycraft.ro\/shop\/wp-json\/wp\/v2\/types\/product"}],"wp:featuredmedia":[{"embeddable":true,"href":"https:\/\/www.storycraft.ro\/shop\/wp-json\/wp\/v2\/media\/26215"}],"wp:attachment":[{"href":"https:\/\/www.storycraft.ro\/shop\/wp-json\/wp\/v2\/media?parent=26219"}],"wp:term":[{"taxonomy":"product_brand","embeddable":true,"href":"https:\/\/www.storycraft.ro\/shop\/wp-json\/wp\/v2\/product_brand?post=26219"},{"taxonomy":"product_cat","embeddable":true,"href":"https:\/\/www.storycraft.ro\/shop\/wp-json\/wp\/v2\/product_cat?post=26219"},{"taxonomy":"product_tag","embeddable":true,"href":"https:\/\/www.storycraft.ro\/shop\/wp-json\/wp\/v2\/product_tag?post=26219"}],"curies":[{"name":"wp","href":"https:\/\/api.w.org\/{rel}","templated":true}]}}