{"id":26222,"date":"2024-12-16T23:16:57","date_gmt":"2024-12-16T21:16:57","guid":{"rendered":"https:\/\/www.storycraft.ro\/shop\/?post_type=product&#038;p=26222"},"modified":"2026-02-05T15:29:26","modified_gmt":"2026-02-05T13:29:26","slug":"un-inger-decazut-intoarcerea-in-infern-intersectii-moarte-dubla","status":"publish","type":"product","link":"https:\/\/www.storycraft.ro\/shop\/un-inger-decazut-intoarcerea-in-infern-intersectii-moarte-dubla\/","title":{"rendered":"Un \u00eenger dec\u0103zut + \u00centoarcerea \u00een infern + Intersec\u021bii + Moarte Dubl\u0103"},"content":{"rendered":"<p><span style=\"color: #000000;\"><strong>Pachetul con\u021bine urm\u0103toarele c\u0103r\u021bi:\u00a0<\/strong><\/span><\/p>\n<ol>\n<li><span style=\"color: #000000;\"><strong>Cartea<\/strong>\u00a0\u201cUn \u00eenger dec\u0103zut\u201d de C\u0103t\u0103lin Ioni\u021b\u0103<\/span><\/li>\n<li><span style=\"color: #000000;\"><strong>Cartea<\/strong> \u201c\u00centoarcerea \u00een infern\u201d de Alin Ariton<\/span><\/li>\n<li><span style=\"color: #000000;\"><strong>Cartea<\/strong> \u201cIntersec\u021bii\u201d de Daniel Z\u0103rnescu<\/span><\/li>\n<li><span style=\"color: #000000;\"><strong>Cartea<\/strong> \u201cMoarte dubl\u0103\u201d de M\u0103d\u0103lina Angelescu<\/span><\/li>\n<\/ol>\n<div class=\"woocommerce-product-details__short-description\"><\/div>\n","protected":false},"excerpt":{"rendered":"<p><span style=\"color: #000000;\"><strong>Pachetul con\u021bine urm\u0103toarele c\u0103r\u021bi:\u00a0<\/strong><\/span><\/p>\n<ol>\n<li><span style=\"color: #000000;\"><strong>Cartea<\/strong>\u00a0\u201cUn \u00eenger dec\u0103zut\u201d de C\u0103t\u0103lin Ioni\u021b\u0103<\/span><\/li>\n<li><span style=\"color: #000000;\"><strong>Cartea<\/strong> \u201c\u00centoarcerea \u00een infern\u201d de Alin Ariton<\/span><\/li>\n<li><span style=\"color: #000000;\"><strong>Cartea<\/strong> \u201cIntersec\u021bii\u201d de C\u0103t\u0103lin Ioni\u021b\u0103<\/span><\/li>\n<li><span style=\"color: #000000;\"><strong>Cartea<\/strong> \u201cMoarte dubl\u0103\u201d de M\u0103d\u0103lina Angelescu<\/span><\/li>\n<\/ol>\n","protected":false},"featured_media":26217,"template":"","meta":{"_acf_changed":false},"product_brand":[],"product_cat":[261],"product_tag":[311],"class_list":{"0":"post-26222","1":"product","2":"type-product","3":"status-publish","4":"has-post-thumbnail","6":"product_cat-pachete","7":"product_tag-pachete","8":"pa_autori-alina-ariton","9":"pa_autori-catalin-ionita","10":"pa_autori-daniel-zarnescu","11":"pa_autori-madalina-angelescu","13":"first","14":"instock","15":"sale","16":"taxable","17":"shipping-taxable","18":"purchasable","19":"product-type-simple"},"acf":[],"aioseo_notices":[],"_links":{"self":[{"href":"https:\/\/www.storycraft.ro\/shop\/wp-json\/wp\/v2\/product\/26222","targetHints":{"allow":["GET"]}}],"collection":[{"href":"https:\/\/www.storycraft.ro\/shop\/wp-json\/wp\/v2\/product"}],"about":[{"href":"https:\/\/www.storycraft.ro\/shop\/wp-json\/wp\/v2\/types\/product"}],"wp:featuredmedia":[{"embeddable":true,"href":"https:\/\/www.storycraft.ro\/shop\/wp-json\/wp\/v2\/media\/26217"}],"wp:attachment":[{"href":"https:\/\/www.storycraft.ro\/shop\/wp-json\/wp\/v2\/media?parent=26222"}],"wp:term":[{"taxonomy":"product_brand","embeddable":true,"href":"https:\/\/www.storycraft.ro\/shop\/wp-json\/wp\/v2\/product_brand?post=26222"},{"taxonomy":"product_cat","embeddable":true,"href":"https:\/\/www.storycraft.ro\/shop\/wp-json\/wp\/v2\/product_cat?post=26222"},{"taxonomy":"product_tag","embeddable":true,"href":"https:\/\/www.storycraft.ro\/shop\/wp-json\/wp\/v2\/product_tag?post=26222"}],"curies":[{"name":"wp","href":"https:\/\/api.w.org\/{rel}","templated":true}]}}