{"id":28826,"date":"2025-03-14T13:42:48","date_gmt":"2025-03-14T11:42:48","guid":{"rendered":"https:\/\/www.storycraft.ro\/shop\/?post_type=product&#038;p=28826"},"modified":"2026-01-30T20:34:13","modified_gmt":"2026-01-30T18:34:13","slug":"ultimul-blestem-al-camelotului","status":"publish","type":"product","link":"https:\/\/www.storycraft.ro\/shop\/ultimul-blestem-al-camelotului\/","title":{"rendered":"Ultimul Blestem al Camelotului"},"content":{"rendered":"<p><span style=\"color: #000000;\"><strong>\ud83d\udd2e Un descendent al lui Merlin, un Bucure\u0219ti plin de secrete \u0219i o vr\u0103jitoare care nu a renun\u021bat niciodat\u0103 la setea de r\u0103zbunare. <\/strong><\/span><\/p>\n<p><em><span style=\"color: #000000;\">Sun\u0103 ca un co\u0219mar fantastic? S-ar putea s\u0103 fie mai real dec\u00e2t crezi.<\/span><\/em><\/p>\n<p><span style=\"color: #000000;\"><strong>Octav nu este doar un simplu adolescent. <\/strong>Este unul dintre ultimii descenden\u021bi ai lui Merlin.<\/span><\/p>\n<p><span style=\"font-weight: 400; color: #000000;\">\u00cen Bucure\u0219tiul modern, magia rena\u0219te, iar colegii de \u0219coal\u0103 ascund identit\u0103\u021bi antice. \u00cempreun\u0103 cu misterioasa Helene, Octav trebuie s\u0103 se confrunte cu vraja \u00eentunecat\u0103 a vr\u0103jitoarei Morgan, care amenin\u021b\u0103 nu doar ora\u0219ul, ci \u00eentreaga lume.\u00a0<\/span><\/p>\n<p><span style=\"color: #000000;\"><strong>Ultimul blestem al Camelotului este pe cale s\u0103 fie dezl\u0103n\u021buit.<\/strong><\/span><\/p>\n","protected":false},"excerpt":{"rendered":"<p><strong>Ultimul blestem al Camelotului este pe cale s\u0103 fie dezl\u0103n\u021buit.<\/strong><\/p>\n","protected":false},"featured_media":28906,"template":"","meta":{"_acf_changed":false},"product_brand":[],"product_cat":[267,266],"product_tag":[312],"class_list":{"0":"post-28826","1":"product","2":"type-product","3":"status-publish","4":"has-post-thumbnail","6":"product_cat-young-adult","7":"product_cat-fantasy","8":"product_tag-produse-individuale","9":"pa_autori-raul-pacea","11":"first","12":"instock","13":"sale","14":"taxable","15":"shipping-taxable","16":"purchasable","17":"product-type-simple"},"acf":[],"aioseo_notices":[],"_links":{"self":[{"href":"https:\/\/www.storycraft.ro\/shop\/wp-json\/wp\/v2\/product\/28826","targetHints":{"allow":["GET"]}}],"collection":[{"href":"https:\/\/www.storycraft.ro\/shop\/wp-json\/wp\/v2\/product"}],"about":[{"href":"https:\/\/www.storycraft.ro\/shop\/wp-json\/wp\/v2\/types\/product"}],"wp:featuredmedia":[{"embeddable":true,"href":"https:\/\/www.storycraft.ro\/shop\/wp-json\/wp\/v2\/media\/28906"}],"wp:attachment":[{"href":"https:\/\/www.storycraft.ro\/shop\/wp-json\/wp\/v2\/media?parent=28826"}],"wp:term":[{"taxonomy":"product_brand","embeddable":true,"href":"https:\/\/www.storycraft.ro\/shop\/wp-json\/wp\/v2\/product_brand?post=28826"},{"taxonomy":"product_cat","embeddable":true,"href":"https:\/\/www.storycraft.ro\/shop\/wp-json\/wp\/v2\/product_cat?post=28826"},{"taxonomy":"product_tag","embeddable":true,"href":"https:\/\/www.storycraft.ro\/shop\/wp-json\/wp\/v2\/product_tag?post=28826"}],"curies":[{"name":"wp","href":"https:\/\/api.w.org\/{rel}","templated":true}]}}