{"id":29330,"date":"2025-04-10T13:57:57","date_gmt":"2025-04-10T10:57:57","guid":{"rendered":"https:\/\/www.storycraft.ro\/shop\/?post_type=product&#038;p=29330"},"modified":"2026-02-07T21:44:51","modified_gmt":"2026-02-07T19:44:51","slug":"baiatul-din-vis-si-secretul-ucigasului","status":"publish","type":"product","link":"https:\/\/www.storycraft.ro\/shop\/baiatul-din-vis-si-secretul-ucigasului\/","title":{"rendered":"B\u0103iatul din Vis \u0219i Secretul Uciga\u0219ului"},"content":{"rendered":"<p><strong><i>Ceea ce \u00eencepe ca un simplu co\u0219mar, devine, \u00een realitate, o curs\u0103 contra cronometru.<\/i><\/strong><\/p>\n<p><span style=\"font-weight: 400;\">\u00centr-o noapte mohor\u00e2t\u0103 de noiembrie, un b\u0103iat i se arat\u0103 Iuliei \u00een vis, cer\u00e2ndu-i s\u0103-i rezolve misterul propriei crime. \u00cen aceea\u0219i zi, descoper\u0103 \u00een co\u0219ul de gunoi plicul gol de la o scrisoare care \u00eei este destinat\u0103, iar Iulia \u00eencepe s\u0103 pun\u0103 sub semnul \u00eentreb\u0103rii tot ce \u0219tia despre familia ei.<\/span><\/p>\n<p><strong>C\u00e2nd \u00ee\u0219i d\u0103 seama c\u0103 cele dou\u0103 incidente au leg\u0103tur\u0103 \u00eentre ele, via\u021ba Iuliei se d\u0103 total peste cap.<\/strong><\/p>\n<p><span style=\"font-weight: 400;\">Mama ei refuz\u0103 s\u0103-i dea r\u0103spunsuri, iar fra\u021bii ei vitregi nu par s\u0103 \u00een\u021beleag\u0103 gravitatea situa\u021biei. Mai mult dec\u00e2t at\u00e2t, cum poate dezlega acest caz complicat, c\u00e2nd totul indic\u0103 un final imposibil de acceptat: c\u0103 b\u0103iatul nu a fost ucis, ci \u0219i-a luat singur via\u021ba?<\/span><\/p>\n<p><strong>O poveste captivant\u0103 despre secrete de familie, \u00eencredere \u0219i alegerile dificile care ne definesc. <\/strong><\/p>\n","protected":false},"excerpt":{"rendered":"<p>B\u0103iatul din Vis \u0219i Secretul Uciga\u0219ului<\/p>\n","protected":false},"featured_media":29353,"template":"","meta":{"_acf_changed":false},"product_brand":[],"product_cat":[267],"product_tag":[312],"class_list":{"0":"post-29330","1":"product","2":"type-product","3":"status-publish","4":"has-post-thumbnail","6":"product_cat-young-adult","7":"product_tag-produse-individuale","8":"pa_autori-rebeca-sala","10":"first","11":"instock","12":"sale","13":"taxable","14":"shipping-taxable","15":"purchasable","16":"product-type-simple"},"acf":[],"aioseo_notices":[],"_links":{"self":[{"href":"https:\/\/www.storycraft.ro\/shop\/wp-json\/wp\/v2\/product\/29330","targetHints":{"allow":["GET"]}}],"collection":[{"href":"https:\/\/www.storycraft.ro\/shop\/wp-json\/wp\/v2\/product"}],"about":[{"href":"https:\/\/www.storycraft.ro\/shop\/wp-json\/wp\/v2\/types\/product"}],"wp:featuredmedia":[{"embeddable":true,"href":"https:\/\/www.storycraft.ro\/shop\/wp-json\/wp\/v2\/media\/29353"}],"wp:attachment":[{"href":"https:\/\/www.storycraft.ro\/shop\/wp-json\/wp\/v2\/media?parent=29330"}],"wp:term":[{"taxonomy":"product_brand","embeddable":true,"href":"https:\/\/www.storycraft.ro\/shop\/wp-json\/wp\/v2\/product_brand?post=29330"},{"taxonomy":"product_cat","embeddable":true,"href":"https:\/\/www.storycraft.ro\/shop\/wp-json\/wp\/v2\/product_cat?post=29330"},{"taxonomy":"product_tag","embeddable":true,"href":"https:\/\/www.storycraft.ro\/shop\/wp-json\/wp\/v2\/product_tag?post=29330"}],"curies":[{"name":"wp","href":"https:\/\/api.w.org\/{rel}","templated":true}]}}