{"id":30202,"date":"2025-06-01T15:45:48","date_gmt":"2025-06-01T12:45:48","guid":{"rendered":"https:\/\/www.storycraft.ro\/shop\/?post_type=product&#038;p=30202"},"modified":"2025-08-01T09:51:00","modified_gmt":"2025-08-01T06:51:00","slug":"paradoxul-cuantic","status":"publish","type":"product","link":"https:\/\/www.storycraft.ro\/shop\/paradoxul-cuantic\/","title":{"rendered":"Paradoxul cuantic al coletelor neridicate de la po\u0219t\u0103"},"content":{"rendered":"<p><strong>Cosmin, un t\u00e2n\u0103r angajat la Po\u0219ta Rom\u00e2n\u0103 fur\u0103 un pachet neridicat \u00een care g\u0103se\u0219te pastile de ecstasy combinat\u0103 cu metamfetamin\u0103.<\/strong><\/p>\n<p>V\u0103z\u00e2nd asta ca ocazia perfect\u0103 s\u0103 fac\u0103 bani pentru a-\u0219i cump\u0103ra ma\u0219in\u0103 \u0219i a se muta din apartamentul \u00een care st\u0103 cu mama \u0219i bunica lui, Cosmin se aliaz\u0103 cu prietenii s\u0103i pentru a vinde pastilele la bucat\u0103, prin cluburi. \u00cens\u0103 lockdownul din pandemie le stric\u0103 planurile iar Cosmin r\u0103m\u00e2ne \u0219i f\u0103r\u0103 bani, dar \u0219i cu flaconul de pastile, de care ar vrea s\u0103 scape \u00eenainte ca Jon Mititelu, cel mai periculos interlop din ora\u0219, s\u0103-l g\u0103seasc\u0103 \u0219i s\u0103-l pedepseasc\u0103 c\u0103 a \u00eendr\u0103znit s\u0103 fure de la el.<\/p>\n","protected":false},"excerpt":{"rendered":"<p>Paradoxul cuantic al coletelor neridicate de la po\u0219t\u0103 &#8211; <strong>Cosmin, un t\u00e2n\u0103r angajat la Po\u0219ta Rom\u00e2n\u0103 fur\u0103 un pachet neridicat \u00een care g\u0103se\u0219te pastile de ecstasy combinat\u0103 cu metamfetamin\u0103.<\/strong><\/p>\n","protected":false},"featured_media":30268,"template":"","meta":{"_acf_changed":false},"product_brand":[],"product_cat":[276],"product_tag":[312],"class_list":{"0":"post-30202","1":"product","2":"type-product","3":"status-publish","4":"has-post-thumbnail","6":"product_cat-comedie","7":"product_tag-produse-individuale","8":"pa_autori-delia-botea","10":"first","11":"instock","12":"sale","13":"taxable","14":"shipping-taxable","15":"purchasable","16":"product-type-simple"},"acf":[],"aioseo_notices":[],"_links":{"self":[{"href":"https:\/\/www.storycraft.ro\/shop\/wp-json\/wp\/v2\/product\/30202","targetHints":{"allow":["GET"]}}],"collection":[{"href":"https:\/\/www.storycraft.ro\/shop\/wp-json\/wp\/v2\/product"}],"about":[{"href":"https:\/\/www.storycraft.ro\/shop\/wp-json\/wp\/v2\/types\/product"}],"wp:featuredmedia":[{"embeddable":true,"href":"https:\/\/www.storycraft.ro\/shop\/wp-json\/wp\/v2\/media\/30268"}],"wp:attachment":[{"href":"https:\/\/www.storycraft.ro\/shop\/wp-json\/wp\/v2\/media?parent=30202"}],"wp:term":[{"taxonomy":"product_brand","embeddable":true,"href":"https:\/\/www.storycraft.ro\/shop\/wp-json\/wp\/v2\/product_brand?post=30202"},{"taxonomy":"product_cat","embeddable":true,"href":"https:\/\/www.storycraft.ro\/shop\/wp-json\/wp\/v2\/product_cat?post=30202"},{"taxonomy":"product_tag","embeddable":true,"href":"https:\/\/www.storycraft.ro\/shop\/wp-json\/wp\/v2\/product_tag?post=30202"}],"curies":[{"name":"wp","href":"https:\/\/api.w.org\/{rel}","templated":true}]}}