{"id":30249,"date":"2025-06-02T14:42:32","date_gmt":"2025-06-02T11:42:32","guid":{"rendered":"https:\/\/www.storycraft.ro\/shop\/?post_type=product&#038;p=30249"},"modified":"2026-01-19T10:07:01","modified_gmt":"2026-01-19T08:07:01","slug":"mai-e-ceva-ce-nu-ti-am-spus","status":"publish","type":"product","link":"https:\/\/www.storycraft.ro\/shop\/mai-e-ceva-ce-nu-ti-am-spus\/","title":{"rendered":"Mai e ceva ce nu \u021bi-am spus"},"content":{"rendered":"<p><strong>Via\u021ba Silviei e zdruncinat\u0103 din temelii atunci c\u00e2nd asist\u0103 accidental la o crim\u0103 oribil\u0103.<\/strong><\/p>\n<p>Dar nu crima \u00een sine o va b\u00e2ntui pentru totdeauna, ci faptul c\u0103 victima i-a cerut cu limb\u0103 de moarte s\u0103 \u00eei \u00eendeplineasc\u0103 o ultim\u0103 dorin\u021b\u0103. Iar ea, sub presiunea momentului, nu l-a putut refuza.<\/p>\n<p><strong>Un cuv\u00e2nt rostit \u00een grab\u0103. O promisiune f\u0103cut\u0103 \u00eentr-o situa\u021bie disperat\u0103. O fapt\u0103 bun\u0103 care o va costa scump.<\/strong><\/p>\n<p>Pentru a se \u021bine de cuv\u00e2nt, Silvia trebuie s\u0103 \u00eenfrunte un trecut dureros, pe care a \u00eencercat din r\u0103sputeri s\u0103-l lase \u00een urm\u0103.<\/p>\n<p>Dar trecutul are un chip. Un nume. \u0218i o mul\u021bime de \u00eentreb\u0103ri care nu mai pot r\u0103m\u00e2ne f\u0103r\u0103 r\u0103spuns.<\/p>\n","protected":false},"excerpt":{"rendered":"<p>Mai e ceva ce nu \u021bi-am spus &#8211; <strong>Via\u021ba Silviei e zdruncinat\u0103 din temelii atunci c\u00e2nd asist\u0103 accidental la o crim\u0103 oribil\u0103.<\/strong><\/p>\n","protected":false},"featured_media":30267,"template":"","meta":{"_acf_changed":false},"product_brand":[],"product_cat":[308],"product_tag":[312],"class_list":{"0":"post-30249","1":"product","2":"type-product","3":"status-publish","4":"has-post-thumbnail","6":"product_cat-thriller","7":"product_tag-produse-individuale","8":"pa_autori-stefana-chelsau","10":"first","11":"instock","12":"sale","13":"taxable","14":"shipping-taxable","15":"purchasable","16":"product-type-simple"},"acf":[],"aioseo_notices":[],"_links":{"self":[{"href":"https:\/\/www.storycraft.ro\/shop\/wp-json\/wp\/v2\/product\/30249","targetHints":{"allow":["GET"]}}],"collection":[{"href":"https:\/\/www.storycraft.ro\/shop\/wp-json\/wp\/v2\/product"}],"about":[{"href":"https:\/\/www.storycraft.ro\/shop\/wp-json\/wp\/v2\/types\/product"}],"wp:featuredmedia":[{"embeddable":true,"href":"https:\/\/www.storycraft.ro\/shop\/wp-json\/wp\/v2\/media\/30267"}],"wp:attachment":[{"href":"https:\/\/www.storycraft.ro\/shop\/wp-json\/wp\/v2\/media?parent=30249"}],"wp:term":[{"taxonomy":"product_brand","embeddable":true,"href":"https:\/\/www.storycraft.ro\/shop\/wp-json\/wp\/v2\/product_brand?post=30249"},{"taxonomy":"product_cat","embeddable":true,"href":"https:\/\/www.storycraft.ro\/shop\/wp-json\/wp\/v2\/product_cat?post=30249"},{"taxonomy":"product_tag","embeddable":true,"href":"https:\/\/www.storycraft.ro\/shop\/wp-json\/wp\/v2\/product_tag?post=30249"}],"curies":[{"name":"wp","href":"https:\/\/api.w.org\/{rel}","templated":true}]}}