{"id":30250,"date":"2025-06-02T14:49:14","date_gmt":"2025-06-02T11:49:14","guid":{"rendered":"https:\/\/www.storycraft.ro\/shop\/?post_type=product&#038;p=30250"},"modified":"2026-02-07T21:44:41","modified_gmt":"2026-02-07T19:44:41","slug":"popol-vuh-manuscrisul-pierdut","status":"publish","type":"product","link":"https:\/\/www.storycraft.ro\/shop\/popol-vuh-manuscrisul-pierdut\/","title":{"rendered":"Popol Vuh: Manuscrisul Pierdut"},"content":{"rendered":"<div class=\"et_pb_module et_pb_text et_pb_text_22 et_pb_text_align_left et_pb_bg_layout_light\">\n<div class=\"et_pb_text_inner\">\n<p><strong>Legendele vechi de c\u00e2nd lumea au un strop de adev\u0103r \u00een ele.<\/strong>\u00a0Dar dac\u0103 o astfel de legend\u0103 revine \u00een actualitate \u0219i zeii mor\u021bii din Xibalba, iadul maya\u0219, amenin\u021b\u0103 omenirea din nou, \u00een zilele noastre?<\/p>\n<p>Xavier, un t\u00e2n\u0103r de optsprezece ani \u0219i fratele s\u0103u geam\u0103n, Hugo, sunt \u00eentr-o vacan\u021b\u0103 de lux, dar planurile lor sunt tulburate de o serie de evenimente bizare care \u00eei duc \u00een cele din urm\u0103 spre o c\u0103l\u0103torie nea\u0219teptat\u0103. Demoni, lorzi, preo\u021bi dar \u0219i o prin\u021bes\u0103 le vor fi al\u0103turi pe meleaguri magice ascunse \u00een ad\u00e2ncul junglei, \u00een secolul X, iar ei vor trebui s\u0103 \u00ee\u0219i \u00eenfrunte fricile \u0219i s\u0103 se ridice la \u00een\u0103l\u021bimea unor adev\u0103ra\u021bi eroi.<\/p>\n<\/div>\n<\/div>\n","protected":false},"excerpt":{"rendered":"<p><strong>Popol Vuh: Manuscrisul Pierdut &#8211; Legendele vechi de c\u00e2nd lumea au un strop de adev\u0103r \u00een ele.<\/strong>\u00a0Dar dac\u0103 o astfel de legend\u0103 revine \u00een actualitate \u0219i zeii mor\u021bii din Xibalba, iadul maya\u0219, amenin\u021b\u0103 omenirea din nou, \u00een zilele noastre?<\/p>\n","protected":false},"featured_media":30266,"template":"","meta":{"_acf_changed":false},"product_brand":[],"product_cat":[267,266],"product_tag":[312],"class_list":{"0":"post-30250","1":"product","2":"type-product","3":"status-publish","4":"has-post-thumbnail","6":"product_cat-young-adult","7":"product_cat-fantasy","8":"product_tag-produse-individuale","9":"pa_autori-diana-cibu","11":"first","12":"instock","13":"sale","14":"taxable","15":"shipping-taxable","16":"purchasable","17":"product-type-simple"},"acf":[],"aioseo_notices":[],"_links":{"self":[{"href":"https:\/\/www.storycraft.ro\/shop\/wp-json\/wp\/v2\/product\/30250","targetHints":{"allow":["GET"]}}],"collection":[{"href":"https:\/\/www.storycraft.ro\/shop\/wp-json\/wp\/v2\/product"}],"about":[{"href":"https:\/\/www.storycraft.ro\/shop\/wp-json\/wp\/v2\/types\/product"}],"wp:featuredmedia":[{"embeddable":true,"href":"https:\/\/www.storycraft.ro\/shop\/wp-json\/wp\/v2\/media\/30266"}],"wp:attachment":[{"href":"https:\/\/www.storycraft.ro\/shop\/wp-json\/wp\/v2\/media?parent=30250"}],"wp:term":[{"taxonomy":"product_brand","embeddable":true,"href":"https:\/\/www.storycraft.ro\/shop\/wp-json\/wp\/v2\/product_brand?post=30250"},{"taxonomy":"product_cat","embeddable":true,"href":"https:\/\/www.storycraft.ro\/shop\/wp-json\/wp\/v2\/product_cat?post=30250"},{"taxonomy":"product_tag","embeddable":true,"href":"https:\/\/www.storycraft.ro\/shop\/wp-json\/wp\/v2\/product_tag?post=30250"}],"curies":[{"name":"wp","href":"https:\/\/api.w.org\/{rel}","templated":true}]}}