{"id":30928,"date":"2025-07-01T21:19:12","date_gmt":"2025-07-01T18:19:12","guid":{"rendered":"https:\/\/www.storycraft.ro\/shop\/?post_type=product&#038;p=30928"},"modified":"2026-04-17T15:59:52","modified_gmt":"2026-04-17T12:59:52","slug":"mai-e-ceva-ce-nu-ti-am-spus-fara-tine-atingeri-de-vanilie","status":"publish","type":"product","link":"https:\/\/www.storycraft.ro\/shop\/mai-e-ceva-ce-nu-ti-am-spus-fara-tine-atingeri-de-vanilie\/","title":{"rendered":"Mai e ceva ce nu \u021bi-am spus + F\u0103r\u0103 tine + Atingeri de vanilie"},"content":{"rendered":"<p><span style=\"color: #000000;\"><strong>Pachetul con\u021bine:\u00a0<\/strong><\/span><\/p>\n<ul>\n<li>Cartea \u201d<span style=\"color: #000000;\">Mai e ceva ce nu \u021bi-am spus\u201d de \u0218tefana Chels\u0103u<\/span><\/li>\n<li><span style=\"color: #000000;\">Cartea &#8220;Atingeri de Vanilie&#8221; de Daniela Dumitru<\/span><\/li>\n<li><span style=\"color: #000000;\">Cartea &#8220;F\u0103r\u0103 tine&#8221; de Roxana St\u0103nescu<\/span><\/li>\n<\/ul>\n","protected":false},"excerpt":{"rendered":"<p><span style=\"color: #000000;\"><strong>Pachetul con\u021bine:\u00a0<\/strong><\/span><\/p>\n<ul>\n<li>Cartea \u201d<span style=\"color: #000000;\">Mai e ceva ce nu \u021bi-am spus\u201d de \u0218tefana Chels\u0103u<\/span><\/li>\n<li><span style=\"color: #000000;\">Cartea &#8220;Atingeri de Vanilie&#8221; de Daniela Dumitru<\/span><\/li>\n<li><span style=\"color: #000000;\">Cartea &#8220;F\u0103r\u0103 tine&#8221; de Roxana St\u0103nescu<\/span><\/li>\n<\/ul>\n","protected":false},"featured_media":31016,"template":"","meta":{"_acf_changed":false},"product_brand":[],"product_cat":[261],"product_tag":[311],"class_list":{"0":"post-30928","1":"product","2":"type-product","3":"status-publish","4":"has-post-thumbnail","6":"product_cat-pachete","7":"product_tag-pachete","8":"pa_autori-daniela-dumitru","9":"pa_autori-roxana-stanescu","10":"pa_autori-stefana-chelsau","12":"first","13":"outofstock","14":"sale","15":"taxable","16":"shipping-taxable","17":"purchasable","18":"product-type-simple"},"acf":[],"aioseo_notices":[],"_links":{"self":[{"href":"https:\/\/www.storycraft.ro\/shop\/wp-json\/wp\/v2\/product\/30928","targetHints":{"allow":["GET"]}}],"collection":[{"href":"https:\/\/www.storycraft.ro\/shop\/wp-json\/wp\/v2\/product"}],"about":[{"href":"https:\/\/www.storycraft.ro\/shop\/wp-json\/wp\/v2\/types\/product"}],"wp:featuredmedia":[{"embeddable":true,"href":"https:\/\/www.storycraft.ro\/shop\/wp-json\/wp\/v2\/media\/31016"}],"wp:attachment":[{"href":"https:\/\/www.storycraft.ro\/shop\/wp-json\/wp\/v2\/media?parent=30928"}],"wp:term":[{"taxonomy":"product_brand","embeddable":true,"href":"https:\/\/www.storycraft.ro\/shop\/wp-json\/wp\/v2\/product_brand?post=30928"},{"taxonomy":"product_cat","embeddable":true,"href":"https:\/\/www.storycraft.ro\/shop\/wp-json\/wp\/v2\/product_cat?post=30928"},{"taxonomy":"product_tag","embeddable":true,"href":"https:\/\/www.storycraft.ro\/shop\/wp-json\/wp\/v2\/product_tag?post=30928"}],"curies":[{"name":"wp","href":"https:\/\/api.w.org\/{rel}","templated":true}]}}