{"id":30929,"date":"2025-07-01T21:22:51","date_gmt":"2025-07-01T18:22:51","guid":{"rendered":"https:\/\/www.storycraft.ro\/shop\/?post_type=product&#038;p=30929"},"modified":"2026-01-22T17:56:48","modified_gmt":"2026-01-22T15:56:48","slug":"mai-e-ceva-ce-nu-ti-am-spus-nici-urma-de-el-fata-cu-val-albastru-in-umbra-tradarii","status":"publish","type":"product","link":"https:\/\/www.storycraft.ro\/shop\/mai-e-ceva-ce-nu-ti-am-spus-nici-urma-de-el-fata-cu-val-albastru-in-umbra-tradarii\/","title":{"rendered":"Pachetul Romantic Suspense"},"content":{"rendered":"<p><span style=\"color: #000000;\"><strong>Pachetul Romantic Suspense con\u021bine:\u00a0<\/strong><\/span><\/p>\n<ul>\n<li><span style=\"color: #000000;\"><strong>Cartea:<\/strong> &#8220;Mai e ceva ce nu \u021bi-am spus&#8221;, de \u0218tefana Chels\u0103u<\/span><\/li>\n<li><span style=\"color: #000000;\"><strong>Cartea:<\/strong> &#8220;Nici urm\u0103 de el&#8221;, de \u0218tefana Chels\u0103u<\/span><\/li>\n<li><span style=\"color: #000000;\"><strong>Cartea:<\/strong> &#8220;Fata cu v\u0103l albastru&#8221;, de \u0218tefana Chels\u0103u<\/span><\/li>\n<li><span style=\"color: #000000;\"><strong>Cartea:<\/strong> &#8220;\u00cen umbra tr\u0103d\u0103rii&#8221;, de \u0218tefana Chels\u0103u<\/span><\/li>\n<\/ul>\n<div class=\"woocommerce-product-details__short-description\">\n<div class=\"et_pb_module et_pb_text et_pb_text_22 et_pb_text_align_left et_pb_bg_layout_light\">\n<div class=\"et_pb_text_inner\">\n<div class=\"et_pb_column et_pb_column_1_2 et_pb_column_28 et_pb_css_mix_blend_mode_passthrough\">\n<div>\n<div>\n<p>&nbsp;<\/p>\n<\/div>\n<\/div>\n<\/div>\n<\/div>\n<\/div>\n<\/div>\n","protected":false},"excerpt":{"rendered":"<p><span style=\"color: #000000;\"><strong>Pachetul Romantic Suspense con\u021bine:\u00a0<\/strong><\/span><\/p>\n<ul>\n<li><span style=\"color: #000000;\"><strong>Cartea:<\/strong> &#8220;Mai e ceva ce nu \u021bi-am spus&#8221;, de \u0218tefana Chels\u0103u<\/span><\/li>\n<li><span style=\"color: #000000;\"><strong>Cartea:<\/strong> &#8220;Nici urm\u0103 de el&#8221;, de \u0218tefana Chels\u0103u<\/span><\/li>\n<li><span style=\"color: #000000;\"><strong>Cartea:<\/strong> &#8220;Fata cu v\u0103l albastru&#8221;, de \u0218tefana Chels\u0103u<\/span><\/li>\n<li><span style=\"color: #000000;\"><strong>Cartea:<\/strong> &#8220;\u00cen umbra tr\u0103d\u0103rii&#8221;, de \u0218tefana Chels\u0103u<\/span><\/li>\n<\/ul>\n<div class=\"woocommerce-product-details__short-description\">\n<div class=\"et_pb_module et_pb_text et_pb_text_22 et_pb_text_align_left et_pb_bg_layout_light\">\n<div class=\"et_pb_text_inner\">\n<div class=\"et_pb_column et_pb_column_1_2 et_pb_column_28 et_pb_css_mix_blend_mode_passthrough\">\n<div><\/div>\n<\/div>\n<\/div>\n<\/div>\n<\/div>\n","protected":false},"featured_media":31017,"template":"","meta":{"_acf_changed":false},"product_brand":[],"product_cat":[261],"product_tag":[311],"class_list":{"0":"post-30929","1":"product","2":"type-product","3":"status-publish","4":"has-post-thumbnail","6":"product_cat-pachete","7":"product_tag-pachete","8":"pa_autori-stefana-chelsau","10":"first","11":"instock","12":"sale","13":"taxable","14":"shipping-taxable","15":"purchasable","16":"product-type-simple"},"acf":[],"aioseo_notices":[],"_links":{"self":[{"href":"https:\/\/www.storycraft.ro\/shop\/wp-json\/wp\/v2\/product\/30929","targetHints":{"allow":["GET"]}}],"collection":[{"href":"https:\/\/www.storycraft.ro\/shop\/wp-json\/wp\/v2\/product"}],"about":[{"href":"https:\/\/www.storycraft.ro\/shop\/wp-json\/wp\/v2\/types\/product"}],"wp:featuredmedia":[{"embeddable":true,"href":"https:\/\/www.storycraft.ro\/shop\/wp-json\/wp\/v2\/media\/31017"}],"wp:attachment":[{"href":"https:\/\/www.storycraft.ro\/shop\/wp-json\/wp\/v2\/media?parent=30929"}],"wp:term":[{"taxonomy":"product_brand","embeddable":true,"href":"https:\/\/www.storycraft.ro\/shop\/wp-json\/wp\/v2\/product_brand?post=30929"},{"taxonomy":"product_cat","embeddable":true,"href":"https:\/\/www.storycraft.ro\/shop\/wp-json\/wp\/v2\/product_cat?post=30929"},{"taxonomy":"product_tag","embeddable":true,"href":"https:\/\/www.storycraft.ro\/shop\/wp-json\/wp\/v2\/product_tag?post=30929"}],"curies":[{"name":"wp","href":"https:\/\/api.w.org\/{rel}","templated":true}]}}