{"id":32207,"date":"2025-08-17T11:53:40","date_gmt":"2025-08-17T08:53:40","guid":{"rendered":"https:\/\/www.storycraft.ro\/shop\/?post_type=product&#038;p=32207"},"modified":"2026-01-19T10:06:59","modified_gmt":"2026-01-19T08:06:59","slug":"mai-e-ceva-ce-nu-ti-am-spus-in-umbra-tradarii-nici-urma-de-el","status":"publish","type":"product","link":"https:\/\/www.storycraft.ro\/shop\/mai-e-ceva-ce-nu-ti-am-spus-in-umbra-tradarii-nici-urma-de-el\/","title":{"rendered":"Mai e ceva ce nu \u021bi-am spus + \u00cen umbra tr\u0103d\u0103rii + Nici urm\u0103 de el"},"content":{"rendered":"<p><span style=\"color: #000000\"><strong>Pachetul con\u021bine:\u00a0<\/strong><\/span><\/p>\n<ul>\n<li><span style=\"color: #000000\"><strong>Cartea:<\/strong> &#8220;Mai e ceva ce nu \u021bi-am spus&#8221;, de \u0218tefana Chels\u0103u<\/span><\/li>\n<li><span style=\"color: #000000\"><strong>Cartea:<\/strong> &#8220;Nici urm\u0103 de el&#8221;, de \u0218tefana Chels\u0103u<\/span><\/li>\n<li><span style=\"color: #000000\"><strong>Cartea:<\/strong> &#8220;\u00cen umbra tr\u0103d\u0103rii&#8221;, de \u0218tefana Chels\u0103u<\/span><\/li>\n<\/ul>\n<div class=\"woocommerce-product-details__short-description\">\n<div class=\"et_pb_module et_pb_text et_pb_text_22 et_pb_text_align_left et_pb_bg_layout_light\">\n<div class=\"et_pb_text_inner\">\n<div class=\"et_pb_column et_pb_column_1_2 et_pb_column_28 et_pb_css_mix_blend_mode_passthrough\">\n<div>\n<div>\n<p>&nbsp;<\/p>\n<\/div>\n<\/div>\n<\/div>\n<\/div>\n<\/div>\n<\/div>\n","protected":false},"excerpt":{"rendered":"<p><span style=\"color: #000000\"><strong>Pachetul con\u021bine:\u00a0<\/strong><\/span><\/p>\n<ul>\n<li><span style=\"color: #000000\"><strong>Cartea:<\/strong> &#8220;Mai e ceva ce nu \u021bi-am spus&#8221;, de \u0218tefana Chels\u0103u<\/span><\/li>\n<li><span style=\"color: #000000\"><strong>Cartea:<\/strong> &#8220;Nici urm\u0103 de el&#8221;, de \u0218tefana Chels\u0103u<\/span><\/li>\n<li><span style=\"color: #000000\"><strong>Cartea:<\/strong> &#8220;\u00cen umbra tr\u0103d\u0103rii&#8221;, de \u0218tefana Chels\u0103u<\/span><\/li>\n<\/ul>\n<div class=\"woocommerce-product-details__short-description\">\n<div class=\"et_pb_module et_pb_text et_pb_text_22 et_pb_text_align_left et_pb_bg_layout_light\">\n<div class=\"et_pb_text_inner\">\n<div class=\"et_pb_column et_pb_column_1_2 et_pb_column_28 et_pb_css_mix_blend_mode_passthrough\">\n<div>\n<div>\n<p>&nbsp;<\/p>\n<\/div>\n<\/div>\n<\/div>\n<\/div>\n<\/div>\n<\/div>\n","protected":false},"featured_media":32213,"template":"","meta":{"_acf_changed":false},"product_brand":[],"product_cat":[261],"product_tag":[311],"class_list":{"0":"post-32207","1":"product","2":"type-product","3":"status-publish","4":"has-post-thumbnail","6":"product_cat-pachete","7":"product_tag-pachete","8":"pa_autori-stefana-chelsau","10":"first","11":"instock","12":"sale","13":"taxable","14":"shipping-taxable","15":"purchasable","16":"product-type-simple"},"acf":[],"aioseo_notices":[],"_links":{"self":[{"href":"https:\/\/www.storycraft.ro\/shop\/wp-json\/wp\/v2\/product\/32207","targetHints":{"allow":["GET"]}}],"collection":[{"href":"https:\/\/www.storycraft.ro\/shop\/wp-json\/wp\/v2\/product"}],"about":[{"href":"https:\/\/www.storycraft.ro\/shop\/wp-json\/wp\/v2\/types\/product"}],"wp:featuredmedia":[{"embeddable":true,"href":"https:\/\/www.storycraft.ro\/shop\/wp-json\/wp\/v2\/media\/32213"}],"wp:attachment":[{"href":"https:\/\/www.storycraft.ro\/shop\/wp-json\/wp\/v2\/media?parent=32207"}],"wp:term":[{"taxonomy":"product_brand","embeddable":true,"href":"https:\/\/www.storycraft.ro\/shop\/wp-json\/wp\/v2\/product_brand?post=32207"},{"taxonomy":"product_cat","embeddable":true,"href":"https:\/\/www.storycraft.ro\/shop\/wp-json\/wp\/v2\/product_cat?post=32207"},{"taxonomy":"product_tag","embeddable":true,"href":"https:\/\/www.storycraft.ro\/shop\/wp-json\/wp\/v2\/product_tag?post=32207"}],"curies":[{"name":"wp","href":"https:\/\/api.w.org\/{rel}","templated":true}]}}