{"id":32752,"date":"2025-09-14T20:05:13","date_gmt":"2025-09-14T17:05:13","guid":{"rendered":"https:\/\/www.storycraft.ro\/shop\/?post_type=product&#038;p=32752"},"modified":"2025-10-16T16:11:10","modified_gmt":"2025-10-16T13:11:10","slug":"cele-sapte-frici-ale-umanitatii-te-provoc-sa-ma-iubesti","status":"publish","type":"product","link":"https:\/\/www.storycraft.ro\/shop\/cele-sapte-frici-ale-umanitatii-te-provoc-sa-ma-iubesti\/","title":{"rendered":"Cele \u0219apte frici ale umanit\u0103\u021bii + F\u0103r\u0103 tine"},"content":{"rendered":"<p><span style=\"color: #000000\"><strong>Pachetul con\u021bine:<\/strong><\/span><\/p>\n<ul>\n<li><span style=\"color: #000000\">cartea &#8220;Cele \u0219apte frici ale umanit\u0103\u021bii&#8221; de Carina Badea<\/span><\/li>\n<li><span style=\"color: #000000\">cartea &#8220;F\u0103r\u0103 tine&#8221; de Roxana St\u0103nescu<\/span><\/li>\n<\/ul>\n","protected":false},"excerpt":{"rendered":"<p><span style=\"color: #000000\"><strong>Pachetul con\u021bine:<\/strong><\/span><\/p>\n<ul>\n<li><span style=\"color: #000000\">cartea &#8220;Cele \u0219apte frici ale umanit\u0103\u021bii&#8221; de Carina Badea<\/span><\/li>\n<li><span style=\"color: #000000\">cartea &#8220;F\u0103r\u0103 tine&#8221; de Roxana St\u0103nescu<\/span><\/li>\n<\/ul>\n","protected":false},"featured_media":33338,"template":"","meta":{"_acf_changed":false},"product_brand":[],"product_cat":[261],"product_tag":[311],"class_list":{"0":"post-32752","1":"product","2":"type-product","3":"status-publish","4":"has-post-thumbnail","6":"product_cat-pachete","7":"product_tag-pachete","8":"pa_autori-carina-badea","9":"pa_autori-roxana-stanescu","11":"first","12":"instock","13":"sale","14":"taxable","15":"shipping-taxable","16":"purchasable","17":"product-type-simple"},"acf":[],"aioseo_notices":[],"_links":{"self":[{"href":"https:\/\/www.storycraft.ro\/shop\/wp-json\/wp\/v2\/product\/32752","targetHints":{"allow":["GET"]}}],"collection":[{"href":"https:\/\/www.storycraft.ro\/shop\/wp-json\/wp\/v2\/product"}],"about":[{"href":"https:\/\/www.storycraft.ro\/shop\/wp-json\/wp\/v2\/types\/product"}],"wp:featuredmedia":[{"embeddable":true,"href":"https:\/\/www.storycraft.ro\/shop\/wp-json\/wp\/v2\/media\/33338"}],"wp:attachment":[{"href":"https:\/\/www.storycraft.ro\/shop\/wp-json\/wp\/v2\/media?parent=32752"}],"wp:term":[{"taxonomy":"product_brand","embeddable":true,"href":"https:\/\/www.storycraft.ro\/shop\/wp-json\/wp\/v2\/product_brand?post=32752"},{"taxonomy":"product_cat","embeddable":true,"href":"https:\/\/www.storycraft.ro\/shop\/wp-json\/wp\/v2\/product_cat?post=32752"},{"taxonomy":"product_tag","embeddable":true,"href":"https:\/\/www.storycraft.ro\/shop\/wp-json\/wp\/v2\/product_tag?post=32752"}],"curies":[{"name":"wp","href":"https:\/\/api.w.org\/{rel}","templated":true}]}}