{"id":34351,"date":"2025-12-12T12:06:26","date_gmt":"2025-12-12T10:06:26","guid":{"rendered":"https:\/\/www.storycraft.ro\/shop\/?post_type=product&#038;p=34351"},"modified":"2026-02-02T21:04:23","modified_gmt":"2026-02-02T19:04:23","slug":"pachetul-gaudeamus25","status":"publish","type":"product","link":"https:\/\/www.storycraft.ro\/shop\/pachetul-gaudeamus25\/","title":{"rendered":"Pachetul GAUDEAMUS25"},"content":{"rendered":"<p><span style=\"color: #000000;\"><strong>Pachetul GAUDEAMUS25 con\u021bine:<\/strong><\/span><\/p>\n<ul>\n<li><span style=\"color: #000000;\"><span style=\"color: #000000;\">Cartea &#8220;<\/span><\/span>Fata de Por\u021belan&#8221;, de M\u0103d\u0103lina B\u0103descu<\/li>\n<li>Cartea &#8220;Bastardul&#8221;, de Daniel Z\u0103rnescu<\/li>\n<li>Cartea &#8220;Persoana (ne)potrivit\u0103&#8221;, de Gabriela Grigora\u0219<\/li>\n<li>Cartea &#8220;R\u0103zbunarea Catalanului&#8221;, de C\u0103t\u0103lin Ioni\u021b\u0103<\/li>\n<\/ul>\n","protected":false},"excerpt":{"rendered":"<p><span style=\"color: #000000;\"><strong>Pachetul GAUDEAMUS25 con\u021bine:<\/strong><\/span><\/p>\n<ul>\n<li><span style=\"color: #000000;\">Cartea &#8220;<\/span>Fata de Por\u021belan&#8221;, de M\u0103d\u0103lina B\u0103descu<\/li>\n<li>Cartea &#8220;Bastardul&#8221;, de Daniel Z\u0103rnescu<\/li>\n<li>Cartea &#8220;Persoana (ne)potrivit\u0103&#8221;, de Gabriela Grigora\u0219<\/li>\n<li>Cartea &#8220;R\u0103zbunarea Catalanului&#8221;, de C\u0103t\u0103lin Ioni\u021b\u0103<\/li>\n<\/ul>\n","protected":false},"featured_media":34477,"template":"","meta":{"_acf_changed":false},"product_brand":[],"product_cat":[261],"product_tag":[311],"class_list":{"0":"post-34351","1":"product","2":"type-product","3":"status-publish","4":"has-post-thumbnail","6":"product_cat-pachete","7":"product_tag-pachete","8":"pa_autori-catalin-ionita","9":"pa_autori-daniel-zarnescu","10":"pa_autori-gabriela-grigoras","11":"pa_autori-madalina-badescu","13":"first","14":"instock","15":"sale","16":"taxable","17":"shipping-taxable","18":"purchasable","19":"product-type-simple"},"acf":[],"aioseo_notices":[],"_links":{"self":[{"href":"https:\/\/www.storycraft.ro\/shop\/wp-json\/wp\/v2\/product\/34351","targetHints":{"allow":["GET"]}}],"collection":[{"href":"https:\/\/www.storycraft.ro\/shop\/wp-json\/wp\/v2\/product"}],"about":[{"href":"https:\/\/www.storycraft.ro\/shop\/wp-json\/wp\/v2\/types\/product"}],"wp:featuredmedia":[{"embeddable":true,"href":"https:\/\/www.storycraft.ro\/shop\/wp-json\/wp\/v2\/media\/34477"}],"wp:attachment":[{"href":"https:\/\/www.storycraft.ro\/shop\/wp-json\/wp\/v2\/media?parent=34351"}],"wp:term":[{"taxonomy":"product_brand","embeddable":true,"href":"https:\/\/www.storycraft.ro\/shop\/wp-json\/wp\/v2\/product_brand?post=34351"},{"taxonomy":"product_cat","embeddable":true,"href":"https:\/\/www.storycraft.ro\/shop\/wp-json\/wp\/v2\/product_cat?post=34351"},{"taxonomy":"product_tag","embeddable":true,"href":"https:\/\/www.storycraft.ro\/shop\/wp-json\/wp\/v2\/product_tag?post=34351"}],"curies":[{"name":"wp","href":"https:\/\/api.w.org\/{rel}","templated":true}]}}