{"id":34364,"date":"2025-12-12T14:23:46","date_gmt":"2025-12-12T12:23:46","guid":{"rendered":"https:\/\/www.storycraft.ro\/shop\/?post_type=product&#038;p=34364"},"modified":"2025-12-16T14:16:25","modified_gmt":"2025-12-16T12:16:25","slug":"pachetul-fata-de-portelan-cele-sapte-frici-ale-umanitatii-te-provoc-sa-ma-iubesti-eu-nu-sunt-supermami","status":"publish","type":"product","link":"https:\/\/www.storycraft.ro\/shop\/pachetul-fata-de-portelan-cele-sapte-frici-ale-umanitatii-te-provoc-sa-ma-iubesti-eu-nu-sunt-supermami\/","title":{"rendered":"Pachetul Fata de por\u021belan + Cele \u0219apte frici ale umanit\u0103\u021bii + Te provoc s\u0103 m\u0103 iube\u0219ti + Eu nu sunt SuperMami"},"content":{"rendered":"<p><span style=\"color: #000000;\"><strong>Pachetul con\u021bine:<\/strong><\/span><\/p>\n<ul>\n<li>Cartea \u201dFata de por\u021belan\u201d, de M\u0103d\u0103lina B\u0103descu<\/li>\n<li><span style=\"color: #000000;\">Cartea &#8220;Cele \u0219apte frici ale umanit\u0103\u021bii&#8221;, de Carina Badea<\/span><\/li>\n<li><span style=\"color: #000000;\">Cartea &#8220;Te provoc s\u0103 m\u0103 iube\u0219ti&#8221;, de Elena Barbu<\/span><\/li>\n<li><span style=\"color: #000000;\">Cartea \u201cEu nu sunt SuperMami\u201d, de Roxana Popa<\/span><\/li>\n<\/ul>\n<p>&nbsp;<\/p>\n","protected":false},"excerpt":{"rendered":"<p><span style=\"color: #000000;\"><strong>Pachetul con\u021bine:<\/strong><\/span><\/p>\n<ul>\n<li>Cartea \u201dFata de por\u021belan\u201d, de M\u0103d\u0103lina B\u0103descu<\/li>\n<li><span style=\"color: #000000;\">Cartea &#8220;Cele \u0219apte frici ale umanit\u0103\u021bii&#8221;, de Carina Badea<\/span><\/li>\n<li><span style=\"color: #000000;\">Cartea &#8220;Te provoc s\u0103 m\u0103 iube\u0219ti&#8221;, de Elena Barbu<\/span><\/li>\n<li><span style=\"color: #000000;\">Cartea \u201cEu nu sunt SuperMami\u201d, de Roxana Popa<\/span><\/li>\n<\/ul>\n<p>&nbsp;<\/p>\n","protected":false},"featured_media":34365,"template":"","meta":{"_acf_changed":false},"product_brand":[],"product_cat":[261],"product_tag":[311],"class_list":{"0":"post-34364","1":"product","2":"type-product","3":"status-publish","4":"has-post-thumbnail","6":"product_cat-pachete","7":"product_tag-pachete","8":"pa_autori-carina-badea","9":"pa_autori-elena-barbu","10":"pa_autori-madalina-badescu","11":"pa_autori-roxana-popa","13":"first","14":"instock","15":"sale","16":"taxable","17":"shipping-taxable","18":"purchasable","19":"product-type-simple"},"acf":[],"aioseo_notices":[],"_links":{"self":[{"href":"https:\/\/www.storycraft.ro\/shop\/wp-json\/wp\/v2\/product\/34364","targetHints":{"allow":["GET"]}}],"collection":[{"href":"https:\/\/www.storycraft.ro\/shop\/wp-json\/wp\/v2\/product"}],"about":[{"href":"https:\/\/www.storycraft.ro\/shop\/wp-json\/wp\/v2\/types\/product"}],"wp:featuredmedia":[{"embeddable":true,"href":"https:\/\/www.storycraft.ro\/shop\/wp-json\/wp\/v2\/media\/34365"}],"wp:attachment":[{"href":"https:\/\/www.storycraft.ro\/shop\/wp-json\/wp\/v2\/media?parent=34364"}],"wp:term":[{"taxonomy":"product_brand","embeddable":true,"href":"https:\/\/www.storycraft.ro\/shop\/wp-json\/wp\/v2\/product_brand?post=34364"},{"taxonomy":"product_cat","embeddable":true,"href":"https:\/\/www.storycraft.ro\/shop\/wp-json\/wp\/v2\/product_cat?post=34364"},{"taxonomy":"product_tag","embeddable":true,"href":"https:\/\/www.storycraft.ro\/shop\/wp-json\/wp\/v2\/product_tag?post=34364"}],"curies":[{"name":"wp","href":"https:\/\/api.w.org\/{rel}","templated":true}]}}