{"id":34440,"date":"2025-12-15T19:15:56","date_gmt":"2025-12-15T17:15:56","guid":{"rendered":"https:\/\/www.storycraft.ro\/shop\/?post_type=product&#038;p=34440"},"modified":"2025-12-15T19:21:15","modified_gmt":"2025-12-15T17:21:15","slug":"razbunarea-catalanului-intoarcerea-in-infern-moarte-dubla","status":"publish","type":"product","link":"https:\/\/www.storycraft.ro\/shop\/razbunarea-catalanului-intoarcerea-in-infern-moarte-dubla\/","title":{"rendered":"R\u0103zbunarea Catalanului + \u00centoarcerea \u00een Infern + Moarte Dubl\u0103"},"content":{"rendered":"<p><span style=\"color: #000000;\"><strong>Pachetul con\u021bine:<\/strong><\/span><\/p>\n<ul>\n<li><span style=\"color: #000000;\"><strong>Cartea:<\/strong> \u201cR\u0103zbunarea Catalanului\u201d de C\u0103t\u0103lin Ioni\u021b\u0103<\/span><\/li>\n<li><span style=\"color: #000000;\"><strong>Cartea:<\/strong> &#8220;Moarte Dubl\u0103&#8221; de M\u0103d\u0103lina Angelescu<\/span><\/li>\n<li><span style=\"color: #000000;\"><strong>Cartea:<\/strong> \u201c\u00centoarcerea \u00een Infern\u201d de Alin Ariton<\/span><\/li>\n<\/ul>\n<div class=\"woocommerce-product-details__short-description\">\n<div class=\"et_pb_module et_pb_text et_pb_text_22 et_pb_text_align_left et_pb_bg_layout_light\">\n<div class=\"et_pb_text_inner\">\n<div class=\"et_pb_column et_pb_column_1_2 et_pb_column_28 et_pb_css_mix_blend_mode_passthrough\"><\/div>\n<\/div>\n<\/div>\n<\/div>\n","protected":false},"excerpt":{"rendered":"<p><span style=\"color: #000000;\"><strong>Pachetul con\u021bine:<\/strong><\/span><\/p>\n<ul>\n<li><span style=\"color: #000000;\"><strong>Cartea:<\/strong> \u201cR\u0103zbunarea Catalanului\u201d de C\u0103t\u0103lin Ioni\u021b\u0103<\/span><\/li>\n<li><span style=\"color: #000000;\"><strong>Cartea:<\/strong> &#8220;Moarte Dubl\u0103&#8221; de M\u0103d\u0103lina Angelescu<\/span><\/li>\n<li><span style=\"color: #000000;\"><strong>Cartea:<\/strong> \u201c\u00centoarcerea \u00een Infern\u201d de Alin Ariton<\/span><\/li>\n<\/ul>\n<div class=\"woocommerce-product-details__short-description\">\n<div class=\"et_pb_module et_pb_text et_pb_text_22 et_pb_text_align_left et_pb_bg_layout_light\">\n<div class=\"et_pb_text_inner\">\n<div class=\"et_pb_column et_pb_column_1_2 et_pb_column_28 et_pb_css_mix_blend_mode_passthrough\"><\/div>\n<\/div>\n<\/div>\n<\/div>\n","protected":false},"featured_media":34441,"template":"","meta":{"_acf_changed":false},"product_brand":[],"product_cat":[261],"product_tag":[311],"class_list":{"0":"post-34440","1":"product","2":"type-product","3":"status-publish","4":"has-post-thumbnail","6":"product_cat-pachete","7":"product_tag-pachete","8":"pa_autori-alina-ariton","9":"pa_autori-catalin-ionita","10":"pa_autori-madalina-angelescu","12":"first","13":"instock","14":"sale","15":"taxable","16":"shipping-taxable","17":"purchasable","18":"product-type-simple"},"acf":[],"aioseo_notices":[],"_links":{"self":[{"href":"https:\/\/www.storycraft.ro\/shop\/wp-json\/wp\/v2\/product\/34440","targetHints":{"allow":["GET"]}}],"collection":[{"href":"https:\/\/www.storycraft.ro\/shop\/wp-json\/wp\/v2\/product"}],"about":[{"href":"https:\/\/www.storycraft.ro\/shop\/wp-json\/wp\/v2\/types\/product"}],"wp:featuredmedia":[{"embeddable":true,"href":"https:\/\/www.storycraft.ro\/shop\/wp-json\/wp\/v2\/media\/34441"}],"wp:attachment":[{"href":"https:\/\/www.storycraft.ro\/shop\/wp-json\/wp\/v2\/media?parent=34440"}],"wp:term":[{"taxonomy":"product_brand","embeddable":true,"href":"https:\/\/www.storycraft.ro\/shop\/wp-json\/wp\/v2\/product_brand?post=34440"},{"taxonomy":"product_cat","embeddable":true,"href":"https:\/\/www.storycraft.ro\/shop\/wp-json\/wp\/v2\/product_cat?post=34440"},{"taxonomy":"product_tag","embeddable":true,"href":"https:\/\/www.storycraft.ro\/shop\/wp-json\/wp\/v2\/product_tag?post=34440"}],"curies":[{"name":"wp","href":"https:\/\/api.w.org\/{rel}","templated":true}]}}