{"id":36849,"date":"2026-04-08T18:01:39","date_gmt":"2026-04-08T15:01:39","guid":{"rendered":"https:\/\/www.storycraft.ro\/shop\/?post_type=product&#038;p=36849"},"modified":"2026-04-09T10:40:07","modified_gmt":"2026-04-09T07:40:07","slug":"pachet-bookstarter-sub-flori-sange","status":"publish","type":"product","link":"https:\/\/www.storycraft.ro\/shop\/pachet-bookstarter-sub-flori-sange\/","title":{"rendered":"(Pachet Bookstarter) Sub flori, s\u00e2nge"},"content":{"rendered":"<p>Luna este o femeie puternic\u0103, o mam\u0103 devotat\u0103 \u0219i un investigator de poli\u021bie competent. Noul caz, o crim\u0103 la o tab\u0103r\u0103 de dezvoltare personal\u0103, pare ocazia perfect\u0103 ca s\u0103 \u00ee\u0219i asigure o pozi\u021bie de \u0219ef al serviciului de investiga\u021bii criminale, asta dac\u0103 reu\u0219e\u0219te s\u0103 colaboreze cu noul coleg \u2014 Brad Herescu.<\/p>\n<p>Dar situa\u021bia e mai grea dec\u00e2t pare. Proasp\u0103tul venit este un b\u0103rbat pe care nu \u00ee\u0219i dorea s\u0103 \u00eel mai vad\u0103 vreodat\u0103 iar rela\u021bia dintre ei este tensionat\u0103, de\u0219i el nu pare s\u0103 o mai recunoasc\u0103.<\/p>\n<p>Mai mult dec\u00e2t at\u00e2t, cazul are multe fire al c\u0103ror punct comun este Luna \u00eens\u0103\u0219i: victima este o fost\u0103 coleg\u0103 de \u0219coal\u0103 general\u0103 iar printre participan\u021bii la tab\u0103r\u0103 se num\u0103r\u0103 una dintre cele mai bune prietene ale ei. Coinciden\u021bele se tot adun\u0103 p\u00e2n\u0103 c\u00e2nd totul pare c\u0103 se \u00eentoarce \u00eempotriva ei.<\/p>\n","protected":false},"excerpt":{"rendered":"<div class=\"et_pb_module et_pb_text et_pb_text_22 et_pb_text_align_left et_pb_bg_layout_light\">\n<div class=\"et_pb_text_inner\">\n<p>Pachetul con\u021bine:<\/p>\n<\/div>\n<\/div>\n<div class=\"et_pb_module et_pb_blurb et_pb_blurb_25 et_pb_text_align_left et_pb_blurb_position_left et_pb_bg_layout_light\">\n<div class=\"et_pb_blurb_content\">\n<div class=\"et_pb_blurb_container\">\n<div class=\"et_pb_blurb_description\">\n<ul>\n<li><strong>Dou\u0103 c\u0103r\u021bi cu autograf personalizat;<\/strong> po\u021bi alege mesajul \u0219i cui \u00eei este dedicat<\/li>\n<li><strong>Transport Gratuit<\/strong> <span style=\"color: #800000;\">(aten\u021bie, c\u0103r\u021bile vor pleca de la noi \u00een momentul \u00een care vor ie\u0219i din tipar)<\/span><\/li>\n<li><strong>Recuno\u0219tin\u021b\u0103 etern\u0103<\/strong>\u00a0pentru contribu\u021bia la mo\u0219tenirea cultural\u0103 din spa\u021biul carpato-danubiano-pontic\u00a0<span class=\"emoji\">\ud83d\ude0e<\/span><\/li>\n<\/ul>\n<\/div>\n<\/div>\n<\/div>\n<\/div>\n","protected":false},"featured_media":36850,"template":"","meta":{"_acf_changed":false},"product_brand":[],"product_cat":[261],"product_tag":[287,312],"class_list":{"0":"post-36849","1":"product","2":"type-product","3":"status-publish","4":"has-post-thumbnail","6":"product_cat-pachete","7":"product_tag-bookstarter","8":"product_tag-produse-individuale","9":"pa_autori-dana-stupar","11":"first","12":"instock","13":"taxable","14":"shipping-taxable","15":"purchasable","16":"product-type-simple"},"acf":[],"aioseo_notices":[],"_links":{"self":[{"href":"https:\/\/www.storycraft.ro\/shop\/wp-json\/wp\/v2\/product\/36849","targetHints":{"allow":["GET"]}}],"collection":[{"href":"https:\/\/www.storycraft.ro\/shop\/wp-json\/wp\/v2\/product"}],"about":[{"href":"https:\/\/www.storycraft.ro\/shop\/wp-json\/wp\/v2\/types\/product"}],"wp:featuredmedia":[{"embeddable":true,"href":"https:\/\/www.storycraft.ro\/shop\/wp-json\/wp\/v2\/media\/36850"}],"wp:attachment":[{"href":"https:\/\/www.storycraft.ro\/shop\/wp-json\/wp\/v2\/media?parent=36849"}],"wp:term":[{"taxonomy":"product_brand","embeddable":true,"href":"https:\/\/www.storycraft.ro\/shop\/wp-json\/wp\/v2\/product_brand?post=36849"},{"taxonomy":"product_cat","embeddable":true,"href":"https:\/\/www.storycraft.ro\/shop\/wp-json\/wp\/v2\/product_cat?post=36849"},{"taxonomy":"product_tag","embeddable":true,"href":"https:\/\/www.storycraft.ro\/shop\/wp-json\/wp\/v2\/product_tag?post=36849"}],"curies":[{"name":"wp","href":"https:\/\/api.w.org\/{rel}","templated":true}]}}