{"id":37057,"date":"2026-04-22T15:46:43","date_gmt":"2026-04-22T12:46:43","guid":{"rendered":"https:\/\/www.storycraft.ro\/shop\/?post_type=product&#038;p=37057"},"modified":"2026-04-24T22:44:36","modified_gmt":"2026-04-24T19:44:36","slug":"pachet-bookstarter-amnezia","status":"publish","type":"product","link":"https:\/\/www.storycraft.ro\/shop\/pachet-bookstarter-amnezia\/","title":{"rendered":"(Pachet Bookstarter) Amnezia"},"content":{"rendered":"<p>O planet\u0103 bizar\u0103, \u00een curs de colonizare. O \u00eentreag\u0103 comunitate moart\u0103 \u00eentr-un mod violent.<br \/>\nSimon se treze\u0219te pe o nav\u0103 spa\u021bial\u0103, dar nu \u00ee\u0219i aminte\u0219te nici cine este, nici cum a ajuns acolo, iar tot ce \u0219tie sunt pu\u021binele informa\u021bii pe care i le ofer\u0103 computerul de bord.<br \/>\nAl\u0103turi de \u00eenc\u0103 doi supravie\u021buitori ai unui dezastru pe care nu \u00eel \u00een\u021belege, va trebui s\u0103 descopere dac\u0103 pericolul se afl\u0103 pe nav\u0103, sau pe planeta \u00een jurul c\u0103reia orbiteaz\u0103.<br \/>\nDar este el oare dispus s\u0103 pl\u0103teasc\u0103 pre\u021bul adev\u0103rului?<\/p>\n","protected":false},"excerpt":{"rendered":"<div class=\"et_pb_module et_pb_text et_pb_text_22 et_pb_text_align_left et_pb_bg_layout_light\">\n<div class=\"et_pb_text_inner\">\n<p>Pachetul con\u021bine:<\/p>\n<\/div>\n<\/div>\n<div class=\"et_pb_module et_pb_blurb et_pb_blurb_25 et_pb_text_align_left et_pb_blurb_position_left et_pb_bg_layout_light\">\n<div class=\"et_pb_blurb_content\">\n<div class=\"et_pb_blurb_container\">\n<div class=\"et_pb_blurb_description\">\n<ul>\n<li><strong>Dou\u0103 c\u0103r\u021bi cu autograf personalizat;<\/strong> po\u021bi alege mesajul \u0219i cui \u00eei este dedicat<\/li>\n<li><strong>Transport Gratuit<\/strong> <span style=\"color: #800000;\">(aten\u021bie, c\u0103r\u021bile vor pleca de la noi \u00een momentul \u00een care vor ie\u0219i din tipar)<\/span><\/li>\n<li><strong>Recuno\u0219tin\u021b\u0103 etern\u0103<\/strong>\u00a0pentru contribu\u021bia la mo\u0219tenirea cultural\u0103 din spa\u021biul carpato-danubiano-pontic\u00a0<span class=\"emoji\">\ud83d\ude0e<\/span><\/li>\n<\/ul>\n<\/div>\n<\/div>\n<\/div>\n<\/div>\n","protected":false},"featured_media":37058,"template":"","meta":{"_acf_changed":false},"product_brand":[],"product_cat":[261],"product_tag":[287,312],"class_list":{"0":"post-37057","1":"product","2":"type-product","3":"status-publish","4":"has-post-thumbnail","6":"product_cat-pachete","7":"product_tag-bookstarter","8":"product_tag-produse-individuale","9":"pa_autori-diana-cibu","11":"first","12":"instock","13":"taxable","14":"shipping-taxable","15":"purchasable","16":"product-type-simple"},"acf":[],"aioseo_notices":[],"_links":{"self":[{"href":"https:\/\/www.storycraft.ro\/shop\/wp-json\/wp\/v2\/product\/37057","targetHints":{"allow":["GET"]}}],"collection":[{"href":"https:\/\/www.storycraft.ro\/shop\/wp-json\/wp\/v2\/product"}],"about":[{"href":"https:\/\/www.storycraft.ro\/shop\/wp-json\/wp\/v2\/types\/product"}],"wp:featuredmedia":[{"embeddable":true,"href":"https:\/\/www.storycraft.ro\/shop\/wp-json\/wp\/v2\/media\/37058"}],"wp:attachment":[{"href":"https:\/\/www.storycraft.ro\/shop\/wp-json\/wp\/v2\/media?parent=37057"}],"wp:term":[{"taxonomy":"product_brand","embeddable":true,"href":"https:\/\/www.storycraft.ro\/shop\/wp-json\/wp\/v2\/product_brand?post=37057"},{"taxonomy":"product_cat","embeddable":true,"href":"https:\/\/www.storycraft.ro\/shop\/wp-json\/wp\/v2\/product_cat?post=37057"},{"taxonomy":"product_tag","embeddable":true,"href":"https:\/\/www.storycraft.ro\/shop\/wp-json\/wp\/v2\/product_tag?post=37057"}],"curies":[{"name":"wp","href":"https:\/\/api.w.org\/{rel}","templated":true}]}}