{"id":5285,"date":"2019-04-20T06:50:12","date_gmt":"2019-04-20T03:50:12","guid":{"rendered":"http:\/\/stepout.ro\/?post_type=product&#038;p=5285"},"modified":"2026-04-08T10:38:37","modified_gmt":"2026-04-08T07:38:37","slug":"revolta-akienilor","status":"publish","type":"product","link":"https:\/\/www.storycraft.ro\/shop\/revolta-akienilor\/","title":{"rendered":"Revolta Akienilor"},"content":{"rendered":"<p><span style=\"color: #000000;\"><strong>Un copil de 11 ani vrea s\u0103 devin\u0103 scriitor<\/strong>. G\u00e2ndurile \u0219i tr\u0103irile pe care le are \u00een timp ce scrie se materializeaz\u0103 \u00eentr-un trib de s\u0103lbatici care \u00eel urm\u0103re\u0219te peste tot pe unde se duce.<\/span><\/p>\n<h3><span style=\"color: #000000;\">Pentru cine este cartea?<\/span><\/h3>\n<ul>\n<li><span style=\"color: #000000;\"><strong>iubitorii cartilor<\/strong> de aventura si beletristica<\/span><\/li>\n<li><span style=\"color: #000000;\"><strong>copiii<\/strong> mai mici sau mai mari care vor sa isi mai scoata ochii din tableta<\/span><\/li>\n<li><span style=\"color: #000000;\"><strong>artistii<\/strong> care se lupta cu demonii interiori ai creatiei<\/span><\/li>\n<li><span style=\"color: #000000;\"><strong>perfectionistii<\/strong> care se critica in mod constant<\/span><\/li>\n<li><span style=\"color: #000000;\"><strong>pasionatii<\/strong> de dezvoltare personala si psihologie<\/span><\/li>\n<li><span style=\"color: #000000;\"><strong>cititorii<\/strong> fideli ai lui Daniel Zarnescu<\/span><\/li>\n<\/ul>\n","protected":false},"excerpt":{"rendered":"<ul>\n<li><span style=\"color: #000000;\"><strong>Genul:<\/strong> Horror, Paranormal<\/span><\/li>\n<li><span style=\"color: #000000;\"><strong>Editura:<\/strong>\u00a0StoryCraft Publishing<\/span><\/li>\n<li><span style=\"color: #000000;\"><strong>Cod ISBN:<\/strong> 978-606-95057-6-2<\/span><\/li>\n<li><span style=\"color: #000000;\"><strong>Format:<\/strong> 19,5 * 12,5 cm<\/span><\/li>\n<li><span style=\"color: #000000;\"><strong>Coperta:<\/strong>\u00a0bro\u0219at\u0103<\/span><\/li>\n<li><span style=\"color: #000000;\"><strong>Nr. pagini la interior:<\/strong> 324<\/span><\/li>\n<\/ul>\n<p>&nbsp;<\/p>\n<p>&nbsp;<\/p>\n","protected":false},"featured_media":27236,"template":"","meta":{"_acf_changed":false},"product_brand":[],"product_cat":[264,267],"product_tag":[312],"class_list":{"0":"post-5285","1":"product","2":"type-product","3":"status-publish","4":"has-post-thumbnail","6":"product_cat-aventura","7":"product_cat-young-adult","8":"product_tag-produse-individuale","9":"pa_autori-daniel-zarnescu","11":"first","12":"instock","13":"sale","14":"featured","15":"taxable","16":"shipping-taxable","17":"purchasable","18":"product-type-simple"},"acf":[],"aioseo_notices":[],"_links":{"self":[{"href":"https:\/\/www.storycraft.ro\/shop\/wp-json\/wp\/v2\/product\/5285","targetHints":{"allow":["GET"]}}],"collection":[{"href":"https:\/\/www.storycraft.ro\/shop\/wp-json\/wp\/v2\/product"}],"about":[{"href":"https:\/\/www.storycraft.ro\/shop\/wp-json\/wp\/v2\/types\/product"}],"wp:featuredmedia":[{"embeddable":true,"href":"https:\/\/www.storycraft.ro\/shop\/wp-json\/wp\/v2\/media\/27236"}],"wp:attachment":[{"href":"https:\/\/www.storycraft.ro\/shop\/wp-json\/wp\/v2\/media?parent=5285"}],"wp:term":[{"taxonomy":"product_brand","embeddable":true,"href":"https:\/\/www.storycraft.ro\/shop\/wp-json\/wp\/v2\/product_brand?post=5285"},{"taxonomy":"product_cat","embeddable":true,"href":"https:\/\/www.storycraft.ro\/shop\/wp-json\/wp\/v2\/product_cat?post=5285"},{"taxonomy":"product_tag","embeddable":true,"href":"https:\/\/www.storycraft.ro\/shop\/wp-json\/wp\/v2\/product_tag?post=5285"}],"curies":[{"name":"wp","href":"https:\/\/api.w.org\/{rel}","templated":true}]}}