{"id":6171,"date":"2019-09-02T10:37:43","date_gmt":"2019-09-02T07:37:43","guid":{"rendered":"https:\/\/www.stepout.ro\/?post_type=product&#038;p=6171"},"modified":"2026-02-24T12:40:48","modified_gmt":"2026-02-24T10:40:48","slug":"bastardul","status":"publish","type":"product","link":"https:\/\/www.storycraft.ro\/shop\/bastardul\/","title":{"rendered":"Bastardul"},"content":{"rendered":"<div><strong>Suntem pe teritoriul Celor Trei Dacii, tres Daciae, \u00een anul 270 d.Hr.<\/strong>\u00a0\u00cemp\u0103ratul Aurelian, proasp\u0103t numit pe tron, decide s\u0103 \u00eei urm\u0103reasca pe tervingi \u0219i pe infamul lor lider, Cannabaudes, dincolo de Dun\u0103re.<\/div>\n<div><\/div>\n<div><strong>Scopul este s\u0103 \u00eei goneasc\u0103 o dat\u0103 pentru totdeauna din propriul teritoriu,<\/strong>\u00a0ca s\u0103 se poat\u0103 concentra pe lucrurile cu adev\u0103rat importante.<\/div>\n<div><\/div>\n<div><strong>Imperiul este pe marginea pr\u0103pastiei.<\/strong>\u00a0La nord: Britannia, Gallia \u0219i Hispania s-au desprins de Roma \u0219i au format Imperiul Galic. La est: Siria, Palestina \u0219i Egipt au format \u0219i ele Imperiul de la Palmira.<\/div>\n<div>Trei imperii, trei \u00eemp\u0103ra\u021bi. Ce se \u00eent\u00e2mpl\u0103 \u00een Dacia va duce la rena\u0219terea Romei sau la dispari\u021bia ei.<\/div>\n","protected":false},"excerpt":{"rendered":"<p>BASTARDUL &#8211; <strong>Suntem pe teritoriul Celor Trei Dacii, tres Daciae, \u00een anul 270 d.Hr<\/strong><\/p>\n","protected":false},"featured_media":34480,"template":"","meta":{"_acf_changed":false},"product_brand":[],"product_cat":[264,263],"product_tag":[312,265],"class_list":{"0":"post-6171","1":"product","2":"type-product","3":"status-publish","4":"has-post-thumbnail","6":"product_cat-aventura","7":"product_cat-fictiune-istorica","8":"product_tag-produse-individuale","9":"product_tag-roman-istoric","10":"pa_autori-daniel-zarnescu","12":"first","13":"instock","14":"sale","15":"featured","16":"taxable","17":"shipping-taxable","18":"purchasable","19":"product-type-simple"},"acf":[],"aioseo_notices":[],"_links":{"self":[{"href":"https:\/\/www.storycraft.ro\/shop\/wp-json\/wp\/v2\/product\/6171","targetHints":{"allow":["GET"]}}],"collection":[{"href":"https:\/\/www.storycraft.ro\/shop\/wp-json\/wp\/v2\/product"}],"about":[{"href":"https:\/\/www.storycraft.ro\/shop\/wp-json\/wp\/v2\/types\/product"}],"wp:featuredmedia":[{"embeddable":true,"href":"https:\/\/www.storycraft.ro\/shop\/wp-json\/wp\/v2\/media\/34480"}],"wp:attachment":[{"href":"https:\/\/www.storycraft.ro\/shop\/wp-json\/wp\/v2\/media?parent=6171"}],"wp:term":[{"taxonomy":"product_brand","embeddable":true,"href":"https:\/\/www.storycraft.ro\/shop\/wp-json\/wp\/v2\/product_brand?post=6171"},{"taxonomy":"product_cat","embeddable":true,"href":"https:\/\/www.storycraft.ro\/shop\/wp-json\/wp\/v2\/product_cat?post=6171"},{"taxonomy":"product_tag","embeddable":true,"href":"https:\/\/www.storycraft.ro\/shop\/wp-json\/wp\/v2\/product_tag?post=6171"}],"curies":[{"name":"wp","href":"https:\/\/api.w.org\/{rel}","templated":true}]}}