{"id":9028,"date":"2020-09-19T19:03:56","date_gmt":"2020-09-19T16:03:56","guid":{"rendered":"https:\/\/www.storycraft.ro\/shop\/?post_type=product&#038;p=9028"},"modified":"2026-04-08T10:40:16","modified_gmt":"2026-04-08T07:40:16","slug":"sapte-porti","status":"publish","type":"product","link":"https:\/\/www.storycraft.ro\/shop\/sapte-porti\/","title":{"rendered":"\u0218apte Por\u021bi"},"content":{"rendered":"<p><span style=\"color: #000000;\"><strong>Jayden Wiker, un t\u00e2n\u0103r student de 22 de ani<\/strong>, b\u0103iat de bani gata dintr-o familie disfunc\u021bional\u0103, considerat de profesorii s\u0103i unul dintre cei mai de\u0219tep\u021bi elevi din district, ajunge obsedat de ideea de a deveni supraom.<\/span><\/p>\n<p><span style=\"color: #000000;\"><strong>Adus la disperare de inutilitatea \u00eencerc\u0103rilor lui<\/strong>, intr\u0103 \u00een contact cu un individ misterios, pe nume Randall Blackwell, care \u00eei ofer\u0103 o unealt\u0103 cu care poate conjura demoni. Astfel, ajunge s\u0103 interac\u021bioneze cu o entitate care pare s\u0103 aib\u0103 inten\u021bii malefice.<\/span><\/p>\n","protected":false},"excerpt":{"rendered":"<ul>\n<li><span style=\"color: #000000;\"><strong>Genul:<\/strong> Horror, Paranormal<\/span><\/li>\n<li><span style=\"color: #000000;\"><strong>Editura:<\/strong>\u00a0StoryCraft Publishing<\/span><\/li>\n<li><span style=\"color: #000000;\"><strong>Cod ISBN:<\/strong> 978-606-8655-54-3<\/span><\/li>\n<li><span style=\"color: #000000;\"><strong>Format:<\/strong> 19,5 * 12,5 cm<\/span><\/li>\n<li><span style=\"color: #000000;\"><strong>Coperta:<\/strong>\u00a0bro\u0219at\u0103<\/span><\/li>\n<li><span style=\"color: #000000;\"><strong>Nr. pagini la interior:<\/strong> 324<\/span><\/li>\n<\/ul>\n<p>&nbsp;<\/p>\n","protected":false},"featured_media":27221,"template":"","meta":{"_acf_changed":false},"product_brand":[],"product_cat":[267,277,266],"product_tag":[312],"class_list":{"0":"post-9028","1":"product","2":"type-product","3":"status-publish","4":"has-post-thumbnail","6":"product_cat-young-adult","7":"product_cat-dark-fiction","8":"product_cat-fantasy","9":"product_tag-produse-individuale","10":"pa_autori-radu-octavian","12":"first","13":"instock","14":"sale","15":"taxable","16":"shipping-taxable","17":"purchasable","18":"product-type-simple"},"acf":[],"aioseo_notices":[],"_links":{"self":[{"href":"https:\/\/www.storycraft.ro\/shop\/wp-json\/wp\/v2\/product\/9028","targetHints":{"allow":["GET"]}}],"collection":[{"href":"https:\/\/www.storycraft.ro\/shop\/wp-json\/wp\/v2\/product"}],"about":[{"href":"https:\/\/www.storycraft.ro\/shop\/wp-json\/wp\/v2\/types\/product"}],"wp:featuredmedia":[{"embeddable":true,"href":"https:\/\/www.storycraft.ro\/shop\/wp-json\/wp\/v2\/media\/27221"}],"wp:attachment":[{"href":"https:\/\/www.storycraft.ro\/shop\/wp-json\/wp\/v2\/media?parent=9028"}],"wp:term":[{"taxonomy":"product_brand","embeddable":true,"href":"https:\/\/www.storycraft.ro\/shop\/wp-json\/wp\/v2\/product_brand?post=9028"},{"taxonomy":"product_cat","embeddable":true,"href":"https:\/\/www.storycraft.ro\/shop\/wp-json\/wp\/v2\/product_cat?post=9028"},{"taxonomy":"product_tag","embeddable":true,"href":"https:\/\/www.storycraft.ro\/shop\/wp-json\/wp\/v2\/product_tag?post=9028"}],"curies":[{"name":"wp","href":"https:\/\/api.w.org\/{rel}","templated":true}]}}