{"id":9033,"date":"2020-09-19T21:01:02","date_gmt":"2020-09-19T18:01:02","guid":{"rendered":"https:\/\/www.storycraft.ro\/shop\/?post_type=product&#038;p=9033"},"modified":"2026-02-05T15:31:39","modified_gmt":"2026-02-05T13:31:39","slug":"pachet-debut-storycraft","status":"publish","type":"product","link":"https:\/\/www.storycraft.ro\/shop\/pachet-debut-storycraft\/","title":{"rendered":"Pachet Debut Storycraft"},"content":{"rendered":"<h3><strong>Pachetul &#8220;Debut Storycraft&#8221; contine:<\/strong><\/h3>\n<ol>\n<li>Cartea &#8220;\u0218apte Por\u021bi&#8221; de Radu Octavian<\/li>\n<li>Cartea &#8220;Batalia de la Socola&#8221; de Catalin Ionita<\/li>\n<\/ol>\n<p>_______________________________________________________________________________________________________________________________________________________________________<\/p>\n<h3><strong>Cartea &#8220;\u0218apte Por\u021bi&#8221;:<\/strong><\/h3>\n<ul>\n<li>\n<div><b>Cod ISBN:<\/b>\u00a0978-606-9505-70-0<\/div>\n<\/li>\n<li>\n<div><b>Genul:<\/b>\u00a0Fantasy, Dark Fiction<\/div>\n<\/li>\n<li>\n<div><b>Editura:<\/b>\u00a0StoryCraft Publishing<\/div>\n<\/li>\n<li>\n<div><b>Coperta:<\/b>\u00a0bro\u0219at\u0103<\/div>\n<\/li>\n<li>\n<div><strong>Format:<\/strong>\u00a020 * 13 cm<\/div>\n<\/li>\n<li>\n<div><strong>Nr. pagini la interior:<\/strong>\u00a0256<\/div>\n<\/li>\n<\/ul>\n<p>Jayden Wiker, un t\u00e2n\u0103r student de 22 de ani, b\u0103iat de bani gata dintr-o familie disfunc\u021bional\u0103, considerat de profesorii s\u0103i unul dintre cei mai de\u0219tep\u021bi elevi din district, ajunge obsedat de ideea de a deveni supraom.<\/p>\n<p>Adus la disperare de inutilitatea \u00eencerc\u0103rilor lui, intr\u0103 \u00een contact cu un individ misterios, pe nume Randall Blackwell, care \u00eei ofer\u0103 o unealt\u0103 cu care poate conjura demoni.<\/p>\n<p>***<\/p>\n<p>La jum\u0103tate de metru distan\u021b\u0103 de raftul cu c\u0103r\u021bi am putut deja s\u0103 disting scrisul de pe cotorul c\u0103r\u021bii: \u0218apte Por\u021bi. Ca hipnotizat am sim\u021bit nevoia s\u0103 \u00eentind m\u00e2na c\u0103tre carte.<\/p>\n<p>\u201cN-o atinge, prostule!\u201d, a strigat Randall, de parc\u0103 un copil avea de g\u00e2nd s\u0103 \u00ee\u0219i introduc\u0103 m\u00e2na \u00een foc. \u201cR\u0103m\u00e2i acolo \u0219i ascult\u0103-m\u0103! Din momentul \u00een care vei atinge acea carte nu va mai exista cale de \u00eentoarcere. Vei p\u0103\u0219i pe un drum \u00een care spiritul t\u0103u va fi supus la grele \u00eencerc\u0103ri. Vei descoperi o lume care va dep\u0103\u0219i imagina\u021bia min\u021bii, o lume \u00een care vei vedea cum se organizeaz\u0103 c\u0103peteniile \u00eentunericului \u0219i armatele de \u00eengeri. Vei fi prins \u00een acest r\u0103zboi \u0219i, \u00een cazul \u00een care te vei dovedi un r\u0103zboinic abil pe c\u00e2mpul de lupt\u0103 al lumilor paralele, vei avea controlul asupra unor for\u021be de care majoritatea oamenilor sunt speria\u021bi p\u00e2n\u0103 \u00een m\u0103duva oaselor. Ai auzit clar ce am spus?\u201d<\/p>\n<p>\u201cDa\u2026\u201d, am zis eu cu un nod \u00een g\u00e2t.<\/p>\n<p>_______________________________________________________________________________________________________________________________________________________________________<\/p>\n<h3><strong>Cartea &#8220;B\u0103t\u0103lia de la Socola&#8221;:<\/strong><\/h3>\n<ul>\n<li>\n<div><b>Cod ISBN:<\/b>\u00a0978-606-9505-71-7<\/div>\n<\/li>\n<li>\n<div><b>Genul:<\/b>\u00a0Comedie<\/div>\n<\/li>\n<li>\n<div><b>Editura:<\/b>\u00a0StoryCraft Publishing<\/div>\n<\/li>\n<li>\n<div><b>Coperta:<\/b>\u00a0bro\u0219at\u0103<\/div>\n<\/li>\n<li>\n<div><strong>Format:<\/strong>\u00a020 * 13 cm<\/div>\n<\/li>\n<li>\n<div><strong>Nr. pagini la interior:<\/strong>\u00a0256<\/div>\n<\/li>\n<\/ul>\n<p>Un nebun internat la Spitalul Socola se crede \u0218tefan cel Mare \u0219i crede c\u0103 misiunea lui este s\u0103 recucereasc\u0103 Moldova din m\u00e2inile turcilor, \u00eencep\u00e2nd cu spitalul.<br \/>\nPentru asta va trebui s\u0103 \u00ee\u0219i dezv\u0103luie identitatea \u00een fa\u021ba celorlal\u021bi nebuni \u0219i s\u0103 \u00eei conving\u0103 de faptul c\u0103 ei sunt r\u0103ze\u0219ii lui.<\/p>\n<p>Singura problem\u0103 este c\u0103 celebra lui sabie, cea care \u00eei atest\u0103 identitatea, este ag\u0103\u021bat\u0103 pe peretele din spatele directorului Spineanu. Abia dup\u0103 ce va pune m\u00e2na pe ea, va putea s\u0103 lupte \u00eempotriva inamicilor \u00eembr\u0103ca\u021bi \u00een halate albe.<\/p>\n<p>***<\/p>\n<p>\u201cLua\u021bi-l!\u201d<br \/>\nGabi se trezi din reverie \u00een\u0219f\u0103cat de un infirmier, \u00een timp ce al doilea \u00eei \u00eenfipse o sering\u0103 \u00een g\u00e2t. Se zb\u0103tu pu\u021bin, apoi picioarele \u00eel l\u0103sar\u0103. Sedativul \u00ee\u0219i f\u0103cuse efectul. \u00cel c\u0103rar\u0103 afar\u0103 ca pe un sac de cartofi.<br \/>\n\u201cE sabia mea\u201d, fu ultimul s\u0103u g\u00e2nd, \u00eenainte ca \u00eentunericul s\u0103-l cuprind\u0103. \u00ce\u0219i reg\u0103sise sabia. Lupta putea s\u0103 \u00eenceap\u0103.<\/p>\n","protected":false},"excerpt":{"rendered":"<p>Pachetul &#8220;Debut Storycraft&#8221; contine:<\/p>\n<ol>\n<li>Cartea &#8220;Sapte Porti&#8221; de Radu Octavian<\/li>\n<li>Cartea &#8220;Batalia de la Socola&#8221; de Catalin Ionita<\/li>\n<\/ol>\n","protected":false},"featured_media":9884,"template":"","meta":{"_acf_changed":false},"product_brand":[],"product_cat":[261],"product_tag":[311],"class_list":{"0":"post-9033","1":"product","2":"type-product","3":"status-publish","4":"has-post-thumbnail","6":"product_cat-pachete","7":"product_tag-pachete","8":"pa_autori-catalin-ionita","9":"pa_autori-radu-octavian","11":"first","12":"instock","13":"sale","14":"taxable","15":"shipping-taxable","16":"purchasable","17":"product-type-simple"},"acf":[],"aioseo_notices":[],"_links":{"self":[{"href":"https:\/\/www.storycraft.ro\/shop\/wp-json\/wp\/v2\/product\/9033","targetHints":{"allow":["GET"]}}],"collection":[{"href":"https:\/\/www.storycraft.ro\/shop\/wp-json\/wp\/v2\/product"}],"about":[{"href":"https:\/\/www.storycraft.ro\/shop\/wp-json\/wp\/v2\/types\/product"}],"wp:featuredmedia":[{"embeddable":true,"href":"https:\/\/www.storycraft.ro\/shop\/wp-json\/wp\/v2\/media\/9884"}],"wp:attachment":[{"href":"https:\/\/www.storycraft.ro\/shop\/wp-json\/wp\/v2\/media?parent=9033"}],"wp:term":[{"taxonomy":"product_brand","embeddable":true,"href":"https:\/\/www.storycraft.ro\/shop\/wp-json\/wp\/v2\/product_brand?post=9033"},{"taxonomy":"product_cat","embeddable":true,"href":"https:\/\/www.storycraft.ro\/shop\/wp-json\/wp\/v2\/product_cat?post=9033"},{"taxonomy":"product_tag","embeddable":true,"href":"https:\/\/www.storycraft.ro\/shop\/wp-json\/wp\/v2\/product_tag?post=9033"}],"curies":[{"name":"wp","href":"https:\/\/api.w.org\/{rel}","templated":true}]}}