{"id":9037,"date":"2020-09-19T21:13:14","date_gmt":"2020-09-19T18:13:14","guid":{"rendered":"https:\/\/www.storycraft.ro\/shop\/?post_type=product&#038;p=9037"},"modified":"2026-04-01T10:49:27","modified_gmt":"2026-04-01T07:49:27","slug":"pachet-storycraft","status":"publish","type":"product","link":"https:\/\/www.storycraft.ro\/shop\/pachet-storycraft\/","title":{"rendered":"Pachet Storycraft"},"content":{"rendered":"<h3><strong>Pachetul \u201cStorycraft\u201d contine:<\/strong><\/h3>\n<ol>\n<li>Cartea \u201c\u0218apte Por\u021bi\u201d de Radu Octavian<\/li>\n<li>Cartea \u201cB\u0103t\u0103lia de la Socola\u201d de C\u0103t\u0103lin Ioni\u021b\u0103<\/li>\n<li>Cartea &#8220;Bastardul&#8221; de Daniel Z\u0103rnescu<\/li>\n<li>Cartea &#8220;Revolta Akienilor&#8221; de Daniel Z\u0103rnescu<\/li>\n<li>Cartea \u201cInutilii\u201d de Cornelia Voiculescu<\/li>\n<li>Cartea \u201cPre\u021bul S\u00e2ngelui\u201d de C\u0103t\u0103lin Ioni\u021b\u0103<\/li>\n<li>Cartea &#8220;Intersec\u021bii&#8221; de Daniel Z\u0103rnescu<\/li>\n<li>Cartea &#8220;Atingeri de Vanilie&#8221; de Daniela Dumitru<\/li>\n<li>Cartea &#8220;Liceul 13&#8221; de Radu Octavian<\/li>\n<li>Cartea &#8220;Asasinul Siberian&#8221; de C\u0103t\u0103lin Ioni\u021b\u0103<\/li>\n<li>Cartea &#8220;Compozi\u021bie pentru Lorena&#8221; de O\u2019Neil Herego<\/li>\n<\/ol>\n<p>___________________________________________________________________________________________________________________________________________________________<\/p>\n<h3><strong>Cartea \u201c\u0218apte Por\u021bi\u201d:<\/strong><\/h3>\n<ul>\n<li>\n<div><b>Cod ISBN:<\/b>\u00a0978-606-9505-70-0<\/div>\n<\/li>\n<li>\n<div><b>Genul:<\/b>\u00a0Fantasy, Dark Fiction<\/div>\n<\/li>\n<li>\n<div><b>Editura:<\/b>\u00a0StoryCraft Publishing<\/div>\n<\/li>\n<li>\n<div><b>Coperta:<\/b>\u00a0bro\u0219at\u0103<\/div>\n<\/li>\n<li>\n<div><strong>Format:<\/strong>\u00a020 * 13 cm<\/div>\n<\/li>\n<li>\n<div><strong>Nr. pagini la interior:<\/strong>\u00a0256<\/div>\n<\/li>\n<\/ul>\n<p><span style=\"color: #808080;\">Jayden Wiker, un t\u00e2n\u0103r student de 22 de ani, b\u0103iat de bani gata dintr-o familie disfunc\u021bional\u0103, considerat de profesorii s\u0103i unul dintre cei mai de\u0219tep\u021bi elevi din district, ajunge obsedat de ideea de a deveni supraom.<\/span><\/p>\n<p><span style=\"color: #808080;\">Adus la disperare de inutilitatea \u00eencerc\u0103rilor lui, intr\u0103 \u00een contact cu un individ misterios, pe nume Randall Blackwell, care \u00eei ofer\u0103 o unealt\u0103 cu care poate conjura demoni.<\/span><\/p>\n<p><span style=\"color: #808080;\">***<\/span><\/p>\n<p><span style=\"color: #808080;\">La jum\u0103tate de metru distan\u021b\u0103 de raftul cu c\u0103r\u021bi am putut deja s\u0103 disting scrisul de pe cotorul c\u0103r\u021bii: \u0218apte Por\u021bi. Ca hipnotizat am sim\u021bit nevoia s\u0103 \u00eentind m\u00e2na c\u0103tre carte.<\/span><\/p>\n<p><span style=\"color: #808080;\">\u201cN-o atinge, prostule!\u201d, a strigat Randall, de parc\u0103 un copil avea de g\u00e2nd s\u0103 \u00ee\u0219i introduc\u0103 m\u00e2na \u00een foc. \u201cR\u0103m\u00e2i acolo \u0219i ascult\u0103-m\u0103! Din momentul \u00een care vei atinge acea carte nu va mai exista cale de \u00eentoarcere. Vei p\u0103\u0219i pe un drum \u00een care spiritul t\u0103u va fi supus la grele \u00eencerc\u0103ri. Vei descoperi o lume care va dep\u0103\u0219i imagina\u021bia min\u021bii, o lume \u00een care vei vedea cum se organizeaz\u0103 c\u0103peteniile \u00eentunericului \u0219i armatele de \u00eengeri. Vei fi prins \u00een acest r\u0103zboi \u0219i, \u00een cazul \u00een care te vei dovedi un r\u0103zboinic abil pe c\u00e2mpul de lupt\u0103 al lumilor paralele, vei avea controlul asupra unor for\u021be de care majoritatea oamenilor sunt speria\u021bi p\u00e2n\u0103 \u00een m\u0103duva oaselor. Ai auzit clar ce am spus?\u201d<\/span><\/p>\n<p><span style=\"color: #808080;\">\u201cDa\u2026\u201d, am zis eu cu un nod \u00een g\u00e2t.<\/span><\/p>\n<p>___________________________________________________________________________________________________________________________________________________________<\/p>\n<h3><strong>Cartea \u201cB\u0103t\u0103lia de la Socola\u201d:<\/strong><\/h3>\n<ul>\n<li>\n<div><b>Cod ISBN:<\/b>\u00a0978-606-9505-71-7<\/div>\n<\/li>\n<li>\n<div><b>Genul:<\/b>\u00a0Comedie<\/div>\n<\/li>\n<li>\n<div><b>Editura:<\/b>\u00a0StoryCraft Publishing<\/div>\n<\/li>\n<li>\n<div><b>Coperta:<\/b>\u00a0bro\u0219at\u0103<\/div>\n<\/li>\n<li>\n<div><strong>Format:<\/strong>\u00a020 * 13 cm<\/div>\n<\/li>\n<li>\n<div><strong>Nr. pagini la interior:<\/strong>\u00a0256<\/div>\n<\/li>\n<\/ul>\n<p><span style=\"color: #808080;\">Un nebun internat la Spitalul Socola se crede \u0218tefan cel Mare \u0219i crede c\u0103 misiunea lui este s\u0103 recucereasc\u0103 Moldova din m\u00e2inile turcilor, \u00eencep\u00e2nd cu spitalul.<\/span><br \/>\n<span style=\"color: #808080;\">Pentru asta va trebui s\u0103 \u00ee\u0219i dezv\u0103luie identitatea \u00een fa\u021ba celorlal\u021bi nebuni \u0219i s\u0103 \u00eei conving\u0103 de faptul c\u0103 ei sunt r\u0103ze\u0219ii lui.<\/span><\/p>\n<p><span style=\"color: #808080;\">Singura problem\u0103 este c\u0103 celebra lui sabie, cea care \u00eei atest\u0103 identitatea, este ag\u0103\u021bat\u0103 pe peretele din spatele directorului Spineanu. Abia dup\u0103 ce va pune m\u00e2na pe ea, va putea s\u0103 lupte \u00eempotriva inamicilor \u00eembr\u0103ca\u021bi \u00een halate albe.<\/span><\/p>\n<p><span style=\"color: #808080;\">***<\/span><\/p>\n<p><span style=\"color: #808080;\">\u201cLua\u021bi-l!\u201d<\/span><br \/>\n<span style=\"color: #808080;\">Gabi se trezi din reverie \u00een\u0219f\u0103cat de un infirmier, \u00een timp ce al doilea \u00eei \u00eenfipse o sering\u0103 \u00een g\u00e2t. Se zb\u0103tu pu\u021bin, apoi picioarele \u00eel l\u0103sar\u0103. Sedativul \u00ee\u0219i f\u0103cuse efectul. \u00cel c\u0103rar\u0103 afar\u0103 ca pe un sac de cartofi.<\/span><br \/>\n<span style=\"color: #808080;\">\u201cE sabia mea\u201d, fu ultimul s\u0103u g\u00e2nd, \u00eenainte ca \u00eentunericul s\u0103-l cuprind\u0103. \u00ce\u0219i reg\u0103sise sabia. Lupta putea s\u0103 \u00eenceap\u0103.<\/span><\/p>\n<p>___________________________________________________________________________________________________________________________________________________________<\/p>\n<h3><strong>Cartea \u201cBastardul\u201d:<\/strong><\/h3>\n<ul>\n<li>\n<div><b>Cod ISBN:<\/b>\u00a0978-606-8655-63-5<\/div>\n<\/li>\n<li>\n<div><b>Categoria:<\/b>\u00a0Beletristic\u0103, Fic\u021biune istoric\u0103<\/div>\n<\/li>\n<li>\n<div><b>Editura:<\/b>\u00a0Stepout Publishing House<\/div>\n<\/li>\n<li>\n<div><b>Colectie:<\/b>\u00a0Ghiozdanul cu c\u0103r\u021bi<\/div>\n<\/li>\n<li>\n<div><b>Coperta:<\/b>\u00a0bro\u0219at\u0103<\/div>\n<\/li>\n<li>\n<div><strong>Format:<\/strong>\u00a020 * 19 cm<\/div>\n<\/li>\n<li>\n<div><strong>Nr. pagini la interior:<\/strong>\u00a0304<\/div>\n<\/li>\n<\/ul>\n<div><span style=\"color: #808080;\"><em>C\u00e2teodat\u0103, c\u00e2nd te afli \u00een mijlocul b\u0103t\u0103liei, mintea \u00ee\u021bi joac\u0103 feste \u0219i iei decizii necugetate. Deja linia noastr\u0103 era format\u0103 din jum\u0103tate de centurie, ca num\u0103r, iar el \u2013 un singur c\u0103l\u0103re\u021b cu calul lui. \u0218i venea direct c\u0103tre noi. C\u0103tre mine! Am l\u0103sat scutul jos.<\/em><\/span><\/div>\n<div><\/div>\n<div><span style=\"color: #808080;\"><em>\u201cSoldaaaat!\u201d, s-a auzit vocea disperat\u0103 a lui Flavius, din spatele meu. \u201cCe faci? Scutul sus! \u021aine linia!\u201d<\/em><\/span><\/div>\n<div><\/div>\n<div><span style=\"color: #808080;\"><em>Atunci m-a recunoscut, pentru c\u0103 i-am sim\u021bit nervii p\u00e2n\u0103 \u00een spatele urechilor. Dac\u0103 ar fi fost l\u00e2ng\u0103 mine, m-ar fi sf\u00e2\u0219iat cu m\u00e2inile goale.<\/em><\/span><\/div>\n<div><\/div>\n<div><span style=\"color: #808080;\"><em>\u201cTiberiuuuuus! Mi\u0219c\u0103-\u021bi curul \u00eenapoi \u0219i \u021bine linia! E<\/em><\/span><\/div>\n<div><span style=\"color: #808080;\"><em>un ordin!\u201d<\/em><\/span><\/div>\n<div><\/div>\n<div><span style=\"color: #808080;\">***<\/span><\/div>\n<div><\/div>\n<div><span style=\"color: #808080;\">Suntem pe teritoriul Celor Trei Dacii, tres Daciae, in anul 270 d.Hr. Imparatul Aurelian, proaspat numit pe tron, decide sa ii urmareasca pe tervingi si pe infamul lor lider, Cannabaudes, dincolo de Dunare.<\/span><\/div>\n<div><\/div>\n<div><span style=\"color: #808080;\">Scopul este sa ii goneasca o data pentru totdeauna din propriul teritoriu, ca sa se poata concentra pe lucrurile cu adevarat importante.<\/span><\/div>\n<div><\/div>\n<div><span style=\"color: #808080;\">Imperiul este pe marginea prapastiei. La nord: Britannia, Gallia si Hispania s-au desprins de Roma si au format Imperiul Galic. La est: Siria, Palestina si Egipt au format si ele Imperiul de la Palmira.<\/span><\/div>\n<div><\/div>\n<div><span style=\"color: #808080;\">Trei imperii, trei imparati. Ce se intampla in Dacia va duce la renasterea Romei sau la disparitia ei.<\/span><\/div>\n<div>\n<p>___________________________________________________________________________________________________________________________________________________________<\/p>\n<h3><strong>Cartea \u201cRevolta Akienilor\u201d:<\/strong><\/h3>\n<ul>\n<li>\n<div><b>Cod ISBN:<\/b>\u00a0978-606-8655-55-0<\/div>\n<\/li>\n<li>\n<div><b>Genul:<\/b>\u00a0Aventur\u0103, Fantasy, Young Adults<\/div>\n<\/li>\n<li>\n<div><b>Editura:<\/b>\u00a0Stepout Publishing House<\/div>\n<\/li>\n<li>\n<div><b>Colectie:<\/b>\u00a0Ghiozdanul cu c\u0103r\u021bi<\/div>\n<\/li>\n<li>\n<div><b>Coperta:<\/b>\u00a0bro\u0219at\u0103<\/div>\n<\/li>\n<li>\n<div><strong>Format:<\/strong>\u00a020 * 13 cm<\/div>\n<\/li>\n<li>\n<div><strong>Nr. pagini la interior:<\/strong>\u00a0176<\/div>\n<\/li>\n<\/ul>\n<p><span style=\"color: #808080;\">\u201cCartea e o surpriza uriasa pentru cititorii lui Daniel Zarnescu.\u00a0Revolta akienilor te ia de mana si te trece prin momente speciale din viata unui copil, care conduce o armata puternica de ganduri. Micutul general si stapan al akienilor isi planifica pas cu pas miscarile trupelor sale.<\/span><\/p>\n<p><span style=\"color: #808080;\">Intriga, umorul, suspansul si toate actiunile sunt detaliate cu lux de amanunte, astfel incat ai impresia ca te uiti la un film dar nu din fotoliu sau de pe un scaun de la cinema, ci din mijlocul actiunii.\u00a0Momentele care alterneaza spectaculos, de la ras la plans, de la furie la calm, de la revolta la capitulare, te fac sa nu lasi cartea din mana pana nu o termini de citit.<\/span><\/p>\n<p><span style=\"color: #808080;\">O \u201ccarte-film\u201d care te tine cu sufletul la gura de la inceput pana la final.\u201d<\/span><\/p>\n<p>___________________________________________________________________________________________________________________________________________________________<\/p>\n<h3><strong>Cartea \u201cInutilii\u201d<\/strong><\/h3>\n<ul>\n<li style=\"list-style-type: none;\">\n<ul>\n<li>\n<div><b>Cod ISBN:<\/b>\u00a0978-606-9505-72-4<\/div>\n<\/li>\n<li>\n<div><b>Genul:<\/b>\u00a0Distopie<\/div>\n<\/li>\n<li>\n<div><b>Editura:<\/b>\u00a0StoryCraft Publishing<\/div>\n<\/li>\n<li>\n<div><b>Coperta:<\/b>\u00a0bro\u0219at\u0103<\/div>\n<\/li>\n<li>\n<div><strong>Format:<\/strong>\u00a020 * 13 cm<\/div>\n<\/li>\n<li>\n<div><strong>Nr. pagini la interior:<\/strong>\u00a0320<\/div>\n<\/li>\n<\/ul>\n<\/li>\n<\/ul>\n<p><span style=\"color: #808080;\">Inutilii, cartea de debut a Corneliei Voiculescu, este o distopie terifiant\u0103, prin implica\u021biile morale pe care le propune. \u00centr-o societate postapocaliptic\u0103 de dup\u0103 Al III-lea R\u0103zboi Mondial, care a distrus mare parte din planet\u0103, resursele sunt extrem de limitate. Din cauza asta, cei considera\u021bi \u201cinutili\u201d (b\u0103tr\u00e2nii de peste 70 de ani, persoanele cu handicap sau cu boli terminale) sunt sacrifica\u021bi de c\u0103tre adolescen\u021bi, \u00eentr-un \u201cRitual de Primenire\u201d prin care ace\u0219tia \u00ee\u0219i ob\u021bin statutul de adul\u021bi.<\/span><\/p>\n<p><span style=\"color: #808080;\">Bjorn Anderson, care abia a \u00eemplinit 16 ani, se afl\u0103 \u00een fa\u021ba celei mai grele \u00eencerc\u0103ri din via\u021ba lui: va trebui s\u0103 \u00ee\u0219i sacrifice bunicul, fa\u021b\u0103 de care are o leg\u0103tur\u0103 emo\u021bional\u0103 puternic\u0103, sub pretextul acestui ritual.<\/span><\/p>\n<p>___________________________________________________________________________________________________________________________________________________________<\/p>\n<h3><strong>Cartea \u201cPre\u021bul S\u00e2ngelui\u201d<\/strong><\/h3>\n<ul>\n<li>\n<div><b>Cod ISBN:<\/b>\u00a0978-606-9505-73-1<\/div>\n<\/li>\n<li>\n<div><b>Genul:<\/b>\u00a0Poli\u021bist<\/div>\n<\/li>\n<li>\n<div><b>Editura:<\/b>\u00a0StoryCraft Publishing<\/div>\n<\/li>\n<li>\n<div><b>Coperta:<\/b>\u00a0bro\u0219at\u0103<\/div>\n<\/li>\n<li>\n<div><strong>Format:<\/strong>\u00a020 * 13 cm<\/div>\n<\/li>\n<li>\n<div><strong>Nr. pagini la interior:<\/strong>\u00a0304<\/div>\n<\/li>\n<\/ul>\n<p><span style=\"color: #808080;\">Jack Wyler este un detectiv particular c\u0103zut \u00een patima b\u0103uturii, care nu a mai luat un caz de peste \u0219ase luni. C\u00e2nd afl\u0103 c\u0103 feti\u021ba lui nu mai are de tr\u0103it dec\u00e2t c\u00e2teva s\u0103pt\u0103m\u00e2ni f\u0103r\u0103 o opera\u021bie costisitoare, totul devine o curs\u0103 contra cronometru pentru a rezolva un caz de crim\u0103 care s\u0103-i aduc\u0103 banii pentru plata opera\u021biei.<\/span><\/p>\n<p>___________________________________________________________________________________________________________________________________________________________<\/p>\n<h3><strong>Cartea \u201cIntersec\u021bii\u201d<\/strong><\/h3>\n<ul>\n<li><b>Genul:<\/b> Fic\u021biune Realist\u0103, Psihologic<\/li>\n<li><b>Cod ISBN:<\/b> 978-606-95057-4-8<\/li>\n<li><b>Editura:<\/b> StoryCraft Publishing<\/li>\n<li>\n<div><b>Colec\u021bie:<\/b> Premium<\/div>\n<\/li>\n<li>\n<div><b>Coperta:<\/b>\u00a0bro\u0219at\u0103<\/div>\n<\/li>\n<li>\n<div><strong>Format:<\/strong> 20 * 13 cm<\/div>\n<\/li>\n<li>\n<div><strong>Nr. pagini la interior:<\/strong> 240<\/div>\n<\/li>\n<\/ul>\n<p><span style=\"color: #808080;\">Bucure\u0219ti, 2018. Adrian Ploie\u0219teanu este un antreprenor multimilionar, care \u0219i-a f\u0103cut averea \u00een Rom\u00e2nia postdecembrist\u0103, dar care se lupt\u0103 pentru supravie\u021buirea afacerilor lui \u0219i a ima- ginii construite \u00een zeci de ani de capitalism mioritic. Manipulator, bun psiholog, impulsiv, foarte bun \u00een negociere, este dispus s\u0103 fac\u0103 orice ca s\u0103 r\u0103m\u00e2n\u0103 \u00een v\u00e2rful lan\u021bului trofic. \u00centr-o zi, \u00eentr-un alt col\u021b al \u021b\u0103rii, un str\u0103in misterios, aparent nebun, vagabond \u0219i cer\u0219etor, \u00ee\u0219i face apari\u021bia \u00eentr-un or\u0103\u0219el de provincie, cu un secret teribil pe care \u00eel poart\u0103 cu el. Dou\u0103 destine, aparent f\u0103r\u0103 nicio legatur\u0103 \u00eentre ele, se \u00eentretaie \u00eentr-o poveste vie, care pulseaz\u0103 a realism, cu fiecare pagin\u0103 pe care o cite\u0219ti.<\/span><\/p>\n<p><span style=\"color: #808080;\">***<\/span><\/p>\n<p><span style=\"color: #808080;\">\u201cRomanul are o propulsie cinematic\u0103 ce-\u021bi captiveaz\u0103 aten\u021bia \u00eenc\u0103 de la \u00eenceput. Cartea are un decor autentic \u0219i personaje perfect verosimile, care dau fr\u00e2u liber unei intensit\u0103\u021bi care \u00ee\u021bi testeaz\u0103 limitele.\u201d<\/span><\/p>\n<p><span style=\"color: #808080;\">\u2013 Radu Octavian, scriitor<\/span><\/p>\n<p><span style=\"color: #808080;\">\u201cNu po\u021bi tr\u0103i construind pe nisip. La un moment dat jocul de a-\u021bi crea \u0219i men\u021bine o imagine te prinde \u00een capcan\u0103, e ca drogul, nu mai po\u021bi sc\u0103pa de el nici dac\u0103 vrei. Cartea descrie foarte exact boga\u021bia de carton \u0219i realitatea care \u00ee\u0219i face loc, atunci c\u00e2nd iluzia de putere dispare.\u201d<\/span><\/p>\n<p><span style=\"color: #808080;\">\u2013 Florin P\u0103sat, antreprenor<\/span><\/p>\n<p>___________________________________________________________________________________________________________________________________________________________<\/p>\n<h3><strong>Cartea \u201cAtingeri de Vanilie\u201d<\/strong><\/h3>\n<ul>\n<li><strong>Genul:<\/strong>\u00a0Romance, Erotic<\/li>\n<li><strong>Editura:<\/strong>\u00a0StoryCraft Publishing<\/li>\n<li><strong>Cod ISBN:<\/strong>\u00a0978-606-95057-5-5<\/li>\n<li><strong>Format:<\/strong>\u00a020 * 13 cm<\/li>\n<li><strong>Coperta:<\/strong>\u00a0bro\u0219at\u0103<\/li>\n<li><strong>Nr. pagini la interior:<\/strong>\u00a0432<\/li>\n<\/ul>\n<p><span style=\"color: #808080;\">Chinuit\u0103 de un trecut traumatizant \u0219i o rela\u021bie toxic\u0103 cu mama ei, rebela \u0219i ireverentioasa Ela \u0219i-a g\u0103sit lini\u0219tea \u0219i stabilitatea \u00eentr-un job \u201ec\u0103ldu\u021b\u201d de corporatist\u0103. Noul CEO, Max, stric\u0103 totul c\u00e2nd schimb\u0103 regulile \u0219i o aduce s\u0103 lucreze aproape de el.<\/span><\/p>\n<p><span style=\"color: #808080;\">Pornind de la un joc de atrac\u021bie aparent nevinovat, cei doi se trezesc prin\u0219i \u00eentr-o poveste de iubire visceral\u0103, pasional\u0103 \u0219i epuizant\u0103, \u00een care fiecare reprezint\u0103 pentru cel\u0103lalt eliberarea de propriul trecut \u0219i de traume.<\/span><\/p>\n<p><span style=\"color: #808080;\">Sco\u021b\u00e2nd la iveal\u0103 frica de prejudec\u0103\u021bi \u0219i nevoia dureroas\u0103 de a fi iubi\u021bi,\u00a0<em>Atingeri de vanilie<\/em>, spune povestea a doi \u00eendr\u0103gosti\u021bi care nu au dreptul la fericire \u00eempreun\u0103 \u0219i ne las\u0103 cu o \u00eentrebare: \u201eC\u00e2te bariere poate sparge un simplu sentiment?<\/span><\/p>\n<p>___________________________________________________________________________________________________________________________________________________________<\/p>\n<h3><strong>Cartea \u201cLiceul 13\u201d<\/strong><\/h3>\n<ul>\n<li><strong>Genul:<\/strong>\u00a0Horror, Paranormal<\/li>\n<li><strong>Editura:<\/strong>\u00a0StoryCraft Publishing<\/li>\n<li><strong>Cod ISBN:<\/strong>\u00a0978-606-95057-6-2<\/li>\n<li><strong>Format:<\/strong> 19,5 * 12,5 cm<\/li>\n<li><strong>Coperta:<\/strong>\u00a0bro\u0219at\u0103<\/li>\n<li><strong>Nr. pagini la interior:<\/strong>\u00a0324<\/li>\n<\/ul>\n<p><span style=\"color: #808080;\">\u00centr-o noapte de iarn\u0103, Maria Stanciu, elev\u0103 \u00een clasa a XII-a A a Colegiului Na\u021bional \u201cScarlat Demetrescu\u201d, se sinucide arunc\u00e2ndu-se \u00een fa\u021ba unui tren.<\/span><\/p>\n<p><span style=\"color: #808080;\">Vlad Dinu, colegul de clasa al Mariei, ajunge \u00een posesia jurnalului fetei \u0219i dezvolt\u0103 o curiozitate puternic\u0103 fa\u021b\u0103 de motivul din spatele gestului ei. \u00cen cur\u00e2nd, \u00eens\u0103, un lan\u021b de mor\u021bi \u00eenfior\u0103toare, aparent accidentale, \u00eei vizeaz\u0103, unul c\u00e2te unul, pe fo\u0219tii ei colegi.<\/span><\/p>\n<p><span style=\"color: #808080;\">Vlad ajunge s\u0103 fie prins \u00eentr-un joc periculos, \u00een care trebuie s\u0103 afle cine este criminalul, \u00eenainte ca acesta s\u0103 ajung\u0103 la el \u0219i la restul colegilor lui. \u00cens\u0103 \u0219ocul absolut \u00eel are \u00een momentul \u00een care observ\u0103 c\u0103 toate indiciile duc spre\u2026 Maria Stanciu.<\/span><\/p>\n<p>___________________________________________________________________________________________________________________________________________________________<\/p>\n<h3><strong>Cartea \u201cAsasinul Siberian\u201d<\/strong><\/h3>\n<ul>\n<li><strong>Genul:<\/strong>\u00a0Poli\u021bist<\/li>\n<li><strong>Editura:<\/strong>\u00a0StoryCraft Publishing<\/li>\n<li><strong>Cod ISBN:<\/strong>\u00a0<small>978-606-95057-8-6<\/small><\/li>\n<li><strong>Format:<\/strong>\u00a019,5 * 12,5 cm<\/li>\n<li><strong>Coperta:<\/strong>\u00a0bro\u0219at\u0103<\/li>\n<li><strong>Nr. pagini la interior:<\/strong> 320<\/li>\n<\/ul>\n<div class=\"et_pb_module et_pb_text et_pb_text_56 et_pb_text_align_left et_pb_bg_layout_light\">\n<div class=\"et_pb_text_inner\">\n<div class=\"et_pb_text_inner\">\n<p><span style=\"color: #808080;\">Jack Wyler, un detectiv particular din ora\u0219ul Jacksonville a fost martor c\u00e2nd so\u021bia sa a fost \u00eempu\u0219cat\u0103 de un asasin periculos \u0219i de atunci a decis c\u0103 se va r\u0103zbuna.<\/span><\/p>\n<\/div>\n<\/div>\n<\/div>\n<div class=\"et_pb_module et_pb_text et_pb_text_58 et_pb_text_align_left et_pb_bg_layout_light\">\n<div class=\"et_pb_text_inner\">\n<p><span style=\"color: #808080;\">C\u00e2nd destinul \u00eei aduce din nou \u00een acela\u0219i loc, lupta devine inevitabil\u0103. Un aliat nea\u0219teptat \u0219i un prieten vechi sunt singurii care il pot ajuta.<\/span><\/p>\n<p><span style=\"color: #808080;\">Va fi oare suficient pentru a izb\u00e2ndi \u00een confruntarea cu cel al c\u0103rui renume umple de groaz\u0103 chiar \u0219i propria breasl\u0103? Va reu\u0219i Jack s\u0103 fac\u0103 alegerile corecte, care s\u0103-i aduc\u0103 lini\u0219tea sau va triumfa din nou r\u0103ul?<\/span><\/p>\n<\/div>\n<p>___________________________________________________________________________________________________________________________________________________________<\/p>\n<h3><strong>Cartea \u201cCompozi\u021bie pentru Lorena\u201d<\/strong><\/h3>\n<ul>\n<li><strong>Genul:<\/strong> Comedie, Romantic<\/li>\n<li><strong>Editura:<\/strong>\u00a0StoryCraft Publishing<\/li>\n<li><strong>Cod ISBN:<\/strong>\u00a0<small>978-606-95057-7-9<\/small><\/li>\n<li><strong>Format:<\/strong>\u00a019,5 * 12,5 cm<\/li>\n<li><strong>Coperta:<\/strong>\u00a0bro\u0219at\u0103<\/li>\n<li><strong>Nr. pagini la interior:<\/strong> 370<\/li>\n<\/ul>\n<p><span style=\"color: #808080;\">Lorena \u0219i-a ales singur\u0103 destinul. Cu o facultate terminat\u0103 \u0219i un masterat luat cu nota 10, credea c\u0103 o a\u0219teapt\u0103 o carier\u0103 \u00eenfloritoare. Afl\u0103 \u00eens\u0103 rapid c\u0103, pentru a ob\u021bine un job potrivit, e necesar s\u0103-\u0219i uzeze mai pu\u021bin creierul, \u0219i mai mult genunchii, \u0219i trage concluzia c\u0103 cea mai bun\u0103 strategie profesional\u0103 este s\u0103 ofere oamenilor ce vor. A\u0219a c\u0103 devine prostituat\u0103 pe centur\u0103, sub patronajul \u0219i protec\u021bia comisarului Jean Chirtoac\u0103.<\/span><\/p>\n<\/div>\n<div><\/div>\n<\/div>\n<div><span style=\"color: #808080;\">Via\u021ba \u0219i rutina ei zilnic\u0103 se schimb\u0103 c\u00e2nd \u00eel \u00eent\u00e2lne\u0219te pe Relu, un t\u00e2n\u0103r student la conservator, la \u201earma\u201d violoncel. Lungan, timid \u0219i ve\u0219nic ciufulit, Relu pare a fi ie\u0219irea ei c\u0103tre o alt\u0103 lume, departe de mizeria centurii. \u00cens\u0103, speriat de posibilitatea de a o pierde pe frumoasa Lorena, comisarul Chirtoac\u0103 se transform\u0103 rapid din protector \u00een satrap. Ceea ce Lorena credea c\u0103 va fi o trecere fireasc\u0103 la urm\u0103toarea etap\u0103 a vie\u021bii ei se dovede\u0219te a fi o lupt\u0103 cr\u00e2ncen\u0103 pentru libertate.<\/span><\/div>\n","protected":false},"excerpt":{"rendered":"<h3><strong>Pachetul \u201cStorycraft\u201d contine:<\/strong><\/h3>\n<ol>\n<li>Cartea \u201c\u0218apte Por\u021bi\u201d de Radu Octavian<\/li>\n<li>Cartea \u201cB\u0103t\u0103lia de la Socola\u201d de C\u0103t\u0103lin Ioni\u021b\u0103<\/li>\n<li>Cartea &#8220;Bastardul&#8221; de Daniel Z\u0103rnescu<\/li>\n<li>Cartea &#8220;Revolta Akienilor&#8221; de Daniel Z\u0103rnescu<\/li>\n<li>Cartea \u201cInutilii\u201d de Cornelia Voiculescu<\/li>\n<li>Cartea \u201cPre\u021bul S\u00e2ngelui\u201d de C\u0103t\u0103lin Ioni\u021b\u0103<\/li>\n<li>Cartea &#8220;Intersec\u021bii&#8221; de Daniel Z\u0103rnescu<\/li>\n<li>Cartea &#8220;Atingeri de Vanilie&#8221; de Daniela Dumitru<\/li>\n<li>Cartea &#8220;Liceul 13&#8221; de Radu Octavian<\/li>\n<li>Cartea &#8220;Asasinul Siberian&#8221; de C\u0103t\u0103lin Ioni\u021b\u0103<\/li>\n<li>Cartea &#8220;Compozi\u021bie pentru Lorena&#8221; de O\u2019Neil Herego<\/li>\n<\/ol>\n","protected":false},"featured_media":12598,"template":"","meta":{"_acf_changed":false},"product_brand":[],"product_cat":[261],"product_tag":[311],"class_list":{"0":"post-9037","1":"product","2":"type-product","3":"status-publish","4":"has-post-thumbnail","6":"product_cat-pachete","7":"product_tag-pachete","8":"pa_autori-catalin-ionita","9":"pa_autori-cornelia-voiculescu","10":"pa_autori-daniel-zarnescu","11":"pa_autori-daniela-dumitru","12":"pa_autori-oneil-herego","13":"pa_autori-radu-octavian","15":"first","16":"outofstock","17":"sale","18":"taxable","19":"shipping-taxable","20":"purchasable","21":"product-type-simple"},"acf":[],"aioseo_notices":[],"_links":{"self":[{"href":"https:\/\/www.storycraft.ro\/shop\/wp-json\/wp\/v2\/product\/9037","targetHints":{"allow":["GET"]}}],"collection":[{"href":"https:\/\/www.storycraft.ro\/shop\/wp-json\/wp\/v2\/product"}],"about":[{"href":"https:\/\/www.storycraft.ro\/shop\/wp-json\/wp\/v2\/types\/product"}],"wp:featuredmedia":[{"embeddable":true,"href":"https:\/\/www.storycraft.ro\/shop\/wp-json\/wp\/v2\/media\/12598"}],"wp:attachment":[{"href":"https:\/\/www.storycraft.ro\/shop\/wp-json\/wp\/v2\/media?parent=9037"}],"wp:term":[{"taxonomy":"product_brand","embeddable":true,"href":"https:\/\/www.storycraft.ro\/shop\/wp-json\/wp\/v2\/product_brand?post=9037"},{"taxonomy":"product_cat","embeddable":true,"href":"https:\/\/www.storycraft.ro\/shop\/wp-json\/wp\/v2\/product_cat?post=9037"},{"taxonomy":"product_tag","embeddable":true,"href":"https:\/\/www.storycraft.ro\/shop\/wp-json\/wp\/v2\/product_tag?post=9037"}],"curies":[{"name":"wp","href":"https:\/\/api.w.org\/{rel}","templated":true}]}}