{"id":9856,"date":"2021-04-27T13:58:04","date_gmt":"2021-04-27T10:58:04","guid":{"rendered":"https:\/\/www.storycraft.ro\/shop\/?post_type=product&#038;p=9856"},"modified":"2026-02-07T09:19:38","modified_gmt":"2026-02-07T07:19:38","slug":"pretul-sangelui","status":"publish","type":"product","link":"https:\/\/www.storycraft.ro\/shop\/pretul-sangelui\/","title":{"rendered":"Pre\u021bul S\u00e2ngelui"},"content":{"rendered":"<p><span style=\"color: #000000;\"><strong>Jack Wyler este un detectiv particular c\u0103zut \u00een patima b\u0103uturii<\/strong>, care nu a mai luat un caz de peste \u0219ase luni. C\u00e2nd afl\u0103 c\u0103 feti\u021ba lui nu mai are de tr\u0103it dec\u00e2t c\u00e2teva s\u0103pt\u0103m\u00e2ni f\u0103r\u0103 o opera\u021bie costisitoare, totul devine o curs\u0103 contra cronometru pentru a rezolva un caz de crim\u0103 care s\u0103-i aduc\u0103 banii pentru plata opera\u021biei.<\/span><\/p>\n","protected":false},"excerpt":{"rendered":"<p>Pre\u021bul S\u00e2ngelui: <span style=\"color: #000000;\"><strong>Jack Wyler este un detectiv particular c\u0103zut \u00een patima b\u0103uturii&#8230;<\/strong><\/span><\/p>\n<p>&nbsp;<\/p>\n<p>&nbsp;<\/p>\n<p>&nbsp;<\/p>\n<p>&nbsp;<\/p>\n","protected":false},"featured_media":27220,"template":"","meta":{"_acf_changed":false},"product_brand":[],"product_cat":[351,279],"product_tag":[312],"class_list":{"0":"post-9856","1":"product","2":"type-product","3":"status-publish","4":"has-post-thumbnail","6":"product_cat-bestsellere","7":"product_cat-politist","8":"product_tag-produse-individuale","9":"pa_autori-catalin-ionita","11":"first","12":"instock","13":"sale","14":"taxable","15":"shipping-taxable","16":"purchasable","17":"product-type-simple"},"acf":[],"aioseo_notices":[],"_links":{"self":[{"href":"https:\/\/www.storycraft.ro\/shop\/wp-json\/wp\/v2\/product\/9856","targetHints":{"allow":["GET"]}}],"collection":[{"href":"https:\/\/www.storycraft.ro\/shop\/wp-json\/wp\/v2\/product"}],"about":[{"href":"https:\/\/www.storycraft.ro\/shop\/wp-json\/wp\/v2\/types\/product"}],"wp:featuredmedia":[{"embeddable":true,"href":"https:\/\/www.storycraft.ro\/shop\/wp-json\/wp\/v2\/media\/27220"}],"wp:attachment":[{"href":"https:\/\/www.storycraft.ro\/shop\/wp-json\/wp\/v2\/media?parent=9856"}],"wp:term":[{"taxonomy":"product_brand","embeddable":true,"href":"https:\/\/www.storycraft.ro\/shop\/wp-json\/wp\/v2\/product_brand?post=9856"},{"taxonomy":"product_cat","embeddable":true,"href":"https:\/\/www.storycraft.ro\/shop\/wp-json\/wp\/v2\/product_cat?post=9856"},{"taxonomy":"product_tag","embeddable":true,"href":"https:\/\/www.storycraft.ro\/shop\/wp-json\/wp\/v2\/product_tag?post=9856"}],"curies":[{"name":"wp","href":"https:\/\/api.w.org\/{rel}","templated":true}]}}